{"id":21577,"date":"2015-06-26T13:59:42","date_gmt":"2015-06-26T11:59:42","guid":{"rendered":"http:\/\/www.icac.cat\/es\/investigacion\/investigacion-del-icac\/lineas-de-investigacion\/arqueologia-del-paisatge-poblament-i-territori\/"},"modified":"2017-02-24T10:23:27","modified_gmt":"2017-02-24T09:23:27","slug":"arqueologia-del-paisaje-poblamiento-y-territorio","status":"publish","type":"page","link":"https:\/\/icac.cat\/es\/lineas-de-investigacion\/arqueologia-del-paisaje-poblamiento-y-territorio\/","title":{"rendered":"Arqueolog\u00eda del paisaje, poblamiento y territorio"},"content":{"rendered":"<p>La arqueolog\u00eda del paisaje es la disciplina que se ocupa de la interpretaci\u00f3n y el conocimiento de los espacios culturizados y del registro arqueol\u00f3gico que los caracteriza. Desde esta perspectiva, los paisajes constituyen expresiones culturales, territorios culturizados, vividos y conceptualizados, producto de las actividades humanas a lo largo del tiempo y, por tanto, son la expresi\u00f3n de las sociedades y de los procesos hist\u00f3ricos que los han configurado.<\/p>\n<p>Los objetivos de la l\u00ednea de investigaci\u00f3n van m\u00e1s all\u00e1 de una arqueolog\u00eda de los asentamientos o del estudio espacial del asentamiento, ya que interesa estudiar los paisajes culturales en todas sus dimensiones: medioambiental y social o humana. La dimensi\u00f3n social y humana del paisaje comprende, adem\u00e1s, varias esferas: los asentamientos y la din\u00e1mica del poblamiento, los espacios agrarios y su estructuraci\u00f3n, y la conceptualizaci\u00f3n de los espacios como entornos simb\u00f3licos. Dos hilos conductores con fuertes implicaciones metodol\u00f3gicas definen hoy la arqueolog\u00eda del paisaje:<\/p>\n<ul>\n<li>La problem\u00e1tica de la dial\u00e9ctica medio natural &#8211; medio humano, es decir, la matriz medioambiental de la acci\u00f3n humana y la incidencia de la acci\u00f3n antr\u00f3pica en la evoluci\u00f3n de los paisajes. Esta variable hace necesaria una organizaci\u00f3n interdisciplinaria de la investigaci\u00f3n.<\/li>\n<li>El car\u00e1cter diacr\u00f3nico del paisaje, como realidad din\u00e1mica en transformaci\u00f3n, un factor que condiciona un planteamiento diacr\u00f3nico, de largo plazo, de la investigaci\u00f3n.<\/li>\n<\/ul>\n<p>En este sentido, existe un consenso sobre el m\u00e9todo de an\u00e1lisis a seguir, que debe ser sist\u00e9mico e integral. Es decir, la investigaci\u00f3n en arqueolog\u00eda del paisaje debe ser pluridisciplinar y diacr\u00f3nica, de modo que en los programas y proyectos de investigaci\u00f3n pueden intervenir especialistas de todas las disciplinas interesadas en el espacio rural.<\/p>\n<p>En las \u00faltimas d\u00e9cadas, la arqueolog\u00eda del paisaje ha tenido una aplicaci\u00f3n muy remarcable en el \u00e1mbito de la arqueolog\u00eda cl\u00e1sica, en el estudio de los territorios de las ciudades antiguas. Hasta entonces, el discurso hist\u00f3rico se fundamentaba en las fuentes escritas y epigr\u00e1ficas. Actualmente, con el desarrollo de los nuevos m\u00e9todos y t\u00e9cnicas, con la aplicaci\u00f3n de la fotograf\u00eda a\u00e9rea, de los nuevos productos cartogr\u00e1ficos, de las prospecciones arqueol\u00f3gicas y los estudios paleoambientales, las ciencias de la antig\u00fcedad se han abierto plenamente a esta nueva disciplina.<\/p>\n","protected":false},"excerpt":{"rendered":"<p>La arqueolog\u00eda del paisaje es la disciplina que se ocupa de la interpretaci\u00f3n y el conocimiento de los espacios culturizados y del registro arqueol\u00f3gico que los caracteriza. Desde esta perspectiva, los paisajes constituyen expresiones culturales, territorios culturizados, vividos y conceptualizados, producto de las actividades humanas a lo largo del tiempo y, por tanto, son la [&hellip;]<\/p>\n","protected":false},"author":1,"featured_media":0,"parent":21563,"menu_order":2,"comment_status":"closed","ping_status":"closed","template":"template-presen-linies.php","meta":{"_genesis_hide_title":false,"_genesis_hide_breadcrumbs":false,"_genesis_hide_singular_image":false,"_genesis_hide_footer_widgets":false,"_genesis_custom_body_class":"","_genesis_custom_post_class":"","_genesis_layout":""},"_links":{"self":[{"href":"https:\/\/icac.cat\/es\/wp-json\/wp\/v2\/pages\/21577"}],"collection":[{"href":"https:\/\/icac.cat\/es\/wp-json\/wp\/v2\/pages"}],"about":[{"href":"https:\/\/icac.cat\/es\/wp-json\/wp\/v2\/types\/page"}],"author":[{"embeddable":true,"href":"https:\/\/icac.cat\/es\/wp-json\/wp\/v2\/users\/1"}],"replies":[{"embeddable":true,"href":"https:\/\/icac.cat\/es\/wp-json\/wp\/v2\/comments?post=21577"}],"version-history":[{"count":4,"href":"https:\/\/icac.cat\/es\/wp-json\/wp\/v2\/pages\/21577\/revisions"}],"predecessor-version":[{"id":25453,"href":"https:\/\/icac.cat\/es\/wp-json\/wp\/v2\/pages\/21577\/revisions\/25453"}],"up":[{"embeddable":true,"href":"https:\/\/icac.cat\/es\/wp-json\/wp\/v2\/pages\/21563"}],"wp:attachment":[{"href":"https:\/\/icac.cat\/es\/wp-json\/wp\/v2\/media?parent=21577"}],"curies":[{"name":"wp","href":"https:\/\/api.w.org\/{rel}","templated":true}]}}