{"id":21580,"date":"2015-06-26T11:22:48","date_gmt":"2015-06-26T09:22:48","guid":{"rendered":"http:\/\/www.icac.cat\/es\/investigacion\/investigacion-del-icac\/lineas-de-investigacion\/arqueologia-de-la-ciutat-antiga\/"},"modified":"2017-02-21T13:21:23","modified_gmt":"2017-02-21T12:21:23","slug":"arqueologia-de-la-ciudad-antigua","status":"publish","type":"page","link":"https:\/\/icac.cat\/es\/lineas-de-investigacion\/arqueologia-de-la-ciudad-antigua\/","title":{"rendered":"Arqueolog\u00eda de la ciudad antigua"},"content":{"rendered":"<p>L\u2019estudi de la ciutat antiga esdev\u00e9 l\u2019eix vertebrador que articula la recerca sobre la societat cl\u00e0ssica. La ciutat fou l\u2019epicentre pol\u00edtic , social i econ\u00f2mic de l\u2019Imperi, i cadascuna de les urbes esdevingueren un petit reflex de Roma en el seu territori d\u2019influ\u00e8ncia.<\/p>\n<p>La ciutat \u00e9s complexitat i diversitat alhora. La seva an\u00e0lisi ens mostra l\u2019evoluci\u00f3 i adaptaci\u00f3 de les comunitats humanes al seu entorn i les seves circumst\u00e0ncies. La ciutat esdev\u00e9 el registre de la nostra hist\u00f2ria mediterr\u00e0nia i \u00e9s l\u2019agent que interactua amb les altres comunitats que integren un sentiment de pertinen\u00e7a global.<\/p>\n<p>La recerca cient\u00edfica que s\u2019hi desenvolupa posa de manifest la diversitat de continguts i materials que aporten cadascuna d\u2019elles en les seves \u00e0rees espec\u00edfiques. L\u2019urbanisme o l\u2019arquitectura privada o p\u00fablica \u2013sigui de lleure, culte o de representaci\u00f3 pol\u00edtica\u2013 s\u00f3n els components m\u00e9s visibles d\u2019aquesta recerca, darrere de la qual subjau l\u2019expressi\u00f3 i la jerarquitzaci\u00f3 del poder establert. En aquest marc s\u2019inclou l\u2019art antic, l\u2019epigrafia, l\u2019arquitectura funer\u00e0ria, etc. I darrere de tot aix\u00f2, la ciutat com a exponent del desenvolupament tecnol\u00f2gic en el camp de l\u2019arquitectura o en el tra\u00e7ats dels equipaments urbans indispensables per una comunitat humana nombrosa i saludable.<\/p>\n<p>Tarraco esdev\u00e9 el principal exemple d\u2019aquesta realitat material i investigadora. Per\u00f2 tamb\u00e9 coneixem altres dimensions de ciutat romana com Guissona, Ll\u00edvia, Tortosa, Terrassa, etc. Els seus estudis espec\u00edfics, aix\u00ed com la interacci\u00f3 sobre el territori, reflecteixen la diversitat dels patrons d\u2019intervenci\u00f3 i gesti\u00f3 en una terra diversa.<\/p>\n","protected":false},"excerpt":{"rendered":"<p>L\u2019estudi de la ciutat antiga esdev\u00e9 l\u2019eix vertebrador que articula la recerca sobre la societat cl\u00e0ssica. La ciutat fou l\u2019epicentre pol\u00edtic , social i econ\u00f2mic de l\u2019Imperi, i cadascuna de les urbes esdevingueren un petit reflex de Roma en el seu territori d\u2019influ\u00e8ncia. La ciutat \u00e9s complexitat i diversitat alhora. La seva an\u00e0lisi ens mostra [&hellip;]<\/p>\n","protected":false},"author":1,"featured_media":0,"parent":21563,"menu_order":1,"comment_status":"closed","ping_status":"closed","template":"template-presen-linies.php","meta":{"_genesis_hide_title":false,"_genesis_hide_breadcrumbs":false,"_genesis_hide_singular_image":false,"_genesis_hide_footer_widgets":false,"_genesis_custom_body_class":"","_genesis_custom_post_class":"","_genesis_layout":""},"_links":{"self":[{"href":"https:\/\/icac.cat\/es\/wp-json\/wp\/v2\/pages\/21580"}],"collection":[{"href":"https:\/\/icac.cat\/es\/wp-json\/wp\/v2\/pages"}],"about":[{"href":"https:\/\/icac.cat\/es\/wp-json\/wp\/v2\/types\/page"}],"author":[{"embeddable":true,"href":"https:\/\/icac.cat\/es\/wp-json\/wp\/v2\/users\/1"}],"replies":[{"embeddable":true,"href":"https:\/\/icac.cat\/es\/wp-json\/wp\/v2\/comments?post=21580"}],"version-history":[{"count":5,"href":"https:\/\/icac.cat\/es\/wp-json\/wp\/v2\/pages\/21580\/revisions"}],"predecessor-version":[{"id":25347,"href":"https:\/\/icac.cat\/es\/wp-json\/wp\/v2\/pages\/21580\/revisions\/25347"}],"up":[{"embeddable":true,"href":"https:\/\/icac.cat\/es\/wp-json\/wp\/v2\/pages\/21563"}],"wp:attachment":[{"href":"https:\/\/icac.cat\/es\/wp-json\/wp\/v2\/media?parent=21580"}],"curies":[{"name":"wp","href":"https:\/\/api.w.org\/{rel}","templated":true}]}}