{"id":21583,"date":"2015-06-26T15:01:35","date_gmt":"2015-06-26T13:01:35","guid":{"rendered":"http:\/\/www.icac.cat\/es\/investigacion\/investigacion-del-icac\/programas-especificos\/antiguitat-tardana\/"},"modified":"2017-02-28T13:50:35","modified_gmt":"2017-02-28T12:50:35","slug":"antiguedad-tardia","status":"publish","type":"page","link":"https:\/\/icac.cat\/es\/programas-especificos\/antiguedad-tardia\/","title":{"rendered":"Antig\u00fcedad tard\u00eda"},"content":{"rendered":"<p>El desarrollo de este campo de investigaci\u00f3n es fundamental para la comprensi\u00f3n de los procesos de transformaci\u00f3n del periodo final del clasicismo y que llevaron a la configuraci\u00f3n de la Europa medieval, embri\u00f3n de nuestra contemporaneidad. A menudo se han diferenciado los per\u00edodos hist\u00f3ricos a partir de episodios emblem\u00e1ticos, pero la realidad se fundament\u00f3 en sociedades din\u00e1micas que evolucionaron, o involucionaron, continuamente. La antig\u00fcedad tard\u00eda nos dibuja esta realidad. Nos ense\u00f1a sobre la insostenibilidad de conductas y formas de vivir y c\u00f3mo las diferentes ideolog\u00edas y creencias adquirieron o perdieron relevancia en el marco de transformaciones integrales. El ICAC pretende ofrecer una nueva mirada que reconstruya un per\u00edodo hist\u00f3rico imprevisible en cuanto a las consecuencias y que nos ense\u00f1a la fragilidad de las civilizaciones m\u00e1s seguras de s\u00ed mismas.<\/p>\n<p>La arqueolog\u00eda identifica las consecuencias del fen\u00f3meno, y al mismo tiempo nos ayuda a entender la documentaci\u00f3n hist\u00f3rica. En nuestra investigaci\u00f3n intervienen todas las l\u00edneas que confluyen en la actividad program\u00e1tica del ICAC. La arqueolog\u00eda de la ciudad antigua encuentra los indicios materiales basados \u200b\u200ben una nueva concepci\u00f3n de las ciudades en base a nuevas realidades pol\u00edticas, econ\u00f3micas y demogr\u00e1ficas. Una nueva ciudad que se articul\u00f3 al rededor de escenarios y rituales diferentes, en los cuales lo que llamamos arqueolog\u00eda cristiana identifica el nuevo protagonista en la sociedad cl\u00e1sica preludiando los comportamientos y las jerarqu\u00edas del periodo medieval. La arqueolog\u00eda del paisaje nos muestra las nuevas realidades etnogr\u00e1ficas asociadas a una nueva concepci\u00f3n del territorio y una evoluci\u00f3n hacia la autarqu\u00eda. El an\u00e1lisis del <em>instrumentum domesticum<\/em> y de las producciones art\u00edsticas refleja esta nueva realidad, constre\u00f1ida desde el punto de vista ideol\u00f3gico y con numerosas evidencias de atomizaci\u00f3n y regionalizaci\u00f3n.<\/p>\n<p>La ruptura progresiva del antiguo Imperio potencia la diversificaci\u00f3n regional y nos aporta elementos para comprender la diversidad de una nueva Europa y hasta qu\u00e9 punto son din\u00e1micas las relaciones entre las personas y los territorios.<\/p>\n","protected":false},"excerpt":{"rendered":"<p>El desarrollo de este campo de investigaci\u00f3n es fundamental para la comprensi\u00f3n de los procesos de transformaci\u00f3n del periodo final del clasicismo y que llevaron a la configuraci\u00f3n de la Europa medieval, embri\u00f3n de nuestra contemporaneidad. A menudo se han diferenciado los per\u00edodos hist\u00f3ricos a partir de episodios emblem\u00e1ticos, pero la realidad se fundament\u00f3 en [&hellip;]<\/p>\n","protected":false},"author":1,"featured_media":0,"parent":21561,"menu_order":3,"comment_status":"closed","ping_status":"closed","template":"template-presen-linies.php","meta":{"_genesis_hide_title":false,"_genesis_hide_breadcrumbs":false,"_genesis_hide_singular_image":false,"_genesis_hide_footer_widgets":false,"_genesis_custom_body_class":"","_genesis_custom_post_class":"","_genesis_layout":""},"_links":{"self":[{"href":"https:\/\/icac.cat\/es\/wp-json\/wp\/v2\/pages\/21583"}],"collection":[{"href":"https:\/\/icac.cat\/es\/wp-json\/wp\/v2\/pages"}],"about":[{"href":"https:\/\/icac.cat\/es\/wp-json\/wp\/v2\/types\/page"}],"author":[{"embeddable":true,"href":"https:\/\/icac.cat\/es\/wp-json\/wp\/v2\/users\/1"}],"replies":[{"embeddable":true,"href":"https:\/\/icac.cat\/es\/wp-json\/wp\/v2\/comments?post=21583"}],"version-history":[{"count":3,"href":"https:\/\/icac.cat\/es\/wp-json\/wp\/v2\/pages\/21583\/revisions"}],"predecessor-version":[{"id":25513,"href":"https:\/\/icac.cat\/es\/wp-json\/wp\/v2\/pages\/21583\/revisions\/25513"}],"up":[{"embeddable":true,"href":"https:\/\/icac.cat\/es\/wp-json\/wp\/v2\/pages\/21561"}],"wp:attachment":[{"href":"https:\/\/icac.cat\/es\/wp-json\/wp\/v2\/media?parent=21583"}],"curies":[{"name":"wp","href":"https:\/\/api.w.org\/{rel}","templated":true}]}}