{"id":21585,"date":"2015-06-26T15:01:06","date_gmt":"2015-06-26T13:01:06","guid":{"rendered":"http:\/\/www.icac.cat\/es\/investigacion\/investigacion-del-icac\/programas-especificos\/arqueologia-grega\/"},"modified":"2017-02-28T13:43:34","modified_gmt":"2017-02-28T12:43:34","slug":"arqueologia-griega","status":"publish","type":"page","link":"https:\/\/icac.cat\/es\/programas-especificos\/arqueologia-griega\/","title":{"rendered":"Arqueolog\u00eda griega"},"content":{"rendered":"<p>Este programa tiene como objetivo principal promover la formaci\u00f3n y la investigaci\u00f3n en este campo de la arqueolog\u00eda cl\u00e1sica. En los \u00faltimos tiempos ha jugado un papel secundario en Catalu\u00f1a, a pesar de la importancia de los yacimientos de Ampurias y Rosas, y el inter\u00e9s que el mundo griego ha suscitado desde siempre y la influencia continuada que su estudio ha tenido sobre la cultura catalana. Por este motivo, desde su fundaci\u00f3n, el ICAC defini\u00f3 como uno de sus objetivos la creaci\u00f3n de un programa de tipo estrat\u00e9gico dedicado a la arqueolog\u00eda griega.<\/p>\n<p>Con este fin el ICAC ha gestionado varios convenios de colaboraci\u00f3n con instituciones para poder incidir en las carencias formativas en este campo de la arqueolog\u00eda y ofrecer a los alumnos formaci\u00f3n espec\u00edfica, te\u00f3rica o pr\u00e1ctica, en centros especializados con larga tradici\u00f3n en el campo de la arqueolog\u00eda griega.<\/p>\n<p>Desde este programa tambi\u00e9n se pretende aumentar la participaci\u00f3n del ICAC en la organizaci\u00f3n de actividades sobre la antigua Grecia, tanto a nivel cient\u00edfico como a nivel divulgativo y de transferencia del conocimiento.<\/p>\n<p>En cuanto a la investigaci\u00f3n, el programa espec\u00edfico pretende combinar los estudios de los materiales y los yacimientos con la integraci\u00f3n de los datos de la investigaci\u00f3n arqueol\u00f3gica en un marco m\u00e1s amplio de estudio hist\u00f3rico y antropol\u00f3gico de la cultura griega, desde una perspectiva propiamente interdisciplinaria capaz de articular las diferentes ciencias de la antig\u00fcedad. En este marco, el ICAC desarrolla un programa centrado en la iconograf\u00eda griega sobre cer\u00e1mica.<\/p>\n<p>En el \u00e1mbito m\u00e1s general de la integraci\u00f3n de la investigaci\u00f3n arqueol\u00f3gica en una perspectiva interdisciplinaria de estudio integral de la cultura griega, son dos los ejes conductores de la investigaci\u00f3n (a los que se han dedicado varios proyectos de investigaci\u00f3n, realizados y en curso): el concepto del espacio y los modos de su articulaci\u00f3n en el mundo griego, particularmente en el \u00e1mbito de la arquitectura y la iconograf\u00eda; y los mecanismos de construcci\u00f3n y representaci\u00f3n del pasado en la cultura griega antigua, con un inter\u00e9s especial en el uso de los elementos de la cultura material (como los objetos votivos, las representaciones del mito en espacios p\u00fablicos o los instrumentos del ritual) como discurso simb\u00f3lico al servicio de la construcci\u00f3n de un pasado que se proyecta sobre el presente de la comunidad, genera identidades colectivas y gestiona el contacto entre ciudades griegas y entre griegos y pueblos ind\u00edgenas en espacios coloniales.<\/p>\n","protected":false},"excerpt":{"rendered":"<p>Este programa tiene como objetivo principal promover la formaci\u00f3n y la investigaci\u00f3n en este campo de la arqueolog\u00eda cl\u00e1sica. En los \u00faltimos tiempos ha jugado un papel secundario en Catalu\u00f1a, a pesar de la importancia de los yacimientos de Ampurias y Rosas, y el inter\u00e9s que el mundo griego ha suscitado desde siempre y la [&hellip;]<\/p>\n","protected":false},"author":1,"featured_media":0,"parent":21561,"menu_order":2,"comment_status":"closed","ping_status":"closed","template":"template-presen-linies.php","meta":{"_genesis_hide_title":false,"_genesis_hide_breadcrumbs":false,"_genesis_hide_singular_image":false,"_genesis_hide_footer_widgets":false,"_genesis_custom_body_class":"","_genesis_custom_post_class":"","_genesis_layout":""},"_links":{"self":[{"href":"https:\/\/icac.cat\/es\/wp-json\/wp\/v2\/pages\/21585"}],"collection":[{"href":"https:\/\/icac.cat\/es\/wp-json\/wp\/v2\/pages"}],"about":[{"href":"https:\/\/icac.cat\/es\/wp-json\/wp\/v2\/types\/page"}],"author":[{"embeddable":true,"href":"https:\/\/icac.cat\/es\/wp-json\/wp\/v2\/users\/1"}],"replies":[{"embeddable":true,"href":"https:\/\/icac.cat\/es\/wp-json\/wp\/v2\/comments?post=21585"}],"version-history":[{"count":4,"href":"https:\/\/icac.cat\/es\/wp-json\/wp\/v2\/pages\/21585\/revisions"}],"predecessor-version":[{"id":25511,"href":"https:\/\/icac.cat\/es\/wp-json\/wp\/v2\/pages\/21585\/revisions\/25511"}],"up":[{"embeddable":true,"href":"https:\/\/icac.cat\/es\/wp-json\/wp\/v2\/pages\/21561"}],"wp:attachment":[{"href":"https:\/\/icac.cat\/es\/wp-json\/wp\/v2\/media?parent=21585"}],"curies":[{"name":"wp","href":"https:\/\/api.w.org\/{rel}","templated":true}]}}