{"id":21587,"date":"2015-06-26T15:00:28","date_gmt":"2015-06-26T13:00:28","guid":{"rendered":"http:\/\/www.icac.cat\/es\/investigacion\/investigacion-del-icac\/programas-especificos\/arqueologia-de-la-protohistoria-a-la-mediterrania-occidental\/"},"modified":"2017-02-28T13:29:57","modified_gmt":"2017-02-28T12:29:57","slug":"arqueologia-de-la-protohistoria-en-el-mediterraneo-occidental","status":"publish","type":"page","link":"https:\/\/icac.cat\/es\/programas-especificos\/arqueologia-de-la-protohistoria-en-el-mediterraneo-occidental\/","title":{"rendered":"Arqueolog\u00eda de la protohistoria en el Mediterr\u00e1neo Occidental"},"content":{"rendered":"<p>Este programa espec\u00edfico tiene como objetivo profundizar en los procesos de cambio que conducen los grupos locales en las sociedades complejas y en la formaci\u00f3n de los estados arcaicos de la protohistoria del Mediterr\u00e1neo occidental. Entre los objetivos m\u00e1s concretos cabe mencionar el an\u00e1lisis de la aparici\u00f3n de las desigualdades sociales, la competencia por los recursos, la presi\u00f3n demogr\u00e1fica, las formas de control del territorio y la jerarquizaci\u00f3n sociopol\u00edtica, a trav\u00e9s del estudio de varios asentamientos y necr\u00f3polis. Otro de los objetivos es el an\u00e1lisis de los contactos entre culturas, tanto desde el punto de vista de las influencias como de la resistencia al cambio y la hibridaci\u00f3n cultural, en el mundo ib\u00e9rico, en la Galia mediterr\u00e1nea y en la civilizaci\u00f3n n\u00famida, no solo en el momento formativo de estas culturas sino tambi\u00e9n en la etapa de romanizaci\u00f3n.<\/p>\n<p>El programa se materializa en estos momentos en varios proyectos en el mundo ib\u00e9rico y en el norte de \u00c1frica. En cuanto al \u00e1mbito ib\u00e9rico, la investigaci\u00f3n se centra especialmente en las \u00e1reas ilercavona, Cosetania e ilergeta, con el objetivo de incrementar el conocimiento sobre la estructura y jerarquizaci\u00f3n del poblamiento y el territorio, la estructura social y la econom\u00eda de estas poblaciones, as\u00ed como su evoluci\u00f3n desde el ib\u00e9rico antiguo hasta la romanizaci\u00f3n. En lo que se refiere al \u00c1frica septentrional, la investigaci\u00f3n se centra en la ciudad n\u00famida-romana de Althiburos (T\u00fanez), con el objetivo de mejorar la comprensi\u00f3n sobre las caracter\u00edsticas y desarrollo diacr\u00f3nico de la ciudad durante el primer milenio aC, documentar los procesos de crecimiento demogr\u00e1fico, la tecnolog\u00eda de producci\u00f3n agropecuaria y la interacci\u00f3n con el mundo colonial fenicio-p\u00fanico y el papel de \u00e9sta en los procesos de cambio sociocultural.<\/p>\n","protected":false},"excerpt":{"rendered":"<p>Este programa espec\u00edfico tiene como objetivo profundizar en los procesos de cambio que conducen los grupos locales en las sociedades complejas y en la formaci\u00f3n de los estados arcaicos de la protohistoria del Mediterr\u00e1neo occidental. Entre los objetivos m\u00e1s concretos cabe mencionar el an\u00e1lisis de la aparici\u00f3n de las desigualdades sociales, la competencia por los [&hellip;]<\/p>\n","protected":false},"author":1,"featured_media":0,"parent":21561,"menu_order":1,"comment_status":"closed","ping_status":"closed","template":"template-presen-linies.php","meta":{"_genesis_hide_title":false,"_genesis_hide_breadcrumbs":false,"_genesis_hide_singular_image":false,"_genesis_hide_footer_widgets":false,"_genesis_custom_body_class":"","_genesis_custom_post_class":"","_genesis_layout":""},"_links":{"self":[{"href":"https:\/\/icac.cat\/es\/wp-json\/wp\/v2\/pages\/21587"}],"collection":[{"href":"https:\/\/icac.cat\/es\/wp-json\/wp\/v2\/pages"}],"about":[{"href":"https:\/\/icac.cat\/es\/wp-json\/wp\/v2\/types\/page"}],"author":[{"embeddable":true,"href":"https:\/\/icac.cat\/es\/wp-json\/wp\/v2\/users\/1"}],"replies":[{"embeddable":true,"href":"https:\/\/icac.cat\/es\/wp-json\/wp\/v2\/comments?post=21587"}],"version-history":[{"count":4,"href":"https:\/\/icac.cat\/es\/wp-json\/wp\/v2\/pages\/21587\/revisions"}],"predecessor-version":[{"id":25508,"href":"https:\/\/icac.cat\/es\/wp-json\/wp\/v2\/pages\/21587\/revisions\/25508"}],"up":[{"embeddable":true,"href":"https:\/\/icac.cat\/es\/wp-json\/wp\/v2\/pages\/21561"}],"wp:attachment":[{"href":"https:\/\/icac.cat\/es\/wp-json\/wp\/v2\/media?parent=21587"}],"curies":[{"name":"wp","href":"https:\/\/api.w.org\/{rel}","templated":true}]}}