{"id":21590,"date":"2015-06-26T15:05:27","date_gmt":"2015-06-26T13:05:27","guid":{"rendered":"http:\/\/www.icac.cat\/es\/investigacion\/investigacion-del-icac\/programas-transversales\/arqueologia-classica-i-ciencies-de-lantiguitat-fonts-textuals-epigrafia-i-numismatica\/"},"modified":"2017-03-03T10:41:08","modified_gmt":"2017-03-03T09:41:08","slug":"arqueologia-clasica-y-ciencias-de-la-antiguedad-fuentes-textuales-epigrafia-y-numismatica","status":"publish","type":"page","link":"https:\/\/icac.cat\/es\/programas-transversales\/arqueologia-clasica-y-ciencias-de-la-antiguedad-fuentes-textuales-epigrafia-y-numismatica\/","title":{"rendered":"Arqueolog\u00eda cl\u00e1sica y ciencias de la antig\u00fcedad. Fuentes textuales, epigraf\u00eda y numism\u00e1tica"},"content":{"rendered":"<p>El estudio de las fuentes textuales aplicado a la arqueolog\u00eda tiene un marcado car\u00e1cter transversal en la estructura del ICAC. A diferencia de la arqueolog\u00eda prehist\u00f3rica, centrada en culturas \u00e1grafas, la arqueolog\u00eda cl\u00e1sica no puede ignorar la literalidad \u2013en el sentido m\u00e1s amplio del t\u00e9rmino, opuesto al oralidad\u2013 de su campo de estudio a lo largo de la mayor parte de su dilatada cronolog\u00eda. El hecho de disponer de una ingente cantidad de documentos textuales que abarca una ampl\u00edsima gama de registros (obras literarias, t\u00e9cnicas, cartas, documentos oficiales y privados, grafitis&#8230;) y materiales (papiro, piedra, cer\u00e1mica, metales&#8230;) supone una fuente de informaci\u00f3n insustituible a la hora de documentar e interpretar los datos materiales de la investigaci\u00f3n arqueol\u00f3gica.<\/p>\n<p>Adem\u00e1s, las excavaciones arqueol\u00f3gicas aumentan continuamente este corpus textual con el hallazgo de nuevos documentos que, en primer lugar, hay que leer y analizar con la ayuda de la epigraf\u00eda, la paleograf\u00eda y la filolog\u00eda para poderlos integrar en un contexto material , hist\u00f3rico y cultural m\u00e1s amplio y significativo. Todos estos factores hacen realmente imprescindible la participaci\u00f3n del fil\u00f3logo en la investigaci\u00f3n arqueol\u00f3gica en todas sus l\u00edneas de actuaci\u00f3n y en todos los niveles de la interpretaci\u00f3n.<\/p>\n","protected":false},"excerpt":{"rendered":"<p>El estudio de las fuentes textuales aplicado a la arqueolog\u00eda tiene un marcado car\u00e1cter transversal en la estructura del ICAC. A diferencia de la arqueolog\u00eda prehist\u00f3rica, centrada en culturas \u00e1grafas, la arqueolog\u00eda cl\u00e1sica no puede ignorar la literalidad \u2013en el sentido m\u00e1s amplio del t\u00e9rmino, opuesto al oralidad\u2013 de su campo de estudio a lo [&hellip;]<\/p>\n","protected":false},"author":1,"featured_media":0,"parent":21559,"menu_order":3,"comment_status":"closed","ping_status":"closed","template":"template-presen-linies.php","meta":{"_genesis_hide_title":false,"_genesis_hide_breadcrumbs":false,"_genesis_hide_singular_image":false,"_genesis_hide_footer_widgets":false,"_genesis_custom_body_class":"","_genesis_custom_post_class":"","_genesis_layout":""},"_links":{"self":[{"href":"https:\/\/icac.cat\/es\/wp-json\/wp\/v2\/pages\/21590"}],"collection":[{"href":"https:\/\/icac.cat\/es\/wp-json\/wp\/v2\/pages"}],"about":[{"href":"https:\/\/icac.cat\/es\/wp-json\/wp\/v2\/types\/page"}],"author":[{"embeddable":true,"href":"https:\/\/icac.cat\/es\/wp-json\/wp\/v2\/users\/1"}],"replies":[{"embeddable":true,"href":"https:\/\/icac.cat\/es\/wp-json\/wp\/v2\/comments?post=21590"}],"version-history":[{"count":3,"href":"https:\/\/icac.cat\/es\/wp-json\/wp\/v2\/pages\/21590\/revisions"}],"predecessor-version":[{"id":25594,"href":"https:\/\/icac.cat\/es\/wp-json\/wp\/v2\/pages\/21590\/revisions\/25594"}],"up":[{"embeddable":true,"href":"https:\/\/icac.cat\/es\/wp-json\/wp\/v2\/pages\/21559"}],"wp:attachment":[{"href":"https:\/\/icac.cat\/es\/wp-json\/wp\/v2\/media?parent=21590"}],"curies":[{"name":"wp","href":"https:\/\/api.w.org\/{rel}","templated":true}]}}