{"id":21592,"date":"2015-06-26T15:04:29","date_gmt":"2015-06-26T13:04:29","guid":{"rendered":"http:\/\/www.icac.cat\/es\/investigacion\/investigacion-del-icac\/programas-transversales\/tecnologies-de-la-informacio-i-la-comunicacio-aplicades-a-larqueologia-classica\/"},"modified":"2017-03-03T10:39:20","modified_gmt":"2017-03-03T09:39:20","slug":"tecnologias-de-la-informacion-y-la-comunicacion-aplicadas-a-la-arqueologia-clasica","status":"publish","type":"page","link":"https:\/\/icac.cat\/es\/programas-transversales\/tecnologias-de-la-informacion-y-la-comunicacion-aplicadas-a-la-arqueologia-clasica\/","title":{"rendered":"Tecnolog\u00edas de la informaci\u00f3n y la comunicaci\u00f3n aplicadas a la arqueolog\u00eda cl\u00e1sica"},"content":{"rendered":"<p>Como cualquier otra disciplina y \u00e1mbito de conocimiento, tambi\u00e9n la arqueolog\u00eda se ha ido adaptando y beneficiando, durante las \u00faltimas d\u00e9cadas, de la aparici\u00f3n de las tecnolog\u00edas de la informaci\u00f3n y la comunicaci\u00f3n (TIC). La inform\u00e1tica ha permitido mejorar una serie de tareas, a veces muy mec\u00e1nicas, que ya se hac\u00edan con anterioridad, y ha proporcionado una mayor rapidez y, sobre todo, una calidad superior de los resultados. Por otra parte, una de los grandes ventajas de la revoluci\u00f3n digital es la capacidad de almacenar grandes vol\u00famenes de datos de forma r\u00e1pida y sencilla, unos datos que se pueden reutilizar de diversas formas. De forma general, los arque\u00f3logos han detectado un cambio profundo, especialmente en las siguientes esferas de aplicaciones inform\u00e1ticas:<\/p>\n<p>a) Registro de datos (sobre todo dibujo e imagen)<br \/>\nb) Bases de datos<br \/>\nc) Sistemas de informaci\u00f3n geogr\u00e1fica (SIG)<br \/>\nd) Realidad virtual<br \/>\ne) Comunicaci\u00f3n por internet<\/p>\n<p>La adquisici\u00f3n de nuevo equipamiento y software inform\u00e1tico ha hecho posible agilizar y mejorar estos procesos y ofrecer un amplio abanico de posibilidades y productos, impensables hasta hace pocos a\u00f1os.<\/p>\n","protected":false},"excerpt":{"rendered":"<p>Como cualquier otra disciplina y \u00e1mbito de conocimiento, tambi\u00e9n la arqueolog\u00eda se ha ido adaptando y beneficiando, durante las \u00faltimas d\u00e9cadas, de la aparici\u00f3n de las tecnolog\u00edas de la informaci\u00f3n y la comunicaci\u00f3n (TIC). La inform\u00e1tica ha permitido mejorar una serie de tareas, a veces muy mec\u00e1nicas, que ya se hac\u00edan con anterioridad, y ha [&hellip;]<\/p>\n","protected":false},"author":1,"featured_media":0,"parent":21559,"menu_order":2,"comment_status":"closed","ping_status":"closed","template":"template-presen-linies.php","meta":{"_genesis_hide_title":false,"_genesis_hide_breadcrumbs":false,"_genesis_hide_singular_image":false,"_genesis_hide_footer_widgets":false,"_genesis_custom_body_class":"","_genesis_custom_post_class":"","_genesis_layout":""},"_links":{"self":[{"href":"https:\/\/icac.cat\/es\/wp-json\/wp\/v2\/pages\/21592"}],"collection":[{"href":"https:\/\/icac.cat\/es\/wp-json\/wp\/v2\/pages"}],"about":[{"href":"https:\/\/icac.cat\/es\/wp-json\/wp\/v2\/types\/page"}],"author":[{"embeddable":true,"href":"https:\/\/icac.cat\/es\/wp-json\/wp\/v2\/users\/1"}],"replies":[{"embeddable":true,"href":"https:\/\/icac.cat\/es\/wp-json\/wp\/v2\/comments?post=21592"}],"version-history":[{"count":3,"href":"https:\/\/icac.cat\/es\/wp-json\/wp\/v2\/pages\/21592\/revisions"}],"predecessor-version":[{"id":25592,"href":"https:\/\/icac.cat\/es\/wp-json\/wp\/v2\/pages\/21592\/revisions\/25592"}],"up":[{"embeddable":true,"href":"https:\/\/icac.cat\/es\/wp-json\/wp\/v2\/pages\/21559"}],"wp:attachment":[{"href":"https:\/\/icac.cat\/es\/wp-json\/wp\/v2\/media?parent=21592"}],"curies":[{"name":"wp","href":"https:\/\/api.w.org\/{rel}","templated":true}]}}