{"id":21594,"date":"2015-06-26T15:03:19","date_gmt":"2015-06-26T13:03:19","guid":{"rendered":"http:\/\/www.icac.cat\/es\/investigacion\/investigacion-del-icac\/programas-transversales\/metodes-i-tecniques-de-les-ciencies-experimentals-aplicades-a-larqueologia-classica\/"},"modified":"2017-03-03T10:36:39","modified_gmt":"2017-03-03T09:36:39","slug":"metodos-y-tecnicas-de-las-ciencias-experimentales-aplicadas-a-la-arqueologia-clasica","status":"publish","type":"page","link":"https:\/\/icac.cat\/es\/programas-transversales\/metodos-y-tecnicas-de-las-ciencias-experimentales-aplicadas-a-la-arqueologia-clasica\/","title":{"rendered":"M\u00e9todos y t\u00e9cnicas de las ciencias experimentales aplicados a la arqueolog\u00eda cl\u00e1sica"},"content":{"rendered":"<h4>Arqueometr\u00eda<\/h4>\n<p>La arqueometr\u00eda se basa en la aplicaci\u00f3n de las t\u00e9cnicas anal\u00edticas propias de otras disciplinas cient\u00edficas (geolog\u00eda, qu\u00edmica, f\u00edsica, biolog\u00eda, etc.) al estudio del patrimonio. Esta disciplina cada vez es m\u00e1s importante en el campo de la investigaci\u00f3n arqueol\u00f3gica. De hecho, los estudios arqueom\u00e9tricos ya son imprescindibles para obtener un tipo de datos que ampl\u00edan de manera significativa la informaci\u00f3n hist\u00f3rica que proporcionan los materiales arqueol\u00f3gicos.<\/p>\n<p>La Unidad de Estudios Arqueom\u00e9trica del ICAC desarrolla varios proyectos y estudios en los que aplica t\u00e9cnicas anal\u00edticas a los materiales arqueol\u00f3gicos inorg\u00e1nicos (inicialmente piedras ornamentales, materiales de construcci\u00f3n y cer\u00e1micas) para proporcionar una interpretaci\u00f3n en clave arqueol\u00f3gica de los resultados.<\/p>\n<h4>Paleoambiente<\/h4>\n<p>El estudio del paleoambiente engloba diferentes disciplinas y t\u00e9cnicas anal\u00edticas que ayudan a conocer y comprender mejor los medios en los que se desarrollaron las culturas de la antig\u00fcedad y c\u00f3mo este medio las afect\u00f3 o condicion\u00f3.<\/p>\n<p>La informaci\u00f3n que aportan la paleobot\u00e1nica y la paleoecolog\u00eda pone de manifiesto unos sistemas econ\u00f3micos y unas din\u00e1micas hombre-medio ricas, variadas, heterog\u00e9neas, a menudo complejas e inesperadas.<\/p>\n<p>Actualmente en el ICAC se llevan a cabo estudios antrocol\u00f3gicos, palinol\u00f3gicos y arqueozool\u00f3gicos tanto en el marco de proyectos propios del centro como en el marco de proyectos externos a trav\u00e9s de encargos.<\/p>\n","protected":false},"excerpt":{"rendered":"<p>Arqueometr\u00eda La arqueometr\u00eda se basa en la aplicaci\u00f3n de las t\u00e9cnicas anal\u00edticas propias de otras disciplinas cient\u00edficas (geolog\u00eda, qu\u00edmica, f\u00edsica, biolog\u00eda, etc.) al estudio del patrimonio. Esta disciplina cada vez es m\u00e1s importante en el campo de la investigaci\u00f3n arqueol\u00f3gica. De hecho, los estudios arqueom\u00e9tricos ya son imprescindibles para obtener un tipo de datos que [&hellip;]<\/p>\n","protected":false},"author":1,"featured_media":0,"parent":21559,"menu_order":1,"comment_status":"closed","ping_status":"closed","template":"template-presen-linies.php","meta":{"_genesis_hide_title":false,"_genesis_hide_breadcrumbs":false,"_genesis_hide_singular_image":false,"_genesis_hide_footer_widgets":false,"_genesis_custom_body_class":"","_genesis_custom_post_class":"","_genesis_layout":""},"_links":{"self":[{"href":"https:\/\/icac.cat\/es\/wp-json\/wp\/v2\/pages\/21594"}],"collection":[{"href":"https:\/\/icac.cat\/es\/wp-json\/wp\/v2\/pages"}],"about":[{"href":"https:\/\/icac.cat\/es\/wp-json\/wp\/v2\/types\/page"}],"author":[{"embeddable":true,"href":"https:\/\/icac.cat\/es\/wp-json\/wp\/v2\/users\/1"}],"replies":[{"embeddable":true,"href":"https:\/\/icac.cat\/es\/wp-json\/wp\/v2\/comments?post=21594"}],"version-history":[{"count":4,"href":"https:\/\/icac.cat\/es\/wp-json\/wp\/v2\/pages\/21594\/revisions"}],"predecessor-version":[{"id":25590,"href":"https:\/\/icac.cat\/es\/wp-json\/wp\/v2\/pages\/21594\/revisions\/25590"}],"up":[{"embeddable":true,"href":"https:\/\/icac.cat\/es\/wp-json\/wp\/v2\/pages\/21559"}],"wp:attachment":[{"href":"https:\/\/icac.cat\/es\/wp-json\/wp\/v2\/media?parent=21594"}],"curies":[{"name":"wp","href":"https:\/\/api.w.org\/{rel}","templated":true}]}}