{"id":21627,"date":"2015-06-17T16:41:37","date_gmt":"2015-06-17T14:41:37","guid":{"rendered":"http:\/\/www.icac.cat\/es\/formacion\/altres-programes\/"},"modified":"2017-03-03T11:48:49","modified_gmt":"2017-03-03T10:48:49","slug":"otros-programas","status":"publish","type":"page","link":"https:\/\/icac.cat\/es\/formacion\/otros-programas\/","title":{"rendered":"Otros programas"},"content":{"rendered":"<p>El ICAC ofrece varios cursos de formaci\u00f3n tanto para profesores como para alumnos de secundaria y bachillerato de Catalu\u00f1a. Por otra parte, el Instituto tambi\u00e9n participa en un proyecto europeo Tempus para formar especialistas y gestores del patrimonio en los pa\u00edses balc\u00e1nicos.<\/p>\n","protected":false},"excerpt":{"rendered":"<p>El ICAC ofrece varios cursos de formaci\u00f3n tanto para profesores como para alumnos de secundaria y bachillerato de Catalu\u00f1a. Por otra parte, el Instituto tambi\u00e9n participa en un proyecto europeo Tempus para formar especialistas y gestores del patrimonio en los pa\u00edses balc\u00e1nicos.<\/p>\n","protected":false},"author":1,"featured_media":0,"parent":21349,"menu_order":330,"comment_status":"closed","ping_status":"closed","template":"","meta":{"_genesis_hide_title":false,"_genesis_hide_breadcrumbs":false,"_genesis_hide_singular_image":false,"_genesis_hide_footer_widgets":false,"_genesis_custom_body_class":"","_genesis_custom_post_class":"","_genesis_layout":""},"_links":{"self":[{"href":"https:\/\/icac.cat\/es\/wp-json\/wp\/v2\/pages\/21627"}],"collection":[{"href":"https:\/\/icac.cat\/es\/wp-json\/wp\/v2\/pages"}],"about":[{"href":"https:\/\/icac.cat\/es\/wp-json\/wp\/v2\/types\/page"}],"author":[{"embeddable":true,"href":"https:\/\/icac.cat\/es\/wp-json\/wp\/v2\/users\/1"}],"replies":[{"embeddable":true,"href":"https:\/\/icac.cat\/es\/wp-json\/wp\/v2\/comments?post=21627"}],"version-history":[{"count":3,"href":"https:\/\/icac.cat\/es\/wp-json\/wp\/v2\/pages\/21627\/revisions"}],"predecessor-version":[{"id":25605,"href":"https:\/\/icac.cat\/es\/wp-json\/wp\/v2\/pages\/21627\/revisions\/25605"}],"up":[{"embeddable":true,"href":"https:\/\/icac.cat\/es\/wp-json\/wp\/v2\/pages\/21349"}],"wp:attachment":[{"href":"https:\/\/icac.cat\/es\/wp-json\/wp\/v2\/media?parent=21627"}],"curies":[{"name":"wp","href":"https:\/\/api.w.org\/{rel}","templated":true}]}}