{"id":21629,"date":"2015-06-17T16:41:24","date_gmt":"2015-06-17T14:41:24","guid":{"rendered":"http:\/\/www.icac.cat\/es\/formacion\/doctorat-interuniversitari-en-arqueologia-classica\/"},"modified":"2024-10-30T14:05:19","modified_gmt":"2024-10-30T13:05:19","slug":"doctorado-interuniversitario-en-arqueologia-clasica","status":"publish","type":"page","link":"https:\/\/icac.cat\/es\/formacion\/doctorado-interuniversitario-en-arqueologia-clasica\/","title":{"rendered":"Doctorado interuniversitario en Arqueolog\u00eda Cl\u00e1sica"},"content":{"rendered":"<h4>Presentaci\u00f3n<\/h4>\n<p>El programa de Doctorado en Arqueolog\u00eda Cl\u00e1sica promueve una formaci\u00f3n hacia las culturas mediterr\u00e1neas en sentido amplio, de la protohistoria a la antig\u00fcedad tard\u00eda. El impulsan un equipo de profesores y de investigadores integrados en la actividad de investigaci\u00f3n de cada una de las instituciones participantes (URV, ICAC y UAB) y ofrece un gran abanico de competencias te\u00f3ricas y pr\u00e1cticas \u00fanicas en el \u00e1mbito de la ense\u00f1anza universitario catal\u00e1n.<\/p>\n<p>Los equipos y las l\u00edneas de investigaci\u00f3n son diversos en t\u00e9rminos de interdisciplinariedad y de transversalidad. Queda patente en los <a href=\"https:\/\/icac.cat\/es\/investigacion\/equipos-de-investigacion\/\">ocho equipos de investigaci\u00f3n<\/a> que integran el grupo de investigaci\u00f3n consolidado MIRMED (2014SGR 1197) coordinado por el ICAC y que es la base cient\u00edfica del programa de doctorado.<\/p>\n<p>El programa pone a disposici\u00f3n del estudiante laboratorios especializados y ofrece tambi\u00e9n la posibilidad de trabajar en algunos de los principales yacimientos arqueol\u00f3gicos del Mediterr\u00e1neo. Tiene como objetivo la formaci\u00f3n de nuevas generaciones de investigadores capaces de asociar una formaci\u00f3n human\u00edstica con una experiencia profunda en la arqueolog\u00eda cl\u00e1sica, el an\u00e1lisis del patrimonio y la especializaci\u00f3n en investigaci\u00f3n.<\/p>\n<p>Los investigadores del ICAC, adem\u00e1s de dirigir tesis en el marco de los programas de doctorado mencionados, tambi\u00e9n dirigen tesis en el marco de otros programas de doctorado ajenos al Instituto.<\/p>\n<p>La URV, el ICAC y la UAB pusieron en marcha este programa de doctorado en el curso acad\u00e9mico 2013-2014, coordinado por la URV, seg\u00fan lo establecido en el RD 99\/2011, desde la Escuela de Doctorado de la URV, que coordina todos los programas de doctorado en los que participa el ICAC, seg\u00fan lo establecido en los RD 56\/2005, RD1393\/2007 y RD 778\/1998.<\/p>\n<p>&nbsp;<\/p>\n<h4>Instituciones<\/h4>\n<p>Universidad Rovira i Virgili (URV), Instituto Catal\u00e1n de Arqueolog\u00eda Cl\u00e1sica (ICAC) y Universidad Aut\u00f3noma de Barcelona (UAB).<\/p>\n<p>&nbsp;<\/p>\n<h4>Objetivos generales<\/h4>\n<p>El objetivo principal de los estudios del Doctorado interuniversitario en Arqueolog\u00eda Cl\u00e1sica es la formaci\u00f3n de doctores y doctoras en investigaci\u00f3n avanzada de calidad.<\/p>\n<p>Los objetivos generales del programa son los siguientes:<\/p>\n<ul>\n<li>Incorporar el\/la doctorando\/a a un grupo de investigaci\u00f3n.<\/li>\n<li>Ampliar capacidades para adquirir una especializaci\u00f3n intensiva en las diferentes orientaciones aportadas por las l\u00edneas de investigaci\u00f3n definidas en el programa.<\/li>\n<li>Potenciar la iniciativa para el desarrollo de proyectos de investigaci\u00f3n con la metodolog\u00eda y los principios cient\u00edficos propios de la l\u00ednea en la que los\/las doctorandos\/as realicen su investigaci\u00f3n.<\/li>\n<li>Fomentar la adquisici\u00f3n de habilidades generales relacionadas con la capacidad de trabajo personal y en grupo, la participaci\u00f3n en proyectos de investigaci\u00f3n, la gesti\u00f3n de bases de datos bibliogr\u00e1ficas, etc.<\/li>\n<li>Realizar una tesis doctoral.<\/li>\n<\/ul>\n<p>&nbsp;<\/p>\n<h4>Estructura del doctorado<\/h4>\n<p>El periodo de formaci\u00f3n del programa de doctorado est\u00e1 vinculado al <a href=\"https:\/\/icac.cat\/es\/formacion\/master-arqueologia-clasica-aplicada\/\" target=\"_blank\" rel=\"noopener\">M\u00e1ster universitario en Arqueolog\u00eda Cl\u00e1sica Aplicada. Investigaci\u00f3n y Transferencia<\/a> (URV-ICAC-UAB). El programa de doctorado prev\u00e9 tambi\u00e9n la organizaci\u00f3n de seminarios de formaci\u00f3n y de especializaci\u00f3n en las distintas l\u00edneas de investigaci\u00f3n del programa.<\/p>\n<p>&nbsp;<\/p>\n<h4>L\u00edneas de investigaci\u00f3n y direcci\u00f3n de tesis<\/h4>\n<p><a href=\"http:\/\/www.doctor.urv.cat\/es\/futuros-estudiantes\/oferta\/7715\/arees-de-recerca\/\" target=\"_blank\" rel=\"noopener\">L\u00edneas de investigaci\u00f3n y profesorado<\/a> (URV-ICAC)<\/p>\n<p><a href=\"https:\/\/www.uab.cat\/web\/postgrado\/doctorados\/todos-los-doctorados\/lineas-y-direccion\/lineas-de-investigacion-y-direccion-de-tesis\/arqueologia-clasica-1345467765230.html?param2=1345672098230\" target=\"_blank\" rel=\"noopener\">L\u00edneas de investigaci\u00f3n y direcci\u00f3n de tesis<\/a> (UAB)<\/p>\n<p>&nbsp;<\/p>\n<h4>Admisi\u00f3n<\/h4>\n<div class=\"highlight-block\">\n<ul>\n<li><strong>Plazas de nuevo ingreso<\/strong>: 10<\/li>\n<li><strong>Criterios de admissi\u00f3n y selecci\u00f3n: <\/strong>para acceder al programa de doctorado en su periodo de investigaci\u00f3n ser\u00e1 necesario cumplir las condiciones establecidas como requisitos de acceso en el art\u00edculo 19 y disposici\u00f3n adicional cuarta del RD 1393\/2007.<\/li>\n<\/ul>\n<\/div>\n<h4><\/h4>\n<h4>Comisi\u00f3n acad\u00e8mica<\/h4>\n<div class=\"small-text\">\n<ul>\n<li><strong>Eva Sub\u00edas <\/strong>(URV), coordinadora del programa y presidenta de la Comisi\u00f3n<\/li>\n<li><strong>Ricardo Mar<\/strong> (URV), secretario<\/li>\n<li><strong>Maria Carme Belarte <\/strong>(ICAC-ICREA)<\/li>\n<li><strong>C\u00e8sar Carreras <\/strong>(UAB)<\/li>\n<li><strong>Agust\u00ed Costa <\/strong>(URV)<\/li>\n<li><strong>Diana Gorostidi Pi<\/strong> (URV-ICAC)<\/li>\n<li><strong>Roger Mirallers <\/strong>(URV)<\/li>\n<li><strong>Josep Maria Palet <\/strong>(ICAC)<\/li>\n<li><strong>Joaquim Pera <\/strong>(UAB)<\/li>\n<li><strong>Joaqu\u00edn Ruiz de Arbulo<\/strong> (URV-ICAC)<\/li>\n<\/ul>\n<p>&nbsp;<\/p>\n<h5>Responsable del programa de doctorado en el ICAC<\/h5>\n<ul>\n<li><strong>Josep Maria Palet<\/strong><br \/>\nInstituto Catal\u00e1n de Arqueolog\u00eda Cl\u00e1sica, ICAC-CERCA<\/li>\n<\/ul>\n<h5><\/h5>\n<h5><strong>Apoyo administrativo<\/strong><\/h5>\n<ul>\n<li><strong>Ana Gallego<\/strong><br \/>\nInstituto Catal\u00e1n de Arqueolog\u00eda Cl\u00e1sica, ICAC-CERCA<br \/>\n<a href=\"mailto:agallego@icac.cat\">agallego@icac.cat<\/a><\/li>\n<\/ul>\n<\/div>\n<h4><\/h4>\n<div class=\"highlight-block\">\n<h4>Ayudas<\/h4>\n<\/div>\n<p>El ICAC-CERCA puede accedir a la <strong>convocat\u00f2ria Joan Or\u00f3<\/strong> de ayudas a las universidades p\u00fablicas y privadas del sistema universitario de Catalunya, los centros de investigaci\u00f3n, las fundaciones hospitalarias y las Infraestructuras Cient\u00edficas y T\u00e9cnicas Singulares (ICTS) <strong>para la contrataci\u00f3n de<\/strong> <strong>personal investigador predoctoral en formaci\u00f3n<\/strong>.<\/p>\n<p style=\"font-weight: 400;\">Las tesis doctorales de estas ayudas se deber\u00e1n alinear necesariamente con alguna de las \u00e1reas tem\u00e1ticas de intervenci\u00f3n Horizon Europe. A tal efecto, las personas solicitantes tendr\u00e1n que indicar dentro de su formulario, el \u00e1rea tem\u00e1tica que m\u00e1s se ajusta a su propuesta de tesis.<\/p>\n<ul>\n<li>Consulta aqu\u00ed la <a href=\"https:\/\/agaur.gencat.cat\/ca\/beques-i-ajuts\/convocatories-per-temes\/Ajuts-Joan-Oro-per-a-la-contractacio-de-personal-investigador-predoctoral-en-formacio-FI-2024\" target=\"_blank\" rel=\"noopener\">web del AGAUR<\/a> con toda la informaci\u00f3n sobre la ayuda, la documentaci\u00f3n relacionada y acceso al tr\u00e1mite.<\/li>\n<\/ul>\n<p>&nbsp;<\/p>\n<hr \/>\n<p><b><strong>CONVOCATORIA JOAN OR\u00d3 2025 (FI)<\/strong><\/b>:<\/p>\n<ul>\n<li style=\"list-style-type: none;\">\n<ul>\n<li><a href=\"https:\/\/icac.cat\/wp-content\/uploads\/2024\/10\/Convocatoria-FI-2025.pdf\" target=\"_blank\" rel=\"noopener\">RESOLUCI\u00d3 REU\/3544\/2024, de 30 de setembre, per la qual s&#8217;obre la convocat\u00f2ria dels ajuts Joan Or\u00f3 per a la contractaci\u00f3 de personal investigador predoctoral en formaci\u00f3 (FI) per a l&#8217;any 2025<\/a> (ref. BDNS 788675) (DOG n\u00fam. 9263 publicado el 08\/10\/2024)<\/li>\n<li>El plazo de presentaci\u00f3n de <a href=\"https:\/\/agaur.gencat.cat\/ca\/beques-i-ajuts\/convocatories-per-temes\/Ajuts-per-a-la-contractacio-de-personal-investigador-novell-FI-2021\" target=\"_blank\" rel=\"noopener\">solicitudes<\/a> finalitza el 31\/10\/2024.<\/li>\n<li><a href=\"https:\/\/icac.cat\/wp-content\/uploads\/2024\/10\/FAQS-2025.pdf\" target=\"_blank\" rel=\"noopener\">Preguntas frecuentes<\/a> (FAQS FI 2025)<\/li>\n<\/ul>\n<\/li>\n<\/ul>\n<p style=\"padding-left: 40px;\"><b><strong>Bases reguladoras Joan Or\u00f3 2025 (FI):<\/strong><\/b><\/p>\n<ul>\n<li style=\"list-style-type: none;\">\n<ul>\n<li><a href=\"https:\/\/icac.cat\/wp-content\/uploads\/2024\/10\/Bases-Reguladores-FI-2025.pdf\" target=\"_blank\" rel=\"noopener\">RESOLUCI\u00d3 REU\/3320\/2024, de 16 de setembre, per la qual s&#8217;aproven les bases reguladores dels ajuts Joan Or\u00f3 per a la contractaci\u00f3 de personal investigador predoctoral en formaci\u00f3 (FI)<\/a> (DOGC\u00a0 n\u00fam. 9251 publicado el 19\/09\/2024)<\/li>\n<\/ul>\n<\/li>\n<\/ul>\n<p style=\"padding-left: 40px;\"><b><strong>Documentaci\u00f3n de la convocatoria Joan Or\u00f3 2025 (FI):<\/strong><\/b><\/p>\n<ul>\n<li style=\"list-style-type: none;\">\n<ul>\n<li><a href=\"https:\/\/icac.cat\/wp-content\/uploads\/2024\/10\/Prioritzacio-FI-2025_ICAC.pdf\" target=\"_blank\" rel=\"noopener\">Sistema y criterios de priorizaci\u00f3n de las solicitudes de las ayudas Joan Or\u00f3 para la contrataci\u00f3n de personal investigador predoctoral en formaci\u00f3n (FI) para el a\u00f1o 2025<\/a>\u00a0del ICAC.<\/li>\n<\/ul>\n<\/li>\n<\/ul>\n<p>&nbsp;<\/p>\n<hr \/>\n<p><b><strong>CONVOCATORIA JOAN OR\u00d3 2024 (FI)<\/strong><\/b>:<\/p>\n<ul>\n<li style=\"list-style-type: none;\">\n<ul>\n<li><a href=\"https:\/\/icac.cat\/wp-content\/uploads\/2024\/03\/Convocatoria-FI2024-AGAUR_resolucio.pdf\" target=\"_blank\" rel=\"noopener\">RESOLUCI\u00d3 REU\/3156\/2023, de 13 de setembre, per la qual s&#8217;obre la convocat\u00f2ria dels ajuts Joan Or\u00f3 per a la contractaci\u00f3 de personal investigador predoctoral en formaci\u00f3 (FI) per a l&#8217;any 2024 (ref. BDNS 716642) (DOG n\u00fam. 9003 publicat el 19\/09\/2023)<\/a><\/li>\n<li>El plazo de presentaci\u00f3n de <a href=\"https:\/\/agaur.gencat.cat\/ca\/beques-i-ajuts\/convocatories-per-temes\/Ajuts-per-a-la-contractacio-de-personal-investigador-novell-FI-2021\">solicitudes<\/a> est\u00e1 cerrado.<\/li>\n<li><a href=\"https:\/\/icac.cat\/wp-content\/uploads\/2024\/03\/FAQS-FI-2024.pdf\" target=\"_blank\" rel=\"noopener\">Preguntes freq\u00fcents<\/a> (FAQS FI 2024)<\/li>\n<\/ul>\n<\/li>\n<\/ul>\n<ul>\n<li style=\"list-style-type: none;\">\n<ul>\n<li>Gu\u00eda de usuario para realizar el tr\u00e1mite de enmienda [<a href=\"https:\/\/icac.cat\/wp-content\/uploads\/2024\/03\/Guia_us_tramit_generic_Joan_Oro_CAT.pdf\" target=\"_blank\" rel=\"noopener\">CAT<\/a>]\u00a0[<a href=\"https:\/\/icac.cat\/wp-content\/uploads\/2024\/03\/Guia_us_tramit_generic_Joan_Oro_EN.pdf\" target=\"_blank\" rel=\"noopener\">ENG<\/a>]<\/li>\n<\/ul>\n<\/li>\n<\/ul>\n<p style=\"padding-left: 40px;\"><b><strong>Bases reguladoras Joan Or\u00f3 2024 (FI):<\/strong><\/b><\/p>\n<ul>\n<li style=\"list-style-type: none;\">\n<ul>\n<li><a href=\"https:\/\/icac.cat\/wp-content\/uploads\/2024\/03\/Bases-reguladores-FI-2024_GENCAT.pdf\" target=\"_blank\" rel=\"noopener\">RESOLUCI\u00d3 REU\/3056\/2023, de 5 setembre, per la qual s&#8217;aproven les bases reguladores dels ajuts Joan Or\u00f3 per a la contractaci\u00f3 de personal investigador predoctoral en formaci\u00f3 (FI). (DOGC\u00a0 n\u00fam.\u00a0 8998 \u00a0publicat el 12\/09\/2023)<\/a><\/li>\n<\/ul>\n<\/li>\n<\/ul>\n<p style=\"padding-left: 40px;\"><b><strong>Documentaci\u00f3n de la convocatoria Joan Or\u00f3 2024 (FI):<\/strong><\/b><\/p>\n<ul>\n<li style=\"list-style-type: none;\">\n<ul>\n<li><a href=\"https:\/\/icac.cat\/wp-content\/uploads\/2023\/10\/Prioritzacio-FI-2024-ICAC_sdp.pdf\" target=\"_blank\" rel=\"noopener\">Sistema y criterios de priorizaci\u00f3n de las solicitudes de las ayudas Joan Or\u00f3 para la contrataci\u00f3n de personal investigador predoctoral en formaci\u00f3n (FI) para el a\u00f1o 2024<\/a> del ICAC.<\/li>\n<\/ul>\n<\/li>\n<\/ul>\n<ul>\n<li style=\"list-style-type: none;\">\n<ul>\n<li><a class=\"icona-pdf\" href=\"https:\/\/icac.cat\/wp-content\/uploads\/2024\/03\/RESOL-Ajuts-Joan-Oro-2024_CORRECCIO-ERRADES.pdf\" target=\"_blank\" rel=\"noopener\">CORRECCI\u00d3 D\u2019ERRADES a la Resoluci\u00f3 definitiva de la convocat\u00f2ria dels ajuts Joan Or\u00f3 per a la contractaci\u00f3 de personal investigador predoctoral en formaci\u00f3 (FI) per a l&#8217;any 2024 \u00a0 \u00a0Relaci\u00f3 definitiva de sol\u00b7licituds admeses<\/a> (fecha de publicaci\u00f3n: 12 de marzo de 2024). Ayudas concedidas al ICAC-CERCA para la contrataci\u00f3n de Itziar Guti\u00e9rrez y Isabel Matuzzi.<\/li>\n<\/ul>\n<\/li>\n<\/ul>\n<p>&nbsp;<\/p>\n<hr \/>\n<p><b><strong>CONVOCATORIA JOAN OR\u00d3 2023 (FI)<\/strong><\/b>:<\/p>\n<ul>\n<li style=\"list-style-type: none;\">\n<ul>\n<li><a href=\"https:\/\/icac.cat\/wp-content\/uploads\/2024\/03\/Convocatoria-FI2023-AGAUR_resolucio.pdf\" target=\"_blank\" rel=\"noopener\">RESOLUCI\u00d3 REU\/3468\/2022, de 4 de novembre, per la qual s&#8217;obre la convocat\u00f2ria dels ajuts Joan Or\u00f3 per a la contractaci\u00f3 de personal investigador predoctoral en formaci\u00f3 (FI) per a l&#8217;any 2023 (ref. BDNS 657443) (DOGC\u00a0 n\u00fam.\u00a0 8790 \u00a0publicat el \u00a010\/11\/2022)<\/a><\/li>\n<li>El plazo de presentaci\u00f3n de <a href=\"https:\/\/agaur.gencat.cat\/ca\/beques-i-ajuts\/convocatories-per-temes\/Ajuts-per-a-la-contractacio-de-personal-investigador-novell-FI-2021\">solicitudes<\/a> est\u00e1 cerrado.<\/li>\n<li>Gu\u00eda de usuario para realizar el tr\u00e1mite de enmienda [<a href=\"https:\/\/icac.cat\/wp-content\/uploads\/2024\/03\/Guia_us_tramit_generic_Joan_Oro_CAT.pdf\" target=\"_blank\" rel=\"noopener\">CAT<\/a>]\u00a0[<a href=\"https:\/\/icac.cat\/wp-content\/uploads\/2024\/03\/Guia_us_tramit_generic_Joan_Oro_EN.pdf\" target=\"_blank\" rel=\"noopener\">ENG<\/a>]<\/li>\n<\/ul>\n<\/li>\n<\/ul>\n<p style=\"padding-left: 40px;\"><b><strong>Bases reguladoras Joan Or\u00f3 2023 (FI):<\/strong><\/b><\/p>\n<ul>\n<li style=\"list-style-type: none;\">\n<ul>\n<li><a href=\"https:\/\/icac.cat\/wp-content\/uploads\/2024\/03\/Bases-reguladores-FI-2023_GENCAT.pdf\" target=\"_blank\" rel=\"noopener\">RESOLUCI\u00d3 REU\/3385\/2022, de 28 d&#8217;octubre, per la qual s&#8217;aproven les bases reguladores dels ajuts Joan Or\u00f3 per a la contractaci\u00f3 de personal investigador predoctoral en formaci\u00f3 (FI). (DOGC\u00a0 n\u00fam.\u00a0 8785 \u00a0publicat el \u00a03\/11\/2022)<\/a><\/li>\n<\/ul>\n<\/li>\n<\/ul>\n<p style=\"padding-left: 40px;\"><b><strong>Documentaci\u00f3n de la convocatoria Joan Or\u00f3 2023 (FI):<\/strong><\/b><\/p>\n<ul>\n<li style=\"list-style-type: none;\">\n<ul>\n<li><a href=\"https:\/\/icac.cat\/wp-content\/uploads\/2022\/11\/ICAC_Criteris2023.pdf\" target=\"_blank\" rel=\"noopener\">Sistema y criterios de priorizaci\u00f3n de las solicitudes de las ayudas Joan Or\u00f3 para la contrataci\u00f3n de personal investigador predoctoral en formaci\u00f3n (FI) para el a\u00f1o 2023<\/a> del ICAC-CERCA.<\/li>\n<\/ul>\n<\/li>\n<\/ul>\n<ul>\n<li style=\"list-style-type: none;\">\n<ul>\n<li><a class=\"icona-pdf\" href=\"https:\/\/icac.cat\/wp-content\/uploads\/2024\/03\/Ajuts-Joan-Oro_Resolucio-2023_Gencat.pdf\" target=\"_blank\" rel=\"noopener\">Resoluci\u00f3 de concessi\u00f3 de la convocat\u00f2ria dels ajuts Joan Or\u00f3 per a la contractaci\u00f3 de personal investigador predoctoral en formaci\u00f3 (FI) per a l&#8217;any 2023<\/a> (fecha de publicaci\u00f3n: abril 2023). Ayuda concedida al ICAC-CERCA para la contrataci\u00f3n de Isabel Matuzzi.<\/li>\n<\/ul>\n<\/li>\n<\/ul>\n<p>&nbsp;<\/p>\n<p><a href=\"https:\/\/icac.cat\/wp-content\/uploads\/2024\/03\/Ajuts-Joan-Oro-FI_banner-financament-2024.jpg\"><img loading=\"lazy\" class=\"wp-image-91918 size-full\" src=\"https:\/\/icac.cat\/wp-content\/uploads\/2024\/03\/Ajuts-Joan-Oro-FI_banner-financament-2024.jpg\" alt=\"\" width=\"1600\" height=\"400\" srcset=\"https:\/\/icac.cat\/wp-content\/uploads\/2024\/03\/Ajuts-Joan-Oro-FI_banner-financament-2024.jpg 1600w, https:\/\/icac.cat\/wp-content\/uploads\/2024\/03\/Ajuts-Joan-Oro-FI_banner-financament-2024-400x100.jpg 400w, https:\/\/icac.cat\/wp-content\/uploads\/2024\/03\/Ajuts-Joan-Oro-FI_banner-financament-2024-1024x256.jpg 1024w, https:\/\/icac.cat\/wp-content\/uploads\/2024\/03\/Ajuts-Joan-Oro-FI_banner-financament-2024-768x192.jpg 768w, https:\/\/icac.cat\/wp-content\/uploads\/2024\/03\/Ajuts-Joan-Oro-FI_banner-financament-2024-1536x384.jpg 1536w\" sizes=\"(max-width: 1600px) 100vw, 1600px\" \/><\/a><\/p>\n<p>&nbsp;<\/p>\n<div class=\"small-text\">\n<p>&nbsp;<\/p>\n<\/div>\n","protected":false},"excerpt":{"rendered":"<p>Presentaci\u00f3n El programa de Doctorado en Arqueolog\u00eda Cl\u00e1sica promueve una formaci\u00f3n hacia las culturas mediterr\u00e1neas en sentido amplio, de la protohistoria a la antig\u00fcedad tard\u00eda. El impulsan un equipo de profesores y de investigadores integrados en la actividad de investigaci\u00f3n de cada una de las instituciones participantes (URV, ICAC y UAB) y ofrece un gran [&hellip;]<\/p>\n","protected":false},"author":1,"featured_media":0,"parent":21349,"menu_order":320,"comment_status":"closed","ping_status":"closed","template":"","meta":{"_genesis_hide_title":false,"_genesis_hide_breadcrumbs":false,"_genesis_hide_singular_image":false,"_genesis_hide_footer_widgets":false,"_genesis_custom_body_class":"","_genesis_custom_post_class":"","_genesis_layout":""},"_links":{"self":[{"href":"https:\/\/icac.cat\/es\/wp-json\/wp\/v2\/pages\/21629"}],"collection":[{"href":"https:\/\/icac.cat\/es\/wp-json\/wp\/v2\/pages"}],"about":[{"href":"https:\/\/icac.cat\/es\/wp-json\/wp\/v2\/types\/page"}],"author":[{"embeddable":true,"href":"https:\/\/icac.cat\/es\/wp-json\/wp\/v2\/users\/1"}],"replies":[{"embeddable":true,"href":"https:\/\/icac.cat\/es\/wp-json\/wp\/v2\/comments?post=21629"}],"version-history":[{"count":6,"href":"https:\/\/icac.cat\/es\/wp-json\/wp\/v2\/pages\/21629\/revisions"}],"predecessor-version":[{"id":96237,"href":"https:\/\/icac.cat\/es\/wp-json\/wp\/v2\/pages\/21629\/revisions\/96237"}],"up":[{"embeddable":true,"href":"https:\/\/icac.cat\/es\/wp-json\/wp\/v2\/pages\/21349"}],"wp:attachment":[{"href":"https:\/\/icac.cat\/es\/wp-json\/wp\/v2\/media?parent=21629"}],"curies":[{"name":"wp","href":"https:\/\/api.w.org\/{rel}","templated":true}]}}