{"id":21632,"date":"2015-06-16T10:33:28","date_gmt":"2015-06-16T08:33:28","guid":{"rendered":"http:\/\/www.icac.cat\/es\/formacion\/master-en-arqueologia-classica\/"},"modified":"2025-02-04T12:02:17","modified_gmt":"2025-02-04T11:02:17","slug":"master-arqueologia-clasica-aplicada","status":"publish","type":"page","link":"https:\/\/icac.cat\/es\/formacion\/master-arqueologia-clasica-aplicada\/","title":{"rendered":"M\u00e1ster universitario en Arqueolog\u00eda Cl\u00e1sica Aplicada. Investigaci\u00f3n y transferencia"},"content":{"rendered":"<h4>M\u00e1ster universitario en Arqueolog\u00eda Cl\u00e1sica Aplicada. Investigaci\u00f3n y Transferencia &#8211; 2\u00aa edici\u00f3n<\/h4>\n<div class=\"intro\">\n<div class=\"highlight-block\">\n<p>La Universidad Rovira y Virgili (URV), el Instituto Catal\u00e1n de Arqueolog\u00eda Cl\u00e1sica (ICAC) y la Universidad Aut\u00f3noma de Barcelona UAB) organizan el <a href=\"https:\/\/www.urv.cat\/es\/estudios\/masteres\/oferta\/arqueologia-clasica-aplicada\/\" target=\"_blank\" rel=\"noopener\">M\u00e1ster universitario en Arqueolog\u00eda Cl\u00e1sica Aplicada. Investigaci\u00f3n y Transferencia (MACA)<\/a> para la formaci\u00f3n avanzada en t\u00e9cnicas y tecnolog\u00edas cient\u00edficas pioneras en arqueolog\u00eda.<\/p>\n<\/div>\n<p>&nbsp;<\/p>\n<p>Este nuevo programa de m\u00e1ster es un propuesta interesante para todas aquellas personas que deseen profundizar en el estudio de la cultura material de la antig\u00fcedad con un marco metodol\u00f3gico riguroso y profesionalizador.<\/p>\n<h6><span style=\"color: #ff6600;\">Una nueva perspectiva de la Arqueolog\u00eda Cl\u00e1sica<\/span><\/h6>\n<p>El nuevo m\u00e1ster MACA se dirige a personas tituladas en el \u00e1mbito de la arqueolog\u00eda, los estudios cl\u00e1sicos, historia, historia del arte, antropolog\u00eda y arquitectura, entre otros, que quieren<strong> formarse en los nuevos campos profesionales de la arqueolog\u00eda y especializarse en t\u00e9cnicas y metodolog\u00edas pioneras<\/strong> como los sistemas de informaci\u00f3n geogr\u00e1fica y la inteligencia artificial (IA), la arqueometr\u00eda lap\u00eddea, el an\u00e1lisis de restos bioarqueol\u00f3gicos o la creaci\u00f3n de modelos 3D a partir de restos arquitect\u00f3nicos.<\/p>\n<div class=\"highlight-block\">\n<p>Adem\u00e1s de la formaci\u00f3n acad\u00e9mica te\u00f3rica, se potencia tambi\u00e9n la profundizaci\u00f3n en las t\u00e9cnicas de laboratorio para una carrera cient\u00edfico-t\u00e9cnica, as\u00ed como los recursos inform\u00e1ticos que pueden ofrecer un camino laboral en el \u00e1mbito de la gesti\u00f3n y la difusi\u00f3n del patrimonio.<\/p>\n<\/div>\n<h6><span style=\"color: #ff6600;\">Tres l\u00edneas de especializaci\u00f3n<\/span><\/h6>\n<p>El nuevo programa ofrece tres itinerarios de optativas, que permiten conocer las diferentes vertientes de la arqueolog\u00eda y especializarse en:<\/p>\n<ul>\n<li class=\"first\">Arqueolog\u00eda del paisaje<\/li>\n<li>Arqueolog\u00eda de la arquitectura<\/li>\n<li class=\"last\">Arqueolog\u00eda de la cultura material<\/li>\n<\/ul>\n<p>En el <a class=\"document\" href=\"https:\/\/www.urv.cat\/es\/estudios\/masteres\/oferta\/arqueologia-clasica-aplicada\/plan-estudios\/\" target=\"_blank\" rel=\"document noopener\">plan de estudios del m\u00e1ster<\/a> puedes ver la lista de las asignaturas para cada una de las especialidades y tambi\u00e9n, comprobar la modalidad de la docencia (semipresencial o virtual).<\/p>\n<h6><span style=\"color: #ff6600;\">Formato semipresencial<\/span><\/h6>\n<p>La presencialidad del m\u00e1ster se concentra en las actividades pr\u00e1cticas y de laboratorio, mientras que las clases te\u00f3ricas se imparten en l\u00ednea a trav\u00e9s del campus virtual de la URV (Moodle) y se concentran en uno o dos d\u00edas a la semana durante el primer cuatrimestre (de septiembre a enero).<\/p>\n<p>Las actividades pr\u00e1cticas y de especializaci\u00f3n se llevar\u00e1n a cabo en los laboratorios e instalaciones de las tres instituciones que participan en el m\u00e1ster (URV, ICAC, UAB), de modo que la movilidad est\u00e1 garantizada y el alumnado podr\u00e1 conocer los tres centros de primera mano.<\/p>\n<p>Existe la posibilidad de acceder a becas para cubrir los gastos de esta movilidad, as\u00ed como programas de becas propios de las distintas instituciones participantes.<\/p>\n<p style=\"text-align: center;\"><a href=\"https:\/\/www.urv.cat\/es\/estudios\/masteres\/oferta\/arqueologia-clasica-aplicada\/informacion-academica\/\" target=\"_blank\" rel=\"noopener\">M\u00e1s informaci\u00f3n<\/a><\/p>\n<\/div>\n<p><a href=\"https:\/\/icac.cat\/wp-content\/uploads\/2024\/02\/Master-MACA_cartell_ES.jpg\"><img loading=\"lazy\" class=\"aligncenter size-full wp-image-91376\" src=\"https:\/\/icac.cat\/wp-content\/uploads\/2024\/02\/Master-MACA_cartell_ES.jpg\" alt=\"\" width=\"2000\" height=\"1545\" srcset=\"https:\/\/icac.cat\/wp-content\/uploads\/2024\/02\/Master-MACA_cartell_ES.jpg 2000w, https:\/\/icac.cat\/wp-content\/uploads\/2024\/02\/Master-MACA_cartell_ES-400x309.jpg 400w, https:\/\/icac.cat\/wp-content\/uploads\/2024\/02\/Master-MACA_cartell_ES-1024x791.jpg 1024w, https:\/\/icac.cat\/wp-content\/uploads\/2024\/02\/Master-MACA_cartell_ES-768x593.jpg 768w, https:\/\/icac.cat\/wp-content\/uploads\/2024\/02\/Master-MACA_cartell_ES-1536x1187.jpg 1536w\" sizes=\"(max-width: 2000px) 100vw, 2000px\" \/><\/a><\/p>\n<p>&nbsp;<\/p>\n<h6><\/h6>\n<h6><span style=\"color: #ff6600;\">Descubre las ventajas de un programa interuniversitario<\/span><\/h6>\n<div class=\"intro\">\n<p>Las tres instituciones que impulsan la titulaci\u00f3n, la URV, el ICAC y la UAB, colaboran desde 2006 en la formaci\u00f3n especializada en arqueolog\u00eda cl\u00e1sica aportando su experiencia y un equipo de profesorado altamente cualificado.<\/p>\n<p>El car\u00e1cter interinstitucional del m\u00e1ster permite ofrecer docencia en un amplio abanico de materias de investigaci\u00f3n y\u00a0 especializaciones; un entorno que promueve los <strong>estudios transversales y transdisciplinarios<\/strong> que combinan diferentes especialidades, aproximaciones y metodolog\u00edas.<\/p>\n<p>&nbsp;<\/p>\n<p><img loading=\"lazy\" class=\"alignleft wp-image-75935 size-thumbnail\" src=\"https:\/\/icac.cat\/wp-content\/uploads\/2022\/03\/Belarte_Icrea-120x120.jpg\" alt=\"\" width=\"120\" height=\"120\" \/>La <a href=\"http:\/\/icac.cat\/es\/quienes-somos\/personal\/cbelarte\/\" target=\"_blank\" rel=\"noopener\">Dra. Maria Carme Belarte<\/a>, ICREA Research Professor e investigadora en el ICAC, es la responsable acad\u00e9mica del programa de m\u00e1ster en el ICAC:<\/p>\n<\/div>\n<blockquote>\n<p style=\"text-align: left;\">La interdisciplinariedad y transversalidad del profesorado del m\u00e1ster permite que los trabajos de fin de m\u00e1ster (TFM) sean codirigidos por investigadores\/as de diferentes especialidades que se complementan entre s\u00ed.<\/p>\n<\/blockquote>\n<p>&nbsp;<\/p>\n<p style=\"text-align: left;\"><img loading=\"lazy\" class=\"alignleft size-thumbnail wp-image-11206\" src=\"https:\/\/icac.cat\/wp-content\/uploads\/2015\/09\/Gorostidi-Diana1-120x120.jpg\" alt=\"\" width=\"120\" height=\"120\" \/>La Dra. <a href=\"http:\/\/icac.cat\/es\/quienes-somos\/personal\/dgorostidi\/\" target=\"_blank\" rel=\"noopener\">Diana Gorostidi Pi<\/a>, profesora de la URV e investigadora del ICAC, es la coordinadora del m\u00e1ster:<\/p>\n<div class=\"intro\">\n<blockquote>\n<p class=\"frase\">El car\u00e1cter interinstitucional del m\u00e1ster en que participan la URV, la UAB y el ICAC permite ofrecer docencia en un amplio abanico de materias de investigaci\u00f3n especializada, de forma que el alumno puede conocer las diferentes vertientes de la arqueolog\u00eda.<\/p>\n<\/blockquote>\n<\/div>\n<p>&nbsp;<\/p>\n<p style=\"text-align: center;\"><a href=\"https:\/\/www.urv.cat\/es\/estudios\/masteres\/oferta\/arqueologia-clasica-aplicada\/relacion-profesorado\/\" target=\"_blank\" rel=\"noopener\">Relaci\u00f3n de profesorado del m\u00e1ster<\/a><\/p>\n<h6><span style=\"color: #ff6600;\">Informaci\u00f3n b\u00e1sica<\/span><\/h6>\n<ul>\n<li>Duraci\u00f3n: 60 ECTS<\/li>\n<li>Plazas de nuevo ingreso: 25<\/li>\n<li>Modalidad: semipresencial<\/li>\n<li>Idiomas: catal\u00e1n (30 %), castellano (40 %) e ingl\u00e9s (30 %)<\/li>\n<li>Horario: las clases presenciales se concentran en uno o dos d\u00edas a la semana durante el primer cuatrimestre (de septiembre a enero).<\/li>\n<li>Fecha de inicio y final de la docencia: de octubre a junio<\/li>\n<li>Las clases presenciales tienen lugar en Tarragona (Facultad de Letras de la URV e ICAC) y, dos asignaturas, en Barcelona (Facultad de Filosof\u00eda y Letras de la UAB).<\/li>\n<li>Precio: 1.806 \u20ac (precio del curso 2023-24)<\/li>\n<\/ul>\n<div class=\"highlight-block\">\n<p style=\"text-align: center;\"><em>La preinscripci\u00f3n para el curso 2024-25 est\u00e1 cerrada.<\/em><\/p>\n<p style=\"text-align: center;\"><a href=\"https:\/\/www.urv.cat\/es\/estudios\/masteres\/oferta\/arqueologia-clasica-aplicada\/\" target=\"_blank\" rel=\"noopener\">M\u00e1s informaci\u00f3n<\/a><\/p>\n<\/div>\n<h6><span style=\"color: #ff6600;\"><strong>Informaci\u00f3n y contacto:<\/strong><\/span><\/h6>\n<ul>\n<li><strong>Secretar\u00eda de formaci\u00f3n avanzada del ICAC<\/strong><\/li>\n<\/ul>\n<p style=\"padding-left: 60px;\">Tel\u00e9fono: 977 249 133<\/p>\n<p style=\"padding-left: 60px;\">Correo electr\u00f3nico: <a href=\"mailto:agallego@icac.cat\">agallego@icac.cat<\/a><\/p>\n<ul>\n<li><strong>Oficina de Atenci\u00f3n al M\u00e1ster (URV)<\/strong><\/li>\n<\/ul>\n<p style=\"padding-left: 60px;\">Tel\u00e9fono: 977 779 944<\/p>\n<p style=\"padding-left: 60px;\">Correo electr\u00f3nico: <a href=\"mailto:postgrau@urv.cat\">postgrau@urv.cat<\/a><\/p>\n<ul>\n<li><a href=\"https:\/\/www.urv.cat\/es\/estudios\/masteres\/oferta\/arqueologia-clasica-aplicada\/\" target=\"_blank\" rel=\"noopener\">Web oficial del m\u00e1ster MACA<\/a><\/li>\n<\/ul>\n<p style=\"text-align: center;\"><img loading=\"lazy\" class=\"aligncenter size-large wp-image-75958\" style=\"background-color: #ffffff;\" src=\"https:\/\/icac.cat\/wp-content\/uploads\/2022\/03\/MACA-diptic-ES-b-1024x791.png\" alt=\"\" width=\"790\" height=\"610\" srcset=\"https:\/\/icac.cat\/wp-content\/uploads\/2022\/03\/MACA-diptic-ES-b-1024x791.png 1024w, https:\/\/icac.cat\/wp-content\/uploads\/2022\/03\/MACA-diptic-ES-b-400x309.png 400w, https:\/\/icac.cat\/wp-content\/uploads\/2022\/03\/MACA-diptic-ES-b-768x593.png 768w, https:\/\/icac.cat\/wp-content\/uploads\/2022\/03\/MACA-diptic-ES-b-1536x1187.png 1536w, https:\/\/icac.cat\/wp-content\/uploads\/2022\/03\/MACA-diptic-ES-b.png 2000w\" sizes=\"(max-width: 790px) 100vw, 790px\" \/><\/p>\n<p>&nbsp;<\/p>\n","protected":false},"excerpt":{"rendered":"<p>M\u00e1ster universitario en Arqueolog\u00eda Cl\u00e1sica Aplicada. Investigaci\u00f3n y Transferencia &#8211; 2\u00aa edici\u00f3n La Universidad Rovira y Virgili (URV), el Instituto Catal\u00e1n de Arqueolog\u00eda Cl\u00e1sica (ICAC) y la Universidad Aut\u00f3noma de Barcelona UAB) organizan el M\u00e1ster universitario en Arqueolog\u00eda Cl\u00e1sica Aplicada. Investigaci\u00f3n y Transferencia (MACA) para la formaci\u00f3n avanzada en t\u00e9cnicas y tecnolog\u00edas cient\u00edficas pioneras en [&hellip;]<\/p>\n","protected":false},"author":1,"featured_media":0,"parent":21349,"menu_order":310,"comment_status":"closed","ping_status":"closed","template":"","meta":{"_genesis_hide_title":false,"_genesis_hide_breadcrumbs":false,"_genesis_hide_singular_image":false,"_genesis_hide_footer_widgets":false,"_genesis_custom_body_class":"","_genesis_custom_post_class":"","_genesis_layout":""},"_links":{"self":[{"href":"https:\/\/icac.cat\/es\/wp-json\/wp\/v2\/pages\/21632"}],"collection":[{"href":"https:\/\/icac.cat\/es\/wp-json\/wp\/v2\/pages"}],"about":[{"href":"https:\/\/icac.cat\/es\/wp-json\/wp\/v2\/types\/page"}],"author":[{"embeddable":true,"href":"https:\/\/icac.cat\/es\/wp-json\/wp\/v2\/users\/1"}],"replies":[{"embeddable":true,"href":"https:\/\/icac.cat\/es\/wp-json\/wp\/v2\/comments?post=21632"}],"version-history":[{"count":7,"href":"https:\/\/icac.cat\/es\/wp-json\/wp\/v2\/pages\/21632\/revisions"}],"predecessor-version":[{"id":97741,"href":"https:\/\/icac.cat\/es\/wp-json\/wp\/v2\/pages\/21632\/revisions\/97741"}],"up":[{"embeddable":true,"href":"https:\/\/icac.cat\/es\/wp-json\/wp\/v2\/pages\/21349"}],"wp:attachment":[{"href":"https:\/\/icac.cat\/es\/wp-json\/wp\/v2\/media?parent=21632"}],"curies":[{"name":"wp","href":"https:\/\/api.w.org\/{rel}","templated":true}]}}