{"id":21662,"date":"2015-06-17T16:51:44","date_gmt":"2015-06-17T14:51:44","guid":{"rendered":"http:\/\/www.icac.cat\/es\/difusion\/arxiu-de-blogs\/"},"modified":"2017-02-17T12:00:37","modified_gmt":"2017-02-17T11:00:37","slug":"archivo-de-blogs","status":"publish","type":"page","link":"https:\/\/icac.cat\/es\/difusion\/archivo-de-blogs\/","title":{"rendered":"Archivo de blogs"},"content":{"rendered":"<p>El ICAC ha tenido un par de blogs, que contin\u00faan consultables: uno sobre divulgaci\u00f3n de la arqueolog\u00eda y la antig\u00fcedad cl\u00e1sica, <strong>Picant pedra<\/strong> (2011-2013),y el otro sobre les excavaciones en la Catedral de Tarragona (2010-2011),<strong> A la recerca del temple d\u2019August<\/strong>. Ambos blogs est\u00e1n en la plataforma de la revista de divulgaci\u00f3n hist\u00f3rica <em>S\u00e0piens.<\/em><\/p>\n<p><a href=\"http:\/\/blogs.sapiens.cat\/picantpedra\/\"><img loading=\"lazy\" class=\"alignleft wp-image-11307 size-thumbnail\" src=\"https:\/\/icac.cat\/wp-content\/uploads\/2015\/06\/picantpedra-120x120.jpg\" alt=\"picantpedra\" width=\"120\" height=\"120\" \/><\/a><strong>Picant pedra<\/strong><br \/>\n<a href=\"http:\/\/blogs.sapiens.cat\/picantpedra\/\" target=\"_blank\">http:\/\/blogs.sapiens.cat\/picantpedra\/<\/a><\/p>\n<p>&nbsp;<\/p>\n<p>&nbsp;<\/p>\n<p><strong><a href=\"http:\/\/blogs.sapiens.cat\/recercatempleaugust\/\"><img loading=\"lazy\" class=\"alignleft wp-image-11309 size-thumbnail\" src=\"https:\/\/icac.cat\/wp-content\/uploads\/2015\/06\/alarecerca-120x120.jpg\" alt=\"alarecerca\" width=\"120\" height=\"120\" \/><\/a>A la recerca del temple d\u2019August<\/strong><br \/>\n<a href=\"http:\/\/blogs.sapiens.cat\/recercatempleaugust\/\" target=\"_blank\">http:\/\/blogs.sapiens.cat\/recercatempleaugust\/<\/a><\/p>\n","protected":false},"excerpt":{"rendered":"<p>El ICAC ha tenido un par de blogs, que contin\u00faan consultables: uno sobre divulgaci\u00f3n de la arqueolog\u00eda y la antig\u00fcedad cl\u00e1sica, Picant pedra (2011-2013),y el otro sobre les excavaciones en la Catedral de Tarragona (2010-2011), A la recerca del temple d\u2019August. Ambos blogs est\u00e1n en la plataforma de la revista de divulgaci\u00f3n hist\u00f3rica S\u00e0piens. Picant [&hellip;]<\/p>\n","protected":false},"author":1,"featured_media":0,"parent":21351,"menu_order":52,"comment_status":"closed","ping_status":"closed","template":"","meta":{"_genesis_hide_title":false,"_genesis_hide_breadcrumbs":false,"_genesis_hide_singular_image":false,"_genesis_hide_footer_widgets":false,"_genesis_custom_body_class":"","_genesis_custom_post_class":"","_genesis_layout":""},"_links":{"self":[{"href":"https:\/\/icac.cat\/es\/wp-json\/wp\/v2\/pages\/21662"}],"collection":[{"href":"https:\/\/icac.cat\/es\/wp-json\/wp\/v2\/pages"}],"about":[{"href":"https:\/\/icac.cat\/es\/wp-json\/wp\/v2\/types\/page"}],"author":[{"embeddable":true,"href":"https:\/\/icac.cat\/es\/wp-json\/wp\/v2\/users\/1"}],"replies":[{"embeddable":true,"href":"https:\/\/icac.cat\/es\/wp-json\/wp\/v2\/comments?post=21662"}],"version-history":[{"count":3,"href":"https:\/\/icac.cat\/es\/wp-json\/wp\/v2\/pages\/21662\/revisions"}],"predecessor-version":[{"id":25216,"href":"https:\/\/icac.cat\/es\/wp-json\/wp\/v2\/pages\/21662\/revisions\/25216"}],"up":[{"embeddable":true,"href":"https:\/\/icac.cat\/es\/wp-json\/wp\/v2\/pages\/21351"}],"wp:attachment":[{"href":"https:\/\/icac.cat\/es\/wp-json\/wp\/v2\/media?parent=21662"}],"curies":[{"name":"wp","href":"https:\/\/api.w.org\/{rel}","templated":true}]}}