{"id":21669,"date":"2015-06-17T16:50:50","date_gmt":"2015-06-17T14:50:50","guid":{"rendered":"http:\/\/www.icac.cat\/es\/difusion\/transferencia-del-coneixement\/"},"modified":"2017-02-17T11:30:35","modified_gmt":"2017-02-17T10:30:35","slug":"transferencia-del-conocimiento","status":"publish","type":"page","link":"https:\/\/icac.cat\/es\/difusion\/transferencia-del-conocimiento\/","title":{"rendered":"Transferencia del conocimiento"},"content":{"rendered":"<p>El ICAC lleva a cabo una triple actividad de transferencia del conocimiento en base al apoyo a las instituciones de gesti\u00f3n del Patrimonio: implementa la investigaci\u00f3n en otros proyectos de socializaci\u00f3n, presta servicios cient\u00edfico-t\u00e9cnicos derivados de la investigaci\u00f3n en las ciencias experimentales aplicadas a la arqueolog\u00eda cl\u00e1sica y establece sinergias con instituciones responsables de la formaci\u00f3n en secundaria y bachillerato en el campo de las ciencias de la antig\u00fcedad.<\/p>\n<p>Esta triple vertiente favorece la territorializaci\u00f3n de las actuaciones del ICAC. Tambi\u00e9n abre nuevos campos de colaboraci\u00f3n interdisciplinaria con diversos agentes que intervienen en el tratamiento y la difusi\u00f3n del patrimonio hist\u00f3rico.<\/p>\n<p>Entre los proyectos de transferencia de conocimiento m\u00e1s relevantes del ICAC destacan los siguientes:<\/p>\n","protected":false},"excerpt":{"rendered":"<p>El ICAC lleva a cabo una triple actividad de transferencia del conocimiento en base al apoyo a las instituciones de gesti\u00f3n del Patrimonio: implementa la investigaci\u00f3n en otros proyectos de socializaci\u00f3n, presta servicios cient\u00edfico-t\u00e9cnicos derivados de la investigaci\u00f3n en las ciencias experimentales aplicadas a la arqueolog\u00eda cl\u00e1sica y establece sinergias con instituciones responsables de la [&hellip;]<\/p>\n","protected":false},"author":1,"featured_media":0,"parent":21351,"menu_order":43,"comment_status":"closed","ping_status":"closed","template":"template-llistat-fills.php","meta":{"_genesis_hide_title":false,"_genesis_hide_breadcrumbs":false,"_genesis_hide_singular_image":false,"_genesis_hide_footer_widgets":false,"_genesis_custom_body_class":"","_genesis_custom_post_class":"","_genesis_layout":""},"_links":{"self":[{"href":"https:\/\/icac.cat\/es\/wp-json\/wp\/v2\/pages\/21669"}],"collection":[{"href":"https:\/\/icac.cat\/es\/wp-json\/wp\/v2\/pages"}],"about":[{"href":"https:\/\/icac.cat\/es\/wp-json\/wp\/v2\/types\/page"}],"author":[{"embeddable":true,"href":"https:\/\/icac.cat\/es\/wp-json\/wp\/v2\/users\/1"}],"replies":[{"embeddable":true,"href":"https:\/\/icac.cat\/es\/wp-json\/wp\/v2\/comments?post=21669"}],"version-history":[{"count":3,"href":"https:\/\/icac.cat\/es\/wp-json\/wp\/v2\/pages\/21669\/revisions"}],"predecessor-version":[{"id":25201,"href":"https:\/\/icac.cat\/es\/wp-json\/wp\/v2\/pages\/21669\/revisions\/25201"}],"up":[{"embeddable":true,"href":"https:\/\/icac.cat\/es\/wp-json\/wp\/v2\/pages\/21351"}],"wp:attachment":[{"href":"https:\/\/icac.cat\/es\/wp-json\/wp\/v2\/media?parent=21669"}],"curies":[{"name":"wp","href":"https:\/\/api.w.org\/{rel}","templated":true}]}}