{"id":21671,"date":"2015-06-17T16:42:39","date_gmt":"2015-06-17T14:42:39","guid":{"rendered":"http:\/\/www.icac.cat\/es\/difusion\/activitats-dels-investigadors\/"},"modified":"2018-02-19T11:16:53","modified_gmt":"2018-02-19T10:16:53","slug":"actividades-de-los-investigadores","status":"publish","type":"page","link":"https:\/\/icac.cat\/es\/difusion\/actividades-de-los-investigadores\/","title":{"rendered":"Actividades de los investigadores"},"content":{"rendered":"<p>Toda la actividad de los investigadores del Instituto para dar a conocer su investigaci\u00f3n, ya sea en \u00e1mbito cient\u00edfico como divulgativo, la encontrar\u00e1 aqu\u00ed.<\/p>\n<p><a href=\"https:\/\/icac.cat\/es\/difusion\/actividades-de-los-investigadores\/cientificas\/\">Cient\u00edficas<\/a><br \/>\n<a href=\"https:\/\/icac.cat\/es\/difusion\/actividades-de-los-investigadores\/de-difusion-y-transferencia\/\">De difusi\u00f3n y transferencia<\/a><\/p>\n","protected":false},"excerpt":{"rendered":"<p>Toda la actividad de los investigadores del Instituto para dar a conocer su investigaci\u00f3n, ya sea en \u00e1mbito cient\u00edfico como divulgativo, la encontrar\u00e1 aqu\u00ed. Cient\u00edficas De difusi\u00f3n y transferencia<\/p>\n","protected":false},"author":1,"featured_media":0,"parent":21351,"menu_order":42,"comment_status":"closed","ping_status":"closed","template":"","meta":{"_genesis_hide_title":false,"_genesis_hide_breadcrumbs":false,"_genesis_hide_singular_image":false,"_genesis_hide_footer_widgets":false,"_genesis_custom_body_class":"","_genesis_custom_post_class":"","_genesis_layout":""},"_links":{"self":[{"href":"https:\/\/icac.cat\/es\/wp-json\/wp\/v2\/pages\/21671"}],"collection":[{"href":"https:\/\/icac.cat\/es\/wp-json\/wp\/v2\/pages"}],"about":[{"href":"https:\/\/icac.cat\/es\/wp-json\/wp\/v2\/types\/page"}],"author":[{"embeddable":true,"href":"https:\/\/icac.cat\/es\/wp-json\/wp\/v2\/users\/1"}],"replies":[{"embeddable":true,"href":"https:\/\/icac.cat\/es\/wp-json\/wp\/v2\/comments?post=21671"}],"version-history":[{"count":3,"href":"https:\/\/icac.cat\/es\/wp-json\/wp\/v2\/pages\/21671\/revisions"}],"predecessor-version":[{"id":31191,"href":"https:\/\/icac.cat\/es\/wp-json\/wp\/v2\/pages\/21671\/revisions\/31191"}],"up":[{"embeddable":true,"href":"https:\/\/icac.cat\/es\/wp-json\/wp\/v2\/pages\/21351"}],"wp:attachment":[{"href":"https:\/\/icac.cat\/es\/wp-json\/wp\/v2\/media?parent=21671"}],"curies":[{"name":"wp","href":"https:\/\/api.w.org\/{rel}","templated":true}]}}