{"id":21674,"date":"2015-06-17T16:42:11","date_gmt":"2015-06-17T14:42:11","guid":{"rendered":"http:\/\/www.icac.cat\/es\/difusion\/activitats-de-licac\/"},"modified":"2023-11-28T06:41:02","modified_gmt":"2023-11-28T05:41:02","slug":"actividades-icac","status":"publish","type":"page","link":"https:\/\/icac.cat\/es\/difusion\/actividades-icac\/","title":{"rendered":"Actividades del ICAC"},"content":{"rendered":"<p>El ICAC organiza y coorganiza actividades cient\u00edficas como congresos y seminarios, actividades de difusi\u00f3n de la arqueolog\u00eda cl\u00e1sica y actos diversos para dar a conocer esta disciplina.<\/p>\n<p>&nbsp;<\/p>\n","protected":false},"excerpt":{"rendered":"<p>El ICAC organiza y coorganiza actividades cient\u00edficas como congresos y seminarios, actividades de difusi\u00f3n de la arqueolog\u00eda cl\u00e1sica y actos diversos para dar a conocer esta disciplina. &nbsp;<\/p>\n","protected":false},"author":1,"featured_media":0,"parent":21351,"menu_order":41,"comment_status":"closed","ping_status":"closed","template":"","meta":{"_genesis_hide_title":false,"_genesis_hide_breadcrumbs":false,"_genesis_hide_singular_image":false,"_genesis_hide_footer_widgets":false,"_genesis_custom_body_class":"","_genesis_custom_post_class":"","_genesis_layout":""},"_links":{"self":[{"href":"https:\/\/icac.cat\/es\/wp-json\/wp\/v2\/pages\/21674"}],"collection":[{"href":"https:\/\/icac.cat\/es\/wp-json\/wp\/v2\/pages"}],"about":[{"href":"https:\/\/icac.cat\/es\/wp-json\/wp\/v2\/types\/page"}],"author":[{"embeddable":true,"href":"https:\/\/icac.cat\/es\/wp-json\/wp\/v2\/users\/1"}],"replies":[{"embeddable":true,"href":"https:\/\/icac.cat\/es\/wp-json\/wp\/v2\/comments?post=21674"}],"version-history":[{"count":7,"href":"https:\/\/icac.cat\/es\/wp-json\/wp\/v2\/pages\/21674\/revisions"}],"predecessor-version":[{"id":88938,"href":"https:\/\/icac.cat\/es\/wp-json\/wp\/v2\/pages\/21674\/revisions\/88938"}],"up":[{"embeddable":true,"href":"https:\/\/icac.cat\/es\/wp-json\/wp\/v2\/pages\/21351"}],"wp:attachment":[{"href":"https:\/\/icac.cat\/es\/wp-json\/wp\/v2\/media?parent=21674"}],"curies":[{"name":"wp","href":"https:\/\/api.w.org\/{rel}","templated":true}]}}