{"id":21686,"date":"2015-06-17T18:25:17","date_gmt":"2015-06-17T16:25:17","guid":{"rendered":"http:\/\/www.icac.cat\/es\/actualidad\/notes-de-premsa\/"},"modified":"2023-10-13T14:37:00","modified_gmt":"2023-10-13T12:37:00","slug":"prensa","status":"publish","type":"page","link":"https:\/\/icac.cat\/es\/actualidad\/prensa\/","title":{"rendered":"Prensa"},"content":{"rendered":"<p>Ponemos a disposici\u00f3 de los medios de comunicaci\u00f3n las convocatorias y notas de prensa del ICAC. Para cualquier consulta, no dude en contactar con Comunicaci\u00f3n:<\/p>\n<p><a href=\"mailto:cbadia@icac.cat\">comunicacio@icac.cat<\/a><br \/>\nTel. 977 24 91 33 (extensi\u00f3n 230)<\/p>\n<p>&nbsp;<\/p>\n<h6>Notas de prensa<\/h6>\n<p><a href=\"https:\/\/icac.cat\/wp-content\/uploads\/2023\/10\/NdP_13.10.2023_Las-raices-de-la-trashumancia-tienen-2500-anos-de-antiguedad_IPHES-ES.docx\" target=\"_blank\" rel=\"noopener\">Las ra\u00edces de la trashumancia tienen 2.500 a\u00f1os de antig\u00fcedad<\/a>, nota conjunta con el IPHES, 13 de octubre de 2023.<\/p>\n<p>&nbsp;<\/p>\n<h6><span style=\"color: #433030; font-family: 'Noto Serif', serif; font-size: 18px; font-weight: bold;\">Convocatorias de prensa<\/span><\/h6>\n<p>&nbsp;<\/p>\n<p>&nbsp;<\/p>\n<p>&nbsp;<\/p>\n","protected":false},"excerpt":{"rendered":"<p>Ponemos a disposici\u00f3 de los medios de comunicaci\u00f3n las convocatorias y notas de prensa del ICAC. Para cualquier consulta, no dude en contactar con Comunicaci\u00f3n: comunicacio@icac.cat Tel. 977 24 91 33 (extensi\u00f3n 230) &nbsp; Notas de prensa Las ra\u00edces de la trashumancia tienen 2.500 a\u00f1os de antig\u00fcedad, nota conjunta con el IPHES, 13 de octubre [&hellip;]<\/p>\n","protected":false},"author":1,"featured_media":0,"parent":21353,"menu_order":660,"comment_status":"closed","ping_status":"closed","template":"","meta":{"_genesis_hide_title":false,"_genesis_hide_breadcrumbs":false,"_genesis_hide_singular_image":false,"_genesis_hide_footer_widgets":false,"_genesis_custom_body_class":"","_genesis_custom_post_class":"","_genesis_layout":""},"_links":{"self":[{"href":"https:\/\/icac.cat\/es\/wp-json\/wp\/v2\/pages\/21686"}],"collection":[{"href":"https:\/\/icac.cat\/es\/wp-json\/wp\/v2\/pages"}],"about":[{"href":"https:\/\/icac.cat\/es\/wp-json\/wp\/v2\/types\/page"}],"author":[{"embeddable":true,"href":"https:\/\/icac.cat\/es\/wp-json\/wp\/v2\/users\/1"}],"replies":[{"embeddable":true,"href":"https:\/\/icac.cat\/es\/wp-json\/wp\/v2\/comments?post=21686"}],"version-history":[{"count":6,"href":"https:\/\/icac.cat\/es\/wp-json\/wp\/v2\/pages\/21686\/revisions"}],"predecessor-version":[{"id":88052,"href":"https:\/\/icac.cat\/es\/wp-json\/wp\/v2\/pages\/21686\/revisions\/88052"}],"up":[{"embeddable":true,"href":"https:\/\/icac.cat\/es\/wp-json\/wp\/v2\/pages\/21353"}],"wp:attachment":[{"href":"https:\/\/icac.cat\/es\/wp-json\/wp\/v2\/media?parent=21686"}],"curies":[{"name":"wp","href":"https:\/\/api.w.org\/{rel}","templated":true}]}}