{"id":21754,"date":"2015-09-02T11:22:09","date_gmt":"2015-09-02T09:22:09","guid":{"rendered":"http:\/\/www.icac.cat\/es\/difusion\/transferencia-del-conocimiento\/parc-arqueologic-de-iesso-guissona\/"},"modified":"2017-05-25T11:23:10","modified_gmt":"2017-05-25T09:23:10","slug":"parque-arqueologico-de-iesso-guissona","status":"publish","type":"page","link":"https:\/\/icac.cat\/es\/difusion\/transferencia-del-conocimiento\/parque-arqueologico-de-iesso-guissona\/","title":{"rendered":"Parque Arqueol\u00f3gico de Iesso (Guissona)"},"content":{"rendered":"<div class=\"highlight-block small-text\">\n<p><strong>Coordinador:<\/strong> Josep Guitart<br \/>\n<strong>Instituci\u00f3n financiadora:<\/strong> Ayuntamiento de Guissona, Universitat Aut\u00f2noma de Barcelona, IEC i ICAC.<\/p>\n<\/div>\n<h4>Resumen<\/h4>\n<p>Desde el a\u00f1o 2004 el ICAC participa activamente en la investigaci\u00f3n arqueol\u00f3gica y transmisi\u00f3n del conocimiento de la ciudad romana de Iesso, en estrecha colaboraci\u00f3n con la Universitat Aut\u00f2noma de Barcelona, \u200b\u200bel Ayuntamiento de Guissona y el IEC (Institut d&#8217;Estudis Catalans).<\/p>\n<h4>Descripci\u00f3n<\/h4>\n<p>Los resultados obtenidos en el proyecto de \u00abInvestigaci\u00f3n Arqueol\u00f3gica en Iesso (Guissona)\u00bb han permitido la inauguraci\u00f3n en 2011 del Parque Arqueol\u00f3gico de la ciudad de Iesso y de la renovaci\u00f3n muse\u00edstica del Museo-Centro de Interpretaci\u00f3n Eduard Camps de Guissona.<\/p>\n<p>Los trabajos arqueol\u00f3gicos aportan nuevos contenidos a las actuaciones de difusi\u00f3n y han capacidad el asesoramiento t\u00e9cnico del proyecto arquitect\u00f3nico ejecutado durante la construcci\u00f3n del nuevo parque arqueol\u00f3gico. La documentaci\u00f3n gr\u00e1fica y la aplicaci\u00f3n de nuevas t\u00e9cnicas de georeferenciaci\u00f3n han permitido incrementar los recursos pedag\u00f3gicos y el desarrollo de una audiogu\u00eda del Parque.<\/p>\n<p>Tambi\u00e9n se ha colaborado en la elaboraci\u00f3n de un nuevo audiovisual incorporado en la visita del Museo-Centro de Interpretaci\u00f3n. Esta actividad fue merecedora del premio Musa 2012 de la Fundaci\u00f3n Auriga a la Mejor Exposici\u00f3n Permanente.<\/p>\n<div data-carousel-extra='{\"blog_id\":1,\"permalink\":\"https:\\\/\\\/icac.cat\\\/es\\\/difusion\\\/transferencia-del-conocimiento\\\/parque-arqueologico-de-iesso-guissona\\\/\"}' class=\"tiled-gallery type-square\" data-original-width=\"790\"><div class=\"tiled-gallery-item\"><a border=\"0\" href=\"https:\/\/icac.cat\/wp-content\/uploads\/2015\/09\/5.jpg\"><img data-attachment-id=\"63872\" data-orig-file=\"https:\/\/icac.cat\/wp-content\/uploads\/2015\/09\/5.jpg\" data-orig-size=\"800,567\" data-comments-opened=\"0\" data-image-meta=\"{&quot;aperture&quot;:&quot;7.1&quot;,&quot;credit&quot;:&quot;unknown&quot;,&quot;camera&quot;:&quot;Canon EOS 400D DIGITAL&quot;,&quot;caption&quot;:&quot;&quot;,&quot;created_timestamp&quot;:&quot;1195133632&quot;,&quot;copyright&quot;:&quot;DESDEDALT&quot;,&quot;focal_length&quot;:&quot;17&quot;,&quot;iso&quot;:&quot;200&quot;,&quot;shutter_speed&quot;:&quot;0.002&quot;,&quot;title&quot;:&quot;&quot;,&quot;orientation&quot;:&quot;1&quot;}\" data-image-title=\"5\" data-image-description=\"\" data-medium-file=\"https:\/\/icac.cat\/wp-content\/uploads\/2015\/09\/5-400x284.jpg\" data-large-file=\"https:\/\/icac.cat\/wp-content\/uploads\/2015\/09\/5.jpg\" style=\"margin: 2px\" src=\"https:\/\/icac.cat\/wp-content\/uploads\/2015\/09\/5-390x390.jpg\" width=390 height=390 title=\"5\" \/><\/a><\/div><div class=\"tiled-gallery-item\"><a border=\"0\" href=\"https:\/\/icac.cat\/wp-content\/uploads\/2015\/09\/6.jpg\"><img data-attachment-id=\"63874\" data-orig-file=\"https:\/\/icac.cat\/wp-content\/uploads\/2015\/09\/6.jpg\" data-orig-size=\"800,533\" data-comments-opened=\"0\" data-image-meta=\"{&quot;aperture&quot;:&quot;8&quot;,&quot;credit&quot;:&quot;&quot;,&quot;camera&quot;:&quot;Canon EOS 400D DIGITAL&quot;,&quot;caption&quot;:&quot;&quot;,&quot;created_timestamp&quot;:&quot;1182259196&quot;,&quot;copyright&quot;:&quot;&quot;,&quot;focal_length&quot;:&quot;22&quot;,&quot;iso&quot;:&quot;100&quot;,&quot;shutter_speed&quot;:&quot;0.0025&quot;,&quot;title&quot;:&quot;&quot;,&quot;orientation&quot;:&quot;1&quot;}\" data-image-title=\"6\" data-image-description=\"\" data-medium-file=\"https:\/\/icac.cat\/wp-content\/uploads\/2015\/09\/6-400x267.jpg\" data-large-file=\"https:\/\/icac.cat\/wp-content\/uploads\/2015\/09\/6.jpg\" style=\"margin: 2px\" src=\"https:\/\/icac.cat\/wp-content\/uploads\/2015\/09\/6-390x390.jpg\" width=390 height=390 title=\"6\" \/><\/a><\/div><\/div>\n","protected":false},"excerpt":{"rendered":"<p>Coordinador: Josep Guitart Instituci\u00f3n financiadora: Ayuntamiento de Guissona, Universitat Aut\u00f2noma de Barcelona, IEC i ICAC. Resumen Desde el a\u00f1o 2004 el ICAC participa activamente en la investigaci\u00f3n arqueol\u00f3gica y transmisi\u00f3n del conocimiento de la ciudad romana de Iesso, en estrecha colaboraci\u00f3n con la Universitat Aut\u00f2noma de Barcelona, \u200b\u200bel Ayuntamiento de Guissona y el IEC (Institut [&hellip;]<\/p>\n","protected":false},"author":1,"featured_media":11099,"parent":21669,"menu_order":2,"comment_status":"closed","ping_status":"closed","template":"","meta":{"_genesis_hide_title":false,"_genesis_hide_breadcrumbs":false,"_genesis_hide_singular_image":false,"_genesis_hide_footer_widgets":false,"_genesis_custom_body_class":"","_genesis_custom_post_class":"","_genesis_layout":""},"_links":{"self":[{"href":"https:\/\/icac.cat\/es\/wp-json\/wp\/v2\/pages\/21754"}],"collection":[{"href":"https:\/\/icac.cat\/es\/wp-json\/wp\/v2\/pages"}],"about":[{"href":"https:\/\/icac.cat\/es\/wp-json\/wp\/v2\/types\/page"}],"author":[{"embeddable":true,"href":"https:\/\/icac.cat\/es\/wp-json\/wp\/v2\/users\/1"}],"replies":[{"embeddable":true,"href":"https:\/\/icac.cat\/es\/wp-json\/wp\/v2\/comments?post=21754"}],"version-history":[{"count":5,"href":"https:\/\/icac.cat\/es\/wp-json\/wp\/v2\/pages\/21754\/revisions"}],"predecessor-version":[{"id":27056,"href":"https:\/\/icac.cat\/es\/wp-json\/wp\/v2\/pages\/21754\/revisions\/27056"}],"up":[{"embeddable":true,"href":"https:\/\/icac.cat\/es\/wp-json\/wp\/v2\/pages\/21669"}],"wp:featuredmedia":[{"embeddable":true,"href":"https:\/\/icac.cat\/es\/wp-json\/wp\/v2\/media\/11099"}],"wp:attachment":[{"href":"https:\/\/icac.cat\/es\/wp-json\/wp\/v2\/media?parent=21754"}],"curies":[{"name":"wp","href":"https:\/\/api.w.org\/{rel}","templated":true}]}}