{"id":21759,"date":"2015-09-02T11:14:39","date_gmt":"2015-09-02T09:14:39","guid":{"rendered":"http:\/\/www.icac.cat\/es\/difusion\/transferencia-del-conocimiento\/mons-observans-parc-arqueologic-i-de-natura-de-can-taco-turo-den-roina\/"},"modified":"2018-03-02T11:11:21","modified_gmt":"2018-03-02T10:11:21","slug":"mons-observans-parque-arqueologico-y-de-naturaleza-de-can-taco-turo-den-roina","status":"publish","type":"page","link":"https:\/\/icac.cat\/es\/difusion\/transferencia-del-conocimiento\/mons-observans-parque-arqueologico-y-de-naturaleza-de-can-taco-turo-den-roina\/","title":{"rendered":"Mons observans. Parque Arqueol\u00f3gico y de Naturaleza de Can Tac\u00f3 \u2013 Tur\u00f3 d\u2019en Roina"},"content":{"rendered":"<div class=\"highlight-block small-text\">\n<p><strong>Coordinador:<\/strong> Josep Guitart<br \/>\n<strong>Instituci\u00f3n financiadora:<\/strong> FEDER<br \/>\n<strong>Otros centors part\u00edcipes:<\/strong> Ayuntamiento de Montmel\u00f3 y Ayuntamiento de Montorn\u00e8s del Vall\u00e8s, Servicio de Arqueolog\u00eda de la Generalitat de Catalunya y Universitat Aut\u00f2noma de Barcelona, Estrats-Gesti\u00f3 del Patrimoni Cultural S.L., Arqueoci\u00e8ncia y Antequem.<br \/>\n<strong>Web:<\/strong> <a href=\"http:\/\/www.monsobservans.cat\/\">http:\/\/www.monsobservans.cat\/<\/a><\/p>\n<\/div>\n<h4>Resumen<\/h4>\n<p>Direcci\u00f3n y gesti\u00f3n ejecutiva del proyecto \u00abParque natural y arqueol\u00f3gico Observatorio de la V\u00eda Augusta\u00bb, cuya realizaci\u00f3n ha permitido la creaci\u00f3n del \u00abMons observan: Parque Arqueol\u00f3gico y de Naturaleza de Can Tac\u00f3 &#8211; Cerro de en R\u00f3dano\u00bb, presentado el 27 de octubre de 2012 y emplazado en los municipios Montmel\u00f3 y de Montorn\u00e8s del Vall\u00e8s.<\/p>\n<h4>Descripci\u00f3n<\/h4>\n<p>Se trata de una fortificaci\u00f3n residencial del siglo II aC que dominaba la antigua v\u00eda Augusta y que, actualmente, es el principal reclamo cultural de un parque natural de 2.500 m2. En este yacimiento la investigaci\u00f3n cient\u00edfica se inici\u00f3 en 2003 con el apoyo de los dos ayuntamientos propietarios de los terrenos. Fruto de esta actividad, el yacimiento en 2008 fue declarado Bien Cultural de Inter\u00e9s Nacional (BCIN) por el Consejo de Gobierno de la Generalidad de Catalu\u00f1a. En 2009 los dos Ayuntamientos encargaron al ICAC la redacci\u00f3n de un proyecto FEDER, que fue elegido y desarrollado a partir del a\u00f1o siguiente.<\/p>\n<figure id=\"attachment_11106\" aria-describedby=\"caption-attachment-11106\" style=\"width: 260px\" class=\"wp-caption alignleft\"><a href=\"https:\/\/icac.cat\/wp-content\/uploads\/2015\/09\/1.jpg\"><img loading=\"lazy\" class=\"wp-image-11106\" src=\"https:\/\/icac.cat\/wp-content\/uploads\/2015\/09\/1-400x300.jpg\" alt=\"Tur\u00f3 d'en Roina\" width=\"260\" height=\"195\" srcset=\"https:\/\/icac.cat\/wp-content\/uploads\/2015\/09\/1-400x300.jpg 400w, https:\/\/icac.cat\/wp-content\/uploads\/2015\/09\/1.jpg 1024w\" sizes=\"(max-width: 260px) 100vw, 260px\" \/><\/a><figcaption id=\"caption-attachment-11106\" class=\"wp-caption-text\">Tur\u00f3 d&#8217;en Roina<\/figcaption><\/figure>\n<p>El ICAC ha dirigido un proyecto integral de excavaciones arqueol\u00f3gicas y ha asesorado a los posteriores trabajos de restauraci\u00f3n y de adecuaci\u00f3n muse\u00edstica (en las dos fotos ver\u00e1 el espacio antes y despu\u00e9s de esta intervenci\u00f3n). El proyecto concluy\u00f3 con la restauraci\u00f3n arquitect\u00f3nica del conjunto y el tratamiento del entorno natural, y ha recibido el Premio Opini\u00f3n del FAD 2013 de Arquitectura e Interiorismo y, en la categor\u00eda de protecci\u00f3n del territorio, el premio del XII Bienal Espa\u00f1ola de Arquitectura y Urbanismo 2013. La intervenci\u00f3n arquitect\u00f3nica tambi\u00e9n ha recibido el Premio Internacional de Arquitectura Domus Fassa Bortolo 2018.<\/p>\n","protected":false},"excerpt":{"rendered":"<p>Coordinador: Josep Guitart Instituci\u00f3n financiadora: FEDER Otros centors part\u00edcipes: Ayuntamiento de Montmel\u00f3 y Ayuntamiento de Montorn\u00e8s del Vall\u00e8s, Servicio de Arqueolog\u00eda de la Generalitat de Catalunya y Universitat Aut\u00f2noma de Barcelona, Estrats-Gesti\u00f3 del Patrimoni Cultural S.L., Arqueoci\u00e8ncia y Antequem. Web: http:\/\/www.monsobservans.cat\/ Resumen Direcci\u00f3n y gesti\u00f3n ejecutiva del proyecto \u00abParque natural y arqueol\u00f3gico Observatorio de la [&hellip;]<\/p>\n","protected":false},"author":1,"featured_media":11100,"parent":21669,"menu_order":0,"comment_status":"closed","ping_status":"closed","template":"","meta":{"_genesis_hide_title":false,"_genesis_hide_breadcrumbs":false,"_genesis_hide_singular_image":false,"_genesis_hide_footer_widgets":false,"_genesis_custom_body_class":"","_genesis_custom_post_class":"","_genesis_layout":""},"_links":{"self":[{"href":"https:\/\/icac.cat\/es\/wp-json\/wp\/v2\/pages\/21759"}],"collection":[{"href":"https:\/\/icac.cat\/es\/wp-json\/wp\/v2\/pages"}],"about":[{"href":"https:\/\/icac.cat\/es\/wp-json\/wp\/v2\/types\/page"}],"author":[{"embeddable":true,"href":"https:\/\/icac.cat\/es\/wp-json\/wp\/v2\/users\/1"}],"replies":[{"embeddable":true,"href":"https:\/\/icac.cat\/es\/wp-json\/wp\/v2\/comments?post=21759"}],"version-history":[{"count":4,"href":"https:\/\/icac.cat\/es\/wp-json\/wp\/v2\/pages\/21759\/revisions"}],"predecessor-version":[{"id":31606,"href":"https:\/\/icac.cat\/es\/wp-json\/wp\/v2\/pages\/21759\/revisions\/31606"}],"up":[{"embeddable":true,"href":"https:\/\/icac.cat\/es\/wp-json\/wp\/v2\/pages\/21669"}],"wp:featuredmedia":[{"embeddable":true,"href":"https:\/\/icac.cat\/es\/wp-json\/wp\/v2\/media\/11100"}],"wp:attachment":[{"href":"https:\/\/icac.cat\/es\/wp-json\/wp\/v2\/media?parent=21759"}],"curies":[{"name":"wp","href":"https:\/\/api.w.org\/{rel}","templated":true}]}}