{"id":21762,"date":"2015-06-25T08:14:26","date_gmt":"2015-06-25T06:14:26","guid":{"rendered":"http:\/\/www.icac.cat\/es\/servicios\/centro-de-documentacion-y-biblioteca\/equip-i-contacte\/"},"modified":"2024-07-18T12:16:27","modified_gmt":"2024-07-18T10:16:27","slug":"equipo-y-contacto","status":"publish","type":"page","link":"https:\/\/icac.cat\/es\/servicios\/centro-de-documentacion-y-biblioteca\/equipo-y-contacto\/","title":{"rendered":"Equipo y contacto"},"content":{"rendered":"<p><strong>Lydia Gil<\/strong><br \/>\nInstituto Catal\u00e1n de Arqueolog\u00eda Cl\u00e1sica<br \/>\nCentrO de documentaci\u00f3n y biblioteca<br \/>\nPl. Rovellat, s\/n \u00b7 43003 Tarragona<br \/>\nlgil@icac.cat \u00b7 Tel. 977 24 91 33 (ext. 221)<\/p>\n<p><img loading=\"lazy\" class=\"alignnone size-full wp-image-94311\" src=\"https:\/\/icac.cat\/wp-content\/uploads\/2024\/07\/ICAC-Biblio-infografia.jpg\" alt=\"\" width=\"1728\" height=\"2304\" srcset=\"https:\/\/icac.cat\/wp-content\/uploads\/2024\/07\/ICAC-Biblio-infografia.jpg 1728w, https:\/\/icac.cat\/wp-content\/uploads\/2024\/07\/ICAC-Biblio-infografia-400x533.jpg 400w, https:\/\/icac.cat\/wp-content\/uploads\/2024\/07\/ICAC-Biblio-infografia-768x1024.jpg 768w, https:\/\/icac.cat\/wp-content\/uploads\/2024\/07\/ICAC-Biblio-infografia-1152x1536.jpg 1152w, https:\/\/icac.cat\/wp-content\/uploads\/2024\/07\/ICAC-Biblio-infografia-1536x2048.jpg 1536w\" sizes=\"(max-width: 1728px) 100vw, 1728px\" \/><\/p>\n","protected":false},"excerpt":{"rendered":"<p>Lydia Gil Instituto Catal\u00e1n de Arqueolog\u00eda Cl\u00e1sica CentrO de documentaci\u00f3n y biblioteca Pl. Rovellat, s\/n \u00b7 43003 Tarragona lgil@icac.cat \u00b7 Tel. 977 24 91 33 (ext. 221)<\/p>\n","protected":false},"author":1,"featured_media":0,"parent":21683,"menu_order":8,"comment_status":"closed","ping_status":"closed","template":"","meta":{"_genesis_hide_title":false,"_genesis_hide_breadcrumbs":false,"_genesis_hide_singular_image":false,"_genesis_hide_footer_widgets":false,"_genesis_custom_body_class":"","_genesis_custom_post_class":"","_genesis_layout":""},"_links":{"self":[{"href":"https:\/\/icac.cat\/es\/wp-json\/wp\/v2\/pages\/21762"}],"collection":[{"href":"https:\/\/icac.cat\/es\/wp-json\/wp\/v2\/pages"}],"about":[{"href":"https:\/\/icac.cat\/es\/wp-json\/wp\/v2\/types\/page"}],"author":[{"embeddable":true,"href":"https:\/\/icac.cat\/es\/wp-json\/wp\/v2\/users\/1"}],"replies":[{"embeddable":true,"href":"https:\/\/icac.cat\/es\/wp-json\/wp\/v2\/comments?post=21762"}],"version-history":[{"count":6,"href":"https:\/\/icac.cat\/es\/wp-json\/wp\/v2\/pages\/21762\/revisions"}],"predecessor-version":[{"id":94519,"href":"https:\/\/icac.cat\/es\/wp-json\/wp\/v2\/pages\/21762\/revisions\/94519"}],"up":[{"embeddable":true,"href":"https:\/\/icac.cat\/es\/wp-json\/wp\/v2\/pages\/21683"}],"wp:attachment":[{"href":"https:\/\/icac.cat\/es\/wp-json\/wp\/v2\/media?parent=21762"}],"curies":[{"name":"wp","href":"https:\/\/api.w.org\/{rel}","templated":true}]}}