{"id":21764,"date":"2015-06-25T08:14:00","date_gmt":"2015-06-25T06:14:00","guid":{"rendered":"http:\/\/www.icac.cat\/es\/servicios\/centro-de-documentacion-y-biblioteca\/fons-gustav-a-gamer\/"},"modified":"2018-03-14T12:06:55","modified_gmt":"2018-03-14T11:06:55","slug":"fondo-gustav-a-gamer","status":"publish","type":"page","link":"https:\/\/icac.cat\/es\/servicios\/centro-de-documentacion-y-biblioteca\/fondo-gustav-a-gamer\/","title":{"rendered":"Fondo Gustav A. Gamer"},"content":{"rendered":"<p>El Dr. Gustav A. Gamer, experto en arqueolog\u00eda cl\u00e1sica y profesor em\u00e9rito de la Universidad de T\u00fcbingen, don\u00f3 su\u00a0biblioteca al ICAC. El legado lleg\u00f3 a la sede del Instituto el 16 de diciembre de 2010 y consta de 1.607 \u00edtems entre libros y revistas y de 8.355 documentos entre diapositivas, fotograf\u00edas dibujos, negativos y transparencias.<\/p>\n<h4>Biograf\u00eda<\/h4>\n<p>Gustav A. Gamer (Menzingen, Alemania, 1934).<\/p>\n<p>Reconocido arque\u00f3logo experto en el mundo cl\u00e1sico, es un profundo conocedor del per\u00edodo antiguo de la Mediterr\u00e1nea. Ha realizado una important\u00edsima labor de investigaci\u00f3n desde las sedes del Instituto Alem\u00e1n de Arqueolog\u00eda en Frankfurt, Atenas y Madrid, y ha excavado en diferentes yacimientos de Alemania, Italia, Grecia y Espa\u00f1a.<\/p>\n<p>Profesor en las universidades de C\u00f3rdoba (Argentina), Freiburg, Stuttgart y T\u00fcbingen, actualmente es miembro de la Real Academia Sevillana de Bellas Artes de Santa Isabel de Hungr\u00eda.<\/p>\n<p>Su obra m\u00e1s destacada es <em>Formen r\u00f6mischer Alt\u00e4re auf der Hispanischen Halbinsel<\/em> (1989).<\/p>\n<h4>Consulta del fondo<\/h4>\n<p>&#8211; Biblioteca: el fondo bibliogr\u00e1fico del Dr. Gustav A. Gamer convive con el fondo documental del Instituto y es de libre consulta para los investigadores y miembros de la comunidad universitaria.<br \/>\n&#8211; Fondo iconogr\u00e1fico: de consulta restringida y con cita previa.<\/p>\n","protected":false},"excerpt":{"rendered":"<p>El Dr. Gustav A. Gamer, experto en arqueolog\u00eda cl\u00e1sica y profesor em\u00e9rito de la Universidad de T\u00fcbingen, don\u00f3 su\u00a0biblioteca al ICAC. El legado lleg\u00f3 a la sede del Instituto el 16 de diciembre de 2010 y consta de 1.607 \u00edtems entre libros y revistas y de 8.355 documentos entre diapositivas, fotograf\u00edas dibujos, negativos y transparencias. [&hellip;]<\/p>\n","protected":false},"author":1,"featured_media":63908,"parent":21683,"menu_order":4,"comment_status":"closed","ping_status":"closed","template":"template-llistat-links.php","meta":{"_genesis_hide_title":false,"_genesis_hide_breadcrumbs":false,"_genesis_hide_singular_image":false,"_genesis_hide_footer_widgets":false,"_genesis_custom_body_class":"","_genesis_custom_post_class":"","_genesis_layout":""},"_links":{"self":[{"href":"https:\/\/icac.cat\/es\/wp-json\/wp\/v2\/pages\/21764"}],"collection":[{"href":"https:\/\/icac.cat\/es\/wp-json\/wp\/v2\/pages"}],"about":[{"href":"https:\/\/icac.cat\/es\/wp-json\/wp\/v2\/types\/page"}],"author":[{"embeddable":true,"href":"https:\/\/icac.cat\/es\/wp-json\/wp\/v2\/users\/1"}],"replies":[{"embeddable":true,"href":"https:\/\/icac.cat\/es\/wp-json\/wp\/v2\/comments?post=21764"}],"version-history":[{"count":5,"href":"https:\/\/icac.cat\/es\/wp-json\/wp\/v2\/pages\/21764\/revisions"}],"predecessor-version":[{"id":27107,"href":"https:\/\/icac.cat\/es\/wp-json\/wp\/v2\/pages\/21764\/revisions\/27107"}],"up":[{"embeddable":true,"href":"https:\/\/icac.cat\/es\/wp-json\/wp\/v2\/pages\/21683"}],"wp:featuredmedia":[{"embeddable":true,"href":"https:\/\/icac.cat\/es\/wp-json\/wp\/v2\/media\/63908"}],"wp:attachment":[{"href":"https:\/\/icac.cat\/es\/wp-json\/wp\/v2\/media?parent=21764"}],"curies":[{"name":"wp","href":"https:\/\/api.w.org\/{rel}","templated":true}]}}