{"id":21766,"date":"2015-06-25T08:13:28","date_gmt":"2015-06-25T06:13:28","guid":{"rendered":"http:\/\/www.icac.cat\/es\/servicios\/centro-de-documentacion-y-biblioteca\/fons-pere-de-palol\/"},"modified":"2018-03-14T12:06:40","modified_gmt":"2018-03-14T11:06:40","slug":"fondo-pere-de-palol","status":"publish","type":"page","link":"https:\/\/icac.cat\/es\/servicios\/centro-de-documentacion-y-biblioteca\/fondo-pere-de-palol\/","title":{"rendered":"Fondo Pere de Palol"},"content":{"rendered":"<p>El fondo y la biblioteca personal del Dr. Pere de Palol i Salellas lleg\u00f3 a la sede del ICAC el verano del a\u00f1o 2006. De gran relevancia, este legado permite conocer una de las vidas cient\u00edficas m\u00e1s importantes y prol\u00edficas de la investigaci\u00f3n catalana as\u00ed como ver las inquietudes y los objetivos cient\u00edficos de un hombre dedicado a la investigaci\u00f3n.<\/p>\n<p>La biblioteca, de libre acceso, cuenta con 4.276 libros y 2.206 ejemplares de revista. El fondo personal, de consulta restringida, dispone de 21.556 documentos textuales y 25.978 documentos iconogr\u00e1ficos.<\/p>\n<p><a href=\"http:\/\/fonspalol.icac.cat\/\"><img loading=\"lazy\" class=\"alignnone wp-image-22558\" src=\"https:\/\/icac.cat\/wp-content\/uploads\/2016\/10\/webpalol-400x300.jpg\" alt=\"webpalol\" width=\"260\" height=\"195\" srcset=\"https:\/\/icac.cat\/wp-content\/uploads\/2016\/10\/webpalol-400x300.jpg 400w, https:\/\/icac.cat\/wp-content\/uploads\/2016\/10\/webpalol.jpg 800w\" sizes=\"(max-width: 260px) 100vw, 260px\" \/><\/a>M\u00e1s informaci\u00f3n en la web <a href=\"http:\/\/fonspalol.icac.cat\/\">Pere de Palol: una vida dedicada a l&#8217;arqueologia<\/a>.<\/p>\n","protected":false},"excerpt":{"rendered":"<p>El fondo y la biblioteca personal del Dr. Pere de Palol i Salellas lleg\u00f3 a la sede del ICAC el verano del a\u00f1o 2006. De gran relevancia, este legado permite conocer una de las vidas cient\u00edficas m\u00e1s importantes y prol\u00edficas de la investigaci\u00f3n catalana as\u00ed como ver las inquietudes y los objetivos cient\u00edficos de un [&hellip;]<\/p>\n","protected":false},"author":1,"featured_media":63904,"parent":21683,"menu_order":3,"comment_status":"closed","ping_status":"closed","template":"template-llistat-links.php","meta":{"_genesis_hide_title":false,"_genesis_hide_breadcrumbs":false,"_genesis_hide_singular_image":false,"_genesis_hide_footer_widgets":false,"_genesis_custom_body_class":"","_genesis_custom_post_class":"","_genesis_layout":""},"_links":{"self":[{"href":"https:\/\/icac.cat\/es\/wp-json\/wp\/v2\/pages\/21766"}],"collection":[{"href":"https:\/\/icac.cat\/es\/wp-json\/wp\/v2\/pages"}],"about":[{"href":"https:\/\/icac.cat\/es\/wp-json\/wp\/v2\/types\/page"}],"author":[{"embeddable":true,"href":"https:\/\/icac.cat\/es\/wp-json\/wp\/v2\/users\/1"}],"replies":[{"embeddable":true,"href":"https:\/\/icac.cat\/es\/wp-json\/wp\/v2\/comments?post=21766"}],"version-history":[{"count":5,"href":"https:\/\/icac.cat\/es\/wp-json\/wp\/v2\/pages\/21766\/revisions"}],"predecessor-version":[{"id":27114,"href":"https:\/\/icac.cat\/es\/wp-json\/wp\/v2\/pages\/21766\/revisions\/27114"}],"up":[{"embeddable":true,"href":"https:\/\/icac.cat\/es\/wp-json\/wp\/v2\/pages\/21683"}],"wp:featuredmedia":[{"embeddable":true,"href":"https:\/\/icac.cat\/es\/wp-json\/wp\/v2\/media\/63904"}],"wp:attachment":[{"href":"https:\/\/icac.cat\/es\/wp-json\/wp\/v2\/media?parent=21766"}],"curies":[{"name":"wp","href":"https:\/\/api.w.org\/{rel}","templated":true}]}}