{"id":21769,"date":"2015-06-25T08:12:59","date_gmt":"2015-06-25T06:12:59","guid":{"rendered":"http:\/\/www.icac.cat\/es\/servicios\/centro-de-documentacion-y-biblioteca\/cataleg\/"},"modified":"2022-09-13T07:55:05","modified_gmt":"2022-09-13T05:55:05","slug":"catalogo","status":"publish","type":"page","link":"https:\/\/icac.cat\/es\/servicios\/centro-de-documentacion-y-biblioteca\/catalogo\/","title":{"rendered":"Cat\u00e1logo"},"content":{"rendered":"<p>El fondo bibliogr\u00e1fico del Centro de documentaci\u00f3n y biblioteca es consultable a trav\u00e9s del <a href=\"https:\/\/cercador.urv.cat\/\" target=\"_blank\" rel=\"noopener\"><strong>cat\u00e1logo\u00a0 de la Universitat Rovira i Virgili<\/strong><\/a>.<\/p>\n","protected":false},"excerpt":{"rendered":"<p>El fondo bibliogr\u00e1fico del Centro de documentaci\u00f3n y biblioteca es consultable a trav\u00e9s del cat\u00e1logo\u00a0 de la Universitat Rovira i Virgili.<\/p>\n","protected":false},"author":1,"featured_media":0,"parent":21683,"menu_order":2,"comment_status":"closed","ping_status":"closed","template":"","meta":{"_genesis_hide_title":false,"_genesis_hide_breadcrumbs":false,"_genesis_hide_singular_image":false,"_genesis_hide_footer_widgets":false,"_genesis_custom_body_class":"","_genesis_custom_post_class":"","_genesis_layout":""},"_links":{"self":[{"href":"https:\/\/icac.cat\/es\/wp-json\/wp\/v2\/pages\/21769"}],"collection":[{"href":"https:\/\/icac.cat\/es\/wp-json\/wp\/v2\/pages"}],"about":[{"href":"https:\/\/icac.cat\/es\/wp-json\/wp\/v2\/types\/page"}],"author":[{"embeddable":true,"href":"https:\/\/icac.cat\/es\/wp-json\/wp\/v2\/users\/1"}],"replies":[{"embeddable":true,"href":"https:\/\/icac.cat\/es\/wp-json\/wp\/v2\/comments?post=21769"}],"version-history":[{"count":5,"href":"https:\/\/icac.cat\/es\/wp-json\/wp\/v2\/pages\/21769\/revisions"}],"predecessor-version":[{"id":79487,"href":"https:\/\/icac.cat\/es\/wp-json\/wp\/v2\/pages\/21769\/revisions\/79487"}],"up":[{"embeddable":true,"href":"https:\/\/icac.cat\/es\/wp-json\/wp\/v2\/pages\/21683"}],"wp:attachment":[{"href":"https:\/\/icac.cat\/es\/wp-json\/wp\/v2\/media?parent=21769"}],"curies":[{"name":"wp","href":"https:\/\/api.w.org\/{rel}","templated":true}]}}