{"id":21771,"date":"2015-06-25T08:12:37","date_gmt":"2015-06-25T06:12:37","guid":{"rendered":"http:\/\/www.icac.cat\/es\/servicios\/centro-de-documentacion-y-biblioteca\/serveis\/"},"modified":"2024-07-10T14:11:47","modified_gmt":"2024-07-10T12:11:47","slug":"servicios","status":"publish","type":"page","link":"https:\/\/icac.cat\/es\/servicios\/centro-de-documentacion-y-biblioteca\/servicios\/","title":{"rendered":"Servicios"},"content":{"rendered":"<h3>Ciencia abierta<\/h3>\n<p>Damos apoyo al personal investigador para facilitar la adopci\u00f3n de las pr\u00e1cticas de ciencia abierta. <a href=\"http:\/\/openscience.icac.cat\" target=\"_blank\" rel=\"noopener\">Aqu\u00ed puedes visitar nuestra web que refleja la estrategia actual del ICAC-CERCA<\/a> que incluye: publicaciones en acceso abierto, datos de investigaci\u00f3n, programario de investigaci\u00f3n y recursos educativos y de divulgaci\u00f3n.<\/p>\n<p>&nbsp;<\/p>\n<h3>Consulta de los fondos documentales<\/h3>\n<p>Las personas interesadas en la consulta en sala del fondo bibliogr\u00e1fico de la biblioteca del ICAC-CERCA y que no pertenezcan a la comunidad universitaria de la Universidad Rovira i Virgili (URV) deber\u00e1n enviar un correo electr\u00f3nico a lgil@icac.cat.<\/p>\n<p>La consulta del fondo de investigaci\u00f3n del Centro de documentaci\u00f3n generada por el Instituto es limitada y restringida.<\/p>\n<p>&nbsp;<\/p>\n<h3>Informaci\u00f3n general y asesor\u00eda especializada<\/h3>\n<p>Asesor\u00eda sobre nuestros fondos documentales y bibliogr\u00e1ficos que resulten m\u00e1s \u00fatiles para vuestras investigaciones.<\/p>\n<p>&nbsp;<\/p>\n<h3>Pr\u00e9stamo<\/h3>\n<p>Acreditando ser miembro de la comunidad universitaria o de una instituci\u00f3n de investigaci\u00f3n se puede acceder al servicio de pr\u00e9stamo del fondo del ICAC-CERCA con estas condiciones:<\/p>\n<ul>\n<li>Alumnado de grado: 4 documentos durante 7 d\u00edas.<\/li>\n<li>Alumnado de m\u00e1ster y doctorado: 8 documentos durante 30 d\u00edas.<\/li>\n<li>Otros: 4 documentos durante 7 d\u00edas.<\/li>\n<\/ul>\n<p>Los miembros del ICAC-CERCA tienen acceso tambi\u00e9n al servicio Pr\u00e9stamo Universitario Consorciado (PUC) y al servicio de pr\u00e9stamo interbibliotecario.<\/p>\n<h6><em>PUC<\/em><\/h6>\n<p><a href=\"https:\/\/icac.cat\/wp-content\/uploads\/2015\/06\/puc_instr.pdf\">Instrucciones<\/a> de consulta del servicio.<\/p>\n<ul>\n<li><em>In situ<\/em>: se ofrece la posibilidad de ir personalmente a cualquier biblioteca y realizar el pr\u00e9stamo de los documentos que tengan disponibles en su fondo.<\/li>\n<li>Peticiones en l\u00ednea a trav\u00e9s del <a href=\"http:\/\/cbueg-mt.iii.com\/iii\/encore\/?lang=spi\">cat\u00e1logo<\/a>.<\/li>\n<\/ul>\n<h6><em>Pr\u00e9stamo interbibliotecario<\/em><\/h6>\n<p>Se realiza a trav\u00e9s del <a href=\"http:\/\/www.urv.cat\/ca\/vida-campus\/serveis\/crai\/que-us-oferim\/servei-prestec\/prestec-interbibliotecari\/\" target=\"_blank\" rel=\"noopener\">Servicio de Pr\u00e9stamo Interbibliotecario y Obtenci\u00f3n de Documentos<\/a> de la URV y es un servicio exclusivo para los miembros del ICAC-CERCA.<\/p>\n<h6><em>Pr\u00e9stamo de materiales y espacios en la URV<\/em><\/h6>\n<p>Los miembros del ICAC-CERCA pueden acceder al pr\u00e9stamo de materiales (ordenadores port\u00e1tiles, c\u00e1maras de fotograf\u00eda y v\u00eddeo, grabadoras de audio digital, tr\u00edpodes, lectores de libros digitales y equipos de videoconferencia), y al pr\u00e9stamo de espacios (salas de trabajo en grupo) de la URV.<\/p>\n<p>Para acceder a esta tipolog\u00eda de pr\u00e9stamo deber\u00e1 presentar el carn\u00e9 del ICAC-CERCA y firmar el formulario del servicio de pr\u00e9stamo del CRAI de la URV. Para m\u00e1s informaci\u00f3n:<\/p>\n<ul>\n<li><a href=\"http:\/\/www.urv.cat\/es\/vida-campus\/servicios\/crai\/que-us-oferim\/servei-prestec\/reserva-espais-treball-grup\/\">Normativa para el pr\u00e9stamo de espacios<\/a><\/li>\n<li><a href=\"http:\/\/www.urv.cat\/ca\/vida-campus\/serveis\/crai\/que-us-oferim\/servei-prestec\/prestec-equipament\/\">Normativa para el pr\u00e9stamo de equipos<\/a><\/li>\n<\/ul>\n<p>&nbsp;<\/p>\n<h3>Novedades<\/h3>\n<p>Si desea recibir nuestro bolet\u00edn de novedades, env\u00ede un\u00a0correo electr\u00f3nico a lgil@icac.cat.<\/p>\n<p>&nbsp;<\/p>\n<p><span style=\"color: #433030;font-family: 'Noto Serif', serif;font-size: 26px;font-weight: bold\">Reprograf\u00eda<\/span><\/p>\n<p>Servicio de reproducci\u00f3n de los fondos documentales. Se pueden obtener fotocopias, impresiones digitales, digitalizaciones y reproducciones de grabaciones audiovisuales.<\/p>\n<p>&nbsp;<\/p>\n<h3>Acci\u00f3n social<\/h3>\n<p>Se promueve la colaboraci\u00f3n con entidades sin \u00e1nimo de lucro que promueven la inserci\u00f3n social.<\/p>\n<p>&nbsp;<\/p>\n<h3>Acuerdos de colaboraci\u00f3n<\/h3>\n<p>Es voluntad del Instituto convertir Tarragona en uno de los espacios de investigaci\u00f3n especializados en arqueolog\u00eda cl\u00e1sica m\u00e1s importantes del Mediterr\u00e1neo, estableciendo v\u00ednculos de colaboraci\u00f3n con otras instituciones.<\/p>\n<p>Este objetivo tambi\u00e9n se trabaja desde el Centre de documentaci\u00f3n impulsando acuerdos de colaboraci\u00f3n para digitalizar sus fondos.<\/p>\n<p>&nbsp;<\/p>\n<h3>Difusi\u00f3n e intercambio de publicaciones<\/h3>\n<p>Uno de los servicios puntales del Centro de documentaci\u00f3n es el intercambio bibliogr\u00e1fico. Este sistema nos permite enviar las publicaciones editades por el ICAC-CERCA a instituciones alrededor de Europa especializadas en arqueolog\u00eda y tambi\u00e9n, incrementar el fondo de la Biblioteca.<\/p>\n","protected":false},"excerpt":{"rendered":"<p>Ciencia abierta Damos apoyo al personal investigador para facilitar la adopci\u00f3n de las pr\u00e1cticas de ciencia abierta. Aqu\u00ed puedes visitar nuestra web que refleja la estrategia actual del ICAC-CERCA que incluye: publicaciones en acceso abierto, datos de investigaci\u00f3n, programario de investigaci\u00f3n y recursos educativos y de divulgaci\u00f3n. &nbsp; Consulta de los fondos documentales Las personas [&hellip;]<\/p>\n","protected":false},"author":1,"featured_media":63910,"parent":21683,"menu_order":1,"comment_status":"closed","ping_status":"closed","template":"","meta":{"_genesis_hide_title":false,"_genesis_hide_breadcrumbs":false,"_genesis_hide_singular_image":false,"_genesis_hide_footer_widgets":false,"_genesis_custom_body_class":"","_genesis_custom_post_class":"","_genesis_layout":""},"_links":{"self":[{"href":"https:\/\/icac.cat\/es\/wp-json\/wp\/v2\/pages\/21771"}],"collection":[{"href":"https:\/\/icac.cat\/es\/wp-json\/wp\/v2\/pages"}],"about":[{"href":"https:\/\/icac.cat\/es\/wp-json\/wp\/v2\/types\/page"}],"author":[{"embeddable":true,"href":"https:\/\/icac.cat\/es\/wp-json\/wp\/v2\/users\/1"}],"replies":[{"embeddable":true,"href":"https:\/\/icac.cat\/es\/wp-json\/wp\/v2\/comments?post=21771"}],"version-history":[{"count":6,"href":"https:\/\/icac.cat\/es\/wp-json\/wp\/v2\/pages\/21771\/revisions"}],"predecessor-version":[{"id":94366,"href":"https:\/\/icac.cat\/es\/wp-json\/wp\/v2\/pages\/21771\/revisions\/94366"}],"up":[{"embeddable":true,"href":"https:\/\/icac.cat\/es\/wp-json\/wp\/v2\/pages\/21683"}],"wp:featuredmedia":[{"embeddable":true,"href":"https:\/\/icac.cat\/es\/wp-json\/wp\/v2\/media\/63910"}],"wp:attachment":[{"href":"https:\/\/icac.cat\/es\/wp-json\/wp\/v2\/media?parent=21771"}],"curies":[{"name":"wp","href":"https:\/\/api.w.org\/{rel}","templated":true}]}}