{"id":21774,"date":"2015-06-25T08:12:20","date_gmt":"2015-06-25T06:12:20","guid":{"rendered":"http:\/\/www.icac.cat\/es\/servicios\/centro-de-documentacion-y-biblioteca\/presentacio\/"},"modified":"2024-07-10T13:24:08","modified_gmt":"2024-07-10T11:24:08","slug":"presentacion","status":"publish","type":"page","link":"https:\/\/icac.cat\/es\/servicios\/centro-de-documentacion-y-biblioteca\/presentacion\/","title":{"rendered":"Presentaci\u00f3n"},"content":{"rendered":"<p><span data-contrast=\"auto\">El <strong>Centro de documentaci\u00f3n, Biblioteca y Ciencia Oberta<\/strong> del ICAC-CERCA dispone de un fondo documental integrado por monograf\u00edas, publicaciones peri\u00f3dicas, materiales audiovisuales y bases de datos.<\/span><\/p>\n<p>Actualmente, cuenta con un fondo de m\u00e1s de 128.000 \u00edtems, divididos en tres grandes \u00e1reas:<\/p>\n<ul>\n<li>Bibliogr\u00e1fica (20%)<\/li>\n<li><span class=\"TextRun SCXW215262052 BCX0\" lang=\"CA-ES\" xml:lang=\"CA-ES\" data-contrast=\"auto\"><span class=\"NormalTextRun SCXW215262052 BCX0\">Legados hist\u00f3ricos &#8211; material iconogr\u00e1fico (53%)<\/span><\/span><\/li>\n<li><span class=\"TextRun SCXW215262052 BCX0\" lang=\"CA-ES\" xml:lang=\"CA-ES\" data-contrast=\"auto\"><span class=\"NormalTextRun SCXW215262052 BCX0\">Legados hist\u00f3ricos &#8211; material textual (26%)<\/span><\/span><\/li>\n<li><span class=\"TextRun SCXW215262052 BCX0\" lang=\"CA-ES\" xml:lang=\"CA-ES\" data-contrast=\"auto\"><span class=\"NormalTextRun SCXW215262052 BCX0\">Archivo administrativo (1%)<\/span><\/span><\/li>\n<\/ul>\n<p>Este fondo incluye cinco colecciones \u00fanicas: el legado del Dr. Pere de Palol (\u2020), el archivo personal del Dr. Jordi L\u00f3pez Vilar, la biblioteca del Dr. Antonio Pe\u00f1a Jurado (\u2020), parte de la biblioteca del Dr. Simon Keay (\u2020) y la biblioteca y el legado fotogr\u00e1fico del Dr. Gustav A. Gamer.<\/p>\n<p><span data-contrast=\"auto\">Por otro lado, este departamento es el encargado de impulsar la <a href=\"http:\/\/openscience.icac.cat\" target=\"_blank\" rel=\"noopener\">estrategia de ciencia abierta<\/a> al Institut.<\/span><span data-ccp-props=\"{&quot;335551550&quot;:6,&quot;335551620&quot;:6}\">\u00a0<\/span><\/p>\n<h3>Objetivos<\/h3>\n<ul>\n<li>Gestionar las infraestructuras de ciencia abierta: <a href=\"https:\/\/portalrecerca.csuc.cat\/\" target=\"_blank\" rel=\"noopener\">Portal de la Recerca de Catalunya<\/a>, <a href=\"https:\/\/dataverse.csuc.cat\/\" target=\"_blank\" rel=\"noopener\">Repositori de Dades de Recerca<\/a>, <a href=\"https:\/\/recercat.cat\/\" target=\"_blank\" rel=\"noopener\">Recercat<\/a> y <a href=\"https:\/\/dmp.csuc.cat\/\" target=\"_blank\" rel=\"noopener\">eiNa DMP<\/a>.<\/li>\n<li>Desarrollar e implementar la <a href=\"http:\/\/openscience.icac.cat\" target=\"_blank\" rel=\"noopener\">estrategia de ciencia abierta<\/a>.<\/li>\n<li>Dar apoyo en la publicaci\u00f3n y difusi\u00f3n de los datos y programario de investigaci\u00f3n FAIR (localizables, accesibles, interoperables y reutilizables).<\/li>\n<li>Impulsar el acceso abierto de la producci\u00f3n cient\u00edfica.<\/li>\n<li>Ser un punto de referencia para el personal investigador en el desarrollo de su actividad de investigaci\u00f3n.<\/li>\n<li>Gestionar y mantener el archivo documental interno del Instituto.<\/li>\n<li>Salvaguardar la informaci\u00f3n cient\u00edfica generada pel personal investigador.<\/li>\n<li>Custodiar los legados bibliogr\u00e1ficos.<\/li>\n<li>Cooperar con otras bibliotecas de centros especializados en arqueolog\u00eda y establecer sistemas de intercambio bibliogr\u00e1fico.<\/li>\n<li>Difundir las publicaciones entre los principales distribuidores nacionales e internacionales.<\/li>\n<\/ul>\n","protected":false},"excerpt":{"rendered":"<p>El Centro de documentaci\u00f3n, Biblioteca y Ciencia Oberta del ICAC-CERCA dispone de un fondo documental integrado por monograf\u00edas, publicaciones peri\u00f3dicas, materiales audiovisuales y bases de datos. Actualmente, cuenta con un fondo de m\u00e1s de 128.000 \u00edtems, divididos en tres grandes \u00e1reas: Bibliogr\u00e1fica (20%) Legados hist\u00f3ricos &#8211; material iconogr\u00e1fico (53%) Legados hist\u00f3ricos &#8211; material textual (26%) [&hellip;]<\/p>\n","protected":false},"author":1,"featured_media":63902,"parent":21683,"menu_order":0,"comment_status":"closed","ping_status":"closed","template":"template-llistat-links.php","meta":{"_genesis_hide_title":false,"_genesis_hide_breadcrumbs":false,"_genesis_hide_singular_image":false,"_genesis_hide_footer_widgets":false,"_genesis_custom_body_class":"","_genesis_custom_post_class":"","_genesis_layout":""},"_links":{"self":[{"href":"https:\/\/icac.cat\/es\/wp-json\/wp\/v2\/pages\/21774"}],"collection":[{"href":"https:\/\/icac.cat\/es\/wp-json\/wp\/v2\/pages"}],"about":[{"href":"https:\/\/icac.cat\/es\/wp-json\/wp\/v2\/types\/page"}],"author":[{"embeddable":true,"href":"https:\/\/icac.cat\/es\/wp-json\/wp\/v2\/users\/1"}],"replies":[{"embeddable":true,"href":"https:\/\/icac.cat\/es\/wp-json\/wp\/v2\/comments?post=21774"}],"version-history":[{"count":6,"href":"https:\/\/icac.cat\/es\/wp-json\/wp\/v2\/pages\/21774\/revisions"}],"predecessor-version":[{"id":94356,"href":"https:\/\/icac.cat\/es\/wp-json\/wp\/v2\/pages\/21774\/revisions\/94356"}],"up":[{"embeddable":true,"href":"https:\/\/icac.cat\/es\/wp-json\/wp\/v2\/pages\/21683"}],"wp:featuredmedia":[{"embeddable":true,"href":"https:\/\/icac.cat\/es\/wp-json\/wp\/v2\/media\/63902"}],"wp:attachment":[{"href":"https:\/\/icac.cat\/es\/wp-json\/wp\/v2\/media?parent=21774"}],"curies":[{"name":"wp","href":"https:\/\/api.w.org\/{rel}","templated":true}]}}