{"id":21794,"date":"2015-06-25T08:21:26","date_gmt":"2015-06-25T06:21:26","guid":{"rendered":"http:\/\/www.icac.cat\/es\/servicios\/unidad-de-estudios-arqueometricos\/equip-i-contacte\/"},"modified":"2025-10-30T12:25:33","modified_gmt":"2025-10-30T11:25:33","slug":"equipo-y-contacto","status":"publish","type":"page","link":"https:\/\/icac.cat\/es\/servicios\/unidad-de-estudios-arqueometricos\/equipo-y-contacto\/","title":{"rendered":"Equipo y contacto"},"content":{"rendered":"<div class=\"highlight-block\">\n<p>Para contactar con la UEA, pod\u00e9is escribir a\u00a0<a href=\"mailto:uea@icac.cat\">uea@icac.cat<\/a><\/p>\n<\/div>\n<p>&nbsp;<\/p>\n<p><strong><a href=\"https:\/\/icac.cat\/es\/quienes-somos\/personal\/agutierrez\/\">Anna Guti\u00e9rrez Garcia-Moreno<\/a> <\/strong><br \/>\nArque\u00f3loga. Directora de la Unidad de Estudios Arqueom\u00e9tricos<br \/>\n<a href=\"mailto:agutierrez@icac.cat\">agutierrez@icac.cat<\/a><\/p>\n<p><strong><a href=\"http:\/\/icac.cat\/es\/quienes-somos\/personal\/msavin\/\" target=\"_blank\" rel=\"noopener\">Marie-Claire Savin<\/a><\/strong><br \/>\nArque\u00f3loga y ge\u00f3loga. T\u00e9cnica superior de apoyo a la investigaci\u00f3n y Responsable de las plataformas cient\u00edficas Materiales l\u00edticos y Microscopia<br \/>\n<a href=\"mailto:msavin@icac.cat\" target=\"_blank\" rel=\"noopener\">msavin@icac.cat<\/a><\/p>\n<p><strong><a href=\"http:\/\/icac.cat\/es\/quienes-somos\/personal\/lgalan\/\" target=\"_blank\" rel=\"noopener\">Laura Gal\u00e1n Palomares<\/a><\/strong><br \/>\nArque\u00f3loga. Auxiliar t\u00e9cnica de apoyo a la investigaci\u00f3n<br \/>\n<a href=\"mailto:lgalan@icac.cat\" target=\"_blank\" rel=\"noopener\">lgalan@icac.cat<\/a><\/p>\n<p><strong><a href=\"https:\/\/icac.cat\/es\/quienes-somos\/personal\/iroda\/\">Isabel Rod\u00e0 de Llanza<\/a><\/strong><br \/>\nArque\u00f3loga. Codirectora cient\u00edfica<\/p>\n<p><strong><a href=\"https:\/\/icac.cat\/es\/quienes-somos\/personal\/aalvarez\/\">Aureli \u00c0lvarez P\u00e9rez<\/a><\/strong><br \/>\nGe\u00f3logo. Codirector cient\u00edfico em\u00e9rito<\/p>\n<p><strong><a href=\"http:\/\/icac.cat\/es\/quienes-somos\/personal\/plapuente\/\" target=\"_blank\" rel=\"noopener\">Pilar Lapuente Mercadal<\/a><\/strong><br \/>\nGe\u00f3loga. Colaboradora cient\u00edfica adscrita<\/p>\n<p>&nbsp;<\/p>\n","protected":false},"excerpt":{"rendered":"<p>Para contactar con la UEA, pod\u00e9is escribir a\u00a0uea@icac.cat &nbsp; Anna Guti\u00e9rrez Garcia-Moreno Arque\u00f3loga. Directora de la Unidad de Estudios Arqueom\u00e9tricos agutierrez@icac.cat Marie-Claire Savin Arque\u00f3loga y ge\u00f3loga. T\u00e9cnica superior de apoyo a la investigaci\u00f3n y Responsable de las plataformas cient\u00edficas Materiales l\u00edticos y Microscopia msavin@icac.cat Laura Gal\u00e1n Palomares Arque\u00f3loga. Auxiliar t\u00e9cnica de apoyo a la investigaci\u00f3n [&hellip;]<\/p>\n","protected":false},"author":1,"featured_media":0,"parent":21678,"menu_order":5,"comment_status":"closed","ping_status":"closed","template":"","meta":{"_genesis_hide_title":false,"_genesis_hide_breadcrumbs":false,"_genesis_hide_singular_image":false,"_genesis_hide_footer_widgets":false,"_genesis_custom_body_class":"","_genesis_custom_post_class":"","_genesis_layout":""},"_links":{"self":[{"href":"https:\/\/icac.cat\/es\/wp-json\/wp\/v2\/pages\/21794"}],"collection":[{"href":"https:\/\/icac.cat\/es\/wp-json\/wp\/v2\/pages"}],"about":[{"href":"https:\/\/icac.cat\/es\/wp-json\/wp\/v2\/types\/page"}],"author":[{"embeddable":true,"href":"https:\/\/icac.cat\/es\/wp-json\/wp\/v2\/users\/1"}],"replies":[{"embeddable":true,"href":"https:\/\/icac.cat\/es\/wp-json\/wp\/v2\/comments?post=21794"}],"version-history":[{"count":7,"href":"https:\/\/icac.cat\/es\/wp-json\/wp\/v2\/pages\/21794\/revisions"}],"predecessor-version":[{"id":103060,"href":"https:\/\/icac.cat\/es\/wp-json\/wp\/v2\/pages\/21794\/revisions\/103060"}],"up":[{"embeddable":true,"href":"https:\/\/icac.cat\/es\/wp-json\/wp\/v2\/pages\/21678"}],"wp:attachment":[{"href":"https:\/\/icac.cat\/es\/wp-json\/wp\/v2\/media?parent=21794"}],"curies":[{"name":"wp","href":"https:\/\/api.w.org\/{rel}","templated":true}]}}