{"id":21796,"date":"2015-06-25T08:20:42","date_gmt":"2015-06-25T06:20:42","guid":{"rendered":"http:\/\/www.icac.cat\/es\/servicios\/unidad-de-estudios-arqueometricos\/equipament\/"},"modified":"2022-04-12T09:44:34","modified_gmt":"2022-04-12T07:44:34","slug":"equipamiento","status":"publish","type":"page","link":"https:\/\/icac.cat\/es\/servicios\/unidad-de-estudios-arqueometricos\/equipamiento\/","title":{"rendered":"Equipamiento"},"content":{"rendered":"<p><strong>Equipamiento:<\/strong><\/p>\n<ul>\n<li>Lupa ZEISS Stemi 2000-C<\/li>\n<li>C\u00e1mara SPOT Insight 2 Mp CCD para la lupa microscopio binocular con programario SPOT Advanced (4.0.5)<\/li>\n<li>Microscopio de luz polarizada NIKON Eclipse 50iPOL, a 30x, 60x i 150x<\/li>\n<li>Microscopio de luz polarizada NIKON Eclipse 50iPOL, a 30x, 60x i 150x, con un dispositivo acoplado CITL CL8200 Mk5-1<\/li>\n<li>Microscopio de luz poralizada NIKON Eclipse 50iPOL, a 30x, 60x i 150x, con un detector de rayos X Amptek Axis SDD acoplado<\/li>\n<li>C\u00e1mara NIKON DS-Fi2 con el soporte del programario de tratamiento de imagen NIS-Elements D<\/li>\n<li>Material para el muestreo de piezas arqueol\u00f3gicas y de canteras<\/li>\n<li>Material para la preparaci\u00f3n de muestras para hacer de an\u00e1lisis de is\u00f3topos estables de C y O<\/li>\n<\/ul>\n<p>&nbsp;<\/p>\n<p>&nbsp;<\/p>\n<div data-carousel-extra='{\"blog_id\":1,\"permalink\":\"https:\\\/\\\/icac.cat\\\/es\\\/servicios\\\/unidad-de-estudios-arqueometricos\\\/equipamiento\\\/\"}' class=\"tiled-gallery type-circle\" data-original-width=\"790\"><div class=\"tiled-gallery-item\"><a border=\"0\" href=\"https:\/\/icac.cat\/es\/servicios\/unidad-de-estudios-arqueometricos\/equipamiento\/10-2-2\/\"><img data-attachment-id=\"63896\" data-orig-file=\"https:\/\/icac.cat\/wp-content\/uploads\/2015\/06\/101.jpg\" data-orig-size=\"480,640\" data-comments-opened=\"0\" data-image-meta=\"{&quot;aperture&quot;:&quot;2.2&quot;,&quot;credit&quot;:&quot;&quot;,&quot;camera&quot;:&quot;iPhone 6&quot;,&quot;caption&quot;:&quot;&quot;,&quot;created_timestamp&quot;:&quot;1434626367&quot;,&quot;copyright&quot;:&quot;&quot;,&quot;focal_length&quot;:&quot;4.15&quot;,&quot;iso&quot;:&quot;160&quot;,&quot;shutter_speed&quot;:&quot;0.030303030303&quot;,&quot;title&quot;:&quot;&quot;,&quot;orientation&quot;:&quot;6&quot;}\" data-image-title=\"10\" data-image-description=\"\" data-medium-file=\"https:\/\/icac.cat\/wp-content\/uploads\/2015\/06\/101-225x300.jpg\" data-large-file=\"https:\/\/icac.cat\/wp-content\/uploads\/2015\/06\/101.jpg\" style=\"margin: 2px\" src=\"https:\/\/icac.cat\/wp-content\/uploads\/2015\/06\/101-390x390.jpg\" width=390 height=390 title=\"10\" \/><\/a><div class=\"tiled-gallery-caption\">Malet\u00ed i material per al mostreig i registre de mostres arqueol\u00f2giques i de pedrera.<\/div><\/div><div class=\"tiled-gallery-item\"><a border=\"0\" href=\"https:\/\/icac.cat\/es\/servicios\/unidad-de-estudios-arqueometricos\/equipamiento\/9-2-2\/\"><img data-attachment-id=\"63894\" data-orig-file=\"https:\/\/icac.cat\/wp-content\/uploads\/2015\/06\/91.jpg\" data-orig-size=\"683,1024\" data-comments-opened=\"0\" data-image-meta=\"{&quot;aperture&quot;:&quot;5.6&quot;,&quot;credit&quot;:&quot;&quot;,&quot;camera&quot;:&quot;NIKON D7100&quot;,&quot;caption&quot;:&quot;????????????????????????????????????&quot;,&quot;created_timestamp&quot;:&quot;1436138382&quot;,&quot;copyright&quot;:&quot;&quot;,&quot;focal_length&quot;:&quot;22&quot;,&quot;iso&quot;:&quot;1600&quot;,&quot;shutter_speed&quot;:&quot;0.008&quot;,&quot;title&quot;:&quot;&quot;,&quot;orientation&quot;:&quot;1&quot;}\" data-image-title=\"9\" data-image-description=\"\" data-medium-file=\"https:\/\/icac.cat\/wp-content\/uploads\/2015\/06\/91-200x300.jpg\" data-large-file=\"https:\/\/icac.cat\/wp-content\/uploads\/2015\/06\/91-683x1024.jpg\" style=\"margin: 2px\" src=\"https:\/\/icac.cat\/wp-content\/uploads\/2015\/06\/91-390x390.jpg\" width=390 height=390 title=\"9\" \/><\/a><div class=\"tiled-gallery-caption\">Microscopi de llum polaritzada amb la c\u00e0mera NIKON Eclipse 50iPOL acoblada per a la realitzaci\u00f3 d&#8217;estudis de microfotografies.<\/div><\/div><\/div>\n","protected":false},"excerpt":{"rendered":"<p>Equipamiento: Lupa ZEISS Stemi 2000-C C\u00e1mara SPOT Insight 2 Mp CCD para la lupa microscopio binocular con programario SPOT Advanced (4.0.5) Microscopio de luz polarizada NIKON Eclipse 50iPOL, a 30x, 60x i 150x Microscopio de luz polarizada NIKON Eclipse 50iPOL, a 30x, 60x i 150x, con un dispositivo acoplado CITL CL8200 Mk5-1 Microscopio de luz [&hellip;]<\/p>\n","protected":false},"author":1,"featured_media":0,"parent":21678,"menu_order":4,"comment_status":"closed","ping_status":"closed","template":"","meta":{"_genesis_hide_title":false,"_genesis_hide_breadcrumbs":false,"_genesis_hide_singular_image":false,"_genesis_hide_footer_widgets":false,"_genesis_custom_body_class":"","_genesis_custom_post_class":"","_genesis_layout":""},"_links":{"self":[{"href":"https:\/\/icac.cat\/es\/wp-json\/wp\/v2\/pages\/21796"}],"collection":[{"href":"https:\/\/icac.cat\/es\/wp-json\/wp\/v2\/pages"}],"about":[{"href":"https:\/\/icac.cat\/es\/wp-json\/wp\/v2\/types\/page"}],"author":[{"embeddable":true,"href":"https:\/\/icac.cat\/es\/wp-json\/wp\/v2\/users\/1"}],"replies":[{"embeddable":true,"href":"https:\/\/icac.cat\/es\/wp-json\/wp\/v2\/comments?post=21796"}],"version-history":[{"count":5,"href":"https:\/\/icac.cat\/es\/wp-json\/wp\/v2\/pages\/21796\/revisions"}],"predecessor-version":[{"id":77236,"href":"https:\/\/icac.cat\/es\/wp-json\/wp\/v2\/pages\/21796\/revisions\/77236"}],"up":[{"embeddable":true,"href":"https:\/\/icac.cat\/es\/wp-json\/wp\/v2\/pages\/21678"}],"wp:attachment":[{"href":"https:\/\/icac.cat\/es\/wp-json\/wp\/v2\/media?parent=21796"}],"curies":[{"name":"wp","href":"https:\/\/api.w.org\/{rel}","templated":true}]}}