{"id":21799,"date":"2015-06-25T08:20:16","date_gmt":"2015-06-25T06:20:16","guid":{"rendered":"http:\/\/www.icac.cat\/es\/servicios\/unidad-de-estudios-arqueometricos\/treballs\/"},"modified":"2025-10-30T12:41:45","modified_gmt":"2025-10-30T11:41:45","slug":"trabajos","status":"publish","type":"page","link":"https:\/\/icac.cat\/es\/servicios\/unidad-de-estudios-arqueometricos\/trabajos\/","title":{"rendered":"Trabajos"},"content":{"rendered":"<p>La Unidad de Estudios Arqueom\u00e9tricos realiza trabajos de <strong>caracterizaci\u00f3n de<\/strong> <strong>m\u00e1rmoles<\/strong> <strong>y otras rocas<\/strong>.<\/p>\n<p style=\"padding-left: 40px\"><a class=\"icona-pdf\" href=\"https:\/\/icac.cat\/wp-content\/uploads\/2022\/04\/UEA_ICAC_2022_resum-treballs-rellevants.pdf\" target=\"_blank\" rel=\"noopener\">Listado de los trabajos m\u00e1s relevantes<\/a> realizados \u00faltimamente.<\/p>\n<hr \/>\n<p>Los trabajos de la UEA siguen un <strong>protocolo anal\u00edtico para el estudio arqueom\u00e9trico de m\u00e1rmoles<\/strong>, elaborado con el Departamento de Ciencias de la Tierra de la Universidad de Zaragoza y que incluye una bibliograf\u00eda de referencia.<\/p>\n<p style=\"padding-left: 40px\"><a class=\"icona-pdf\" href=\"https:\/\/icac.cat\/wp-content\/uploads\/2022\/04\/Protocolo-UEA_ICAC_UNIZAR_2022.pdf\" target=\"_blank\" rel=\"noopener\">Estudio arqueom\u00e9trico de m\u00e1rmoles. Protocolo anal\u00edtico empleado, ICAC-UNIZAR, 2022<\/a><\/p>\n<hr \/>\n<h6>\u00a1La UEA en el mundo!<\/h6>\n<p>Pod\u00e9is consultar en este mapa las localizaciones donde la UEA ha llevado a cabo alg\u00fan proyecto:<br \/>\n<img loading=\"lazy\" src=\"https:\/\/icac.cat\/wp-content\/uploads\/2025\/10\/imatge-Treballs-UEA-1024x602.jpg\" alt=\"\" width=\"790\" height=\"464\" class=\"aligncenter size-large wp-image-103078\" srcset=\"https:\/\/icac.cat\/wp-content\/uploads\/2025\/10\/imatge-Treballs-UEA-1024x602.jpg 1024w, https:\/\/icac.cat\/wp-content\/uploads\/2025\/10\/imatge-Treballs-UEA-400x235.jpg 400w, https:\/\/icac.cat\/wp-content\/uploads\/2025\/10\/imatge-Treballs-UEA-768x451.jpg 768w, https:\/\/icac.cat\/wp-content\/uploads\/2025\/10\/imatge-Treballs-UEA-1536x902.jpg 1536w, https:\/\/icac.cat\/wp-content\/uploads\/2025\/10\/imatge-Treballs-UEA.jpg 1600w\" sizes=\"(max-width: 790px) 100vw, 790px\" \/><br \/>\n<a href=\"https:\/\/www.instamaps.cat\/instavisor\/83afe1b1c345d50e78abcc8adc26a331\/Treballs_UEA.html\">enlace a mapa<\/a><\/p>\n<p>&nbsp;<\/p>\n","protected":false},"excerpt":{"rendered":"<p>La Unidad de Estudios Arqueom\u00e9tricos realiza trabajos de caracterizaci\u00f3n de m\u00e1rmoles y otras rocas. Listado de los trabajos m\u00e1s relevantes realizados \u00faltimamente. Los trabajos de la UEA siguen un protocolo anal\u00edtico para el estudio arqueom\u00e9trico de m\u00e1rmoles, elaborado con el Departamento de Ciencias de la Tierra de la Universidad de Zaragoza y que incluye una [&hellip;]<\/p>\n","protected":false},"author":1,"featured_media":0,"parent":21678,"menu_order":3,"comment_status":"closed","ping_status":"closed","template":"","meta":{"_genesis_hide_title":false,"_genesis_hide_breadcrumbs":false,"_genesis_hide_singular_image":false,"_genesis_hide_footer_widgets":false,"_genesis_custom_body_class":"","_genesis_custom_post_class":"","_genesis_layout":""},"_links":{"self":[{"href":"https:\/\/icac.cat\/es\/wp-json\/wp\/v2\/pages\/21799"}],"collection":[{"href":"https:\/\/icac.cat\/es\/wp-json\/wp\/v2\/pages"}],"about":[{"href":"https:\/\/icac.cat\/es\/wp-json\/wp\/v2\/types\/page"}],"author":[{"embeddable":true,"href":"https:\/\/icac.cat\/es\/wp-json\/wp\/v2\/users\/1"}],"replies":[{"embeddable":true,"href":"https:\/\/icac.cat\/es\/wp-json\/wp\/v2\/comments?post=21799"}],"version-history":[{"count":7,"href":"https:\/\/icac.cat\/es\/wp-json\/wp\/v2\/pages\/21799\/revisions"}],"predecessor-version":[{"id":103084,"href":"https:\/\/icac.cat\/es\/wp-json\/wp\/v2\/pages\/21799\/revisions\/103084"}],"up":[{"embeddable":true,"href":"https:\/\/icac.cat\/es\/wp-json\/wp\/v2\/pages\/21678"}],"wp:attachment":[{"href":"https:\/\/icac.cat\/es\/wp-json\/wp\/v2\/media?parent=21799"}],"curies":[{"name":"wp","href":"https:\/\/api.w.org\/{rel}","templated":true}]}}