{"id":21801,"date":"2015-06-25T08:19:56","date_gmt":"2015-06-25T06:19:56","guid":{"rendered":"http:\/\/www.icac.cat\/es\/servicios\/unidad-de-estudios-arqueometricos\/col%c2%b7leccions-de-referencia\/"},"modified":"2022-04-01T13:54:32","modified_gmt":"2022-04-01T11:54:32","slug":"colecciones-de-referencia","status":"publish","type":"page","link":"https:\/\/icac.cat\/es\/servicios\/unidad-de-estudios-arqueometricos\/colecciones-de-referencia\/","title":{"rendered":"Colecciones de referencia"},"content":{"rendered":"<p>La Unidad de Estudios Arqueom\u00e9tricos cuenta con un <strong>fondo propio de muestras, l\u00e1minas delgadas y material de referencia<\/strong>, formado por m\u00e1rmoles y otras rocas utilizadas en la antig\u00fcedad.<\/p>\n<p>El fondo incluye materiales recogidos en las principales canteras explotadas en \u00e9poca romana por todo el Mediterr\u00e1neo (Paros, Naxos, Tasos, Pent\u00e9lico, Afyon&#8230;) y de la Pen\u00ednsula Ib\u00e9rica (m\u00e1rmoles de Almad\u00e9n de la Plata, Macael, etc.). Tiene tambi\u00e9n una amplia selecci\u00f3n de materiales menos suntuarios de la zona catalana.<\/p>\n<div class=\"highlight-block\">\n<p>La colecci\u00f3n de referencia de la UEA, formada por <strong>m\u00e1s de 8.000 muestras<\/strong>, constituye el conjunto de mustras m\u00e1s completo disponible actualmente en Espanya.<\/p>\n<\/div>\n<p>&nbsp;<\/p>\n<p><img loading=\"lazy\" class=\"aligncenter size-full wp-image-76940\" src=\"https:\/\/icac.cat\/wp-content\/uploads\/2022\/04\/UEA-actualitzacio-2022_colleccio-de-referencia_mostres.png\" alt=\"\" width=\"578\" height=\"273\" srcset=\"https:\/\/icac.cat\/wp-content\/uploads\/2022\/04\/UEA-actualitzacio-2022_colleccio-de-referencia_mostres.png 578w, https:\/\/icac.cat\/wp-content\/uploads\/2022\/04\/UEA-actualitzacio-2022_colleccio-de-referencia_mostres-400x189.png 400w\" sizes=\"(max-width: 578px) 100vw, 578px\" \/><\/p>\n","protected":false},"excerpt":{"rendered":"<p>La Unidad de Estudios Arqueom\u00e9tricos cuenta con un fondo propio de muestras, l\u00e1minas delgadas y material de referencia, formado por m\u00e1rmoles y otras rocas utilizadas en la antig\u00fcedad. El fondo incluye materiales recogidos en las principales canteras explotadas en \u00e9poca romana por todo el Mediterr\u00e1neo (Paros, Naxos, Tasos, Pent\u00e9lico, Afyon&#8230;) y de la Pen\u00ednsula Ib\u00e9rica [&hellip;]<\/p>\n","protected":false},"author":1,"featured_media":0,"parent":21678,"menu_order":2,"comment_status":"closed","ping_status":"closed","template":"","meta":{"_genesis_hide_title":false,"_genesis_hide_breadcrumbs":false,"_genesis_hide_singular_image":false,"_genesis_hide_footer_widgets":false,"_genesis_custom_body_class":"","_genesis_custom_post_class":"","_genesis_layout":""},"_links":{"self":[{"href":"https:\/\/icac.cat\/es\/wp-json\/wp\/v2\/pages\/21801"}],"collection":[{"href":"https:\/\/icac.cat\/es\/wp-json\/wp\/v2\/pages"}],"about":[{"href":"https:\/\/icac.cat\/es\/wp-json\/wp\/v2\/types\/page"}],"author":[{"embeddable":true,"href":"https:\/\/icac.cat\/es\/wp-json\/wp\/v2\/users\/1"}],"replies":[{"embeddable":true,"href":"https:\/\/icac.cat\/es\/wp-json\/wp\/v2\/comments?post=21801"}],"version-history":[{"count":6,"href":"https:\/\/icac.cat\/es\/wp-json\/wp\/v2\/pages\/21801\/revisions"}],"predecessor-version":[{"id":76950,"href":"https:\/\/icac.cat\/es\/wp-json\/wp\/v2\/pages\/21801\/revisions\/76950"}],"up":[{"embeddable":true,"href":"https:\/\/icac.cat\/es\/wp-json\/wp\/v2\/pages\/21678"}],"wp:attachment":[{"href":"https:\/\/icac.cat\/es\/wp-json\/wp\/v2\/media?parent=21801"}],"curies":[{"name":"wp","href":"https:\/\/api.w.org\/{rel}","templated":true}]}}