{"id":21806,"date":"2015-06-25T08:19:23","date_gmt":"2015-06-25T06:19:23","guid":{"rendered":"http:\/\/www.icac.cat\/es\/servicios\/unidad-de-estudios-arqueometricos\/presentacio\/"},"modified":"2022-04-12T08:55:04","modified_gmt":"2022-04-12T06:55:04","slug":"presentacion","status":"publish","type":"page","link":"https:\/\/icac.cat\/es\/servicios\/unidad-de-estudios-arqueometricos\/presentacion\/","title":{"rendered":"Presentaci\u00f3n"},"content":{"rendered":"<p>La\u00a0Unidad de Estudios Arqueom\u00e9tricos divide su actividad en tres grandes \u00e1reas:<\/p>\n<p><strong>a.\u00a0<\/strong><strong>Apoyo a la investigaci\u00f3n<\/strong><\/p>\n<p>Es el objetivo principal de la UEA y se orienta a dar apoyo a los arque\u00f3logos. La UEA ofrece sus servicios a instituciones p\u00fablicas, tanto de aqu\u00ed como extranjeras, y a empresas privadas relacionadas con la gesti\u00f3n del patrimonio, la arqueolog\u00eda o la restauraci\u00f3n.<\/p>\n<p><strong>b. Investigaci\u00f3n e innovaci\u00f3n<\/strong><\/p>\n<p>La UEA lleva a cabo proyectos de investigaci\u00f3n propios relacionados con su \u00e1mbito de trabajo, a fin de proporcionar un mejor conocimiento de los materiales inorg\u00e1nicos en la antig\u00fcedad, o bien, completar las colecciones de referencia de las que dispone. Su investigaci\u00f3n est\u00e0 especializada en el estudio de los materiales lap\u00eddeos.<\/p>\n<p>Desde la UEA se trabaja tambi\u00e9n la optimizaci\u00f3n de las t\u00e9cnicas anal\u00edticas en su aplicaci\u00f3n a materiales arqueol\u00f3gicos, as\u00ed como en la experimentaci\u00f3n de nuevas t\u00e9cnicas para valorar su utilidad y rentabilidad arqueom\u00e9trica.<\/p>\n<p><strong>c. Docencia<\/strong><\/p>\n<p>La UEA participa en la docencia avanzada de manera habitual con una serie de cursos especializados relacionados con las t\u00e9cnicas arqueom\u00e9tricas.<\/p>\n<div data-carousel-extra='{\"blog_id\":1,\"permalink\":\"https:\\\/\\\/icac.cat\\\/es\\\/servicios\\\/unidad-de-estudios-arqueometricos\\\/presentacion\\\/\"}' class=\"tiled-gallery type-circle\" data-original-width=\"790\"><div class=\"tiled-gallery-item\"><a border=\"0\" href=\"https:\/\/icac.cat\/es\/servicios\/unidad-de-estudios-arqueometricos\/presentacion\/uea-2022_foto-galeria-1_anna-3-2\/\"><img data-attachment-id=\"76868\" data-orig-file=\"https:\/\/icac.cat\/wp-content\/uploads\/2022\/03\/UEA-2022_foto-galeria-1_Anna-3-scaled.jpg\" data-orig-size=\"2560,1707\" data-comments-opened=\"0\" data-image-meta=\"{&quot;aperture&quot;:&quot;0&quot;,&quot;credit&quot;:&quot;&quot;,&quot;camera&quot;:&quot;&quot;,&quot;caption&quot;:&quot;&quot;,&quot;created_timestamp&quot;:&quot;0&quot;,&quot;copyright&quot;:&quot;&quot;,&quot;focal_length&quot;:&quot;0&quot;,&quot;iso&quot;:&quot;0&quot;,&quot;shutter_speed&quot;:&quot;0&quot;,&quot;title&quot;:&quot;&quot;,&quot;orientation&quot;:&quot;0&quot;}\" data-image-title=\"UEA 2022_foto galeria 1_Anna 3\" data-image-description=\"\" data-medium-file=\"https:\/\/icac.cat\/wp-content\/uploads\/2022\/03\/UEA-2022_foto-galeria-1_Anna-3-400x267.jpg\" data-large-file=\"https:\/\/icac.cat\/wp-content\/uploads\/2022\/03\/UEA-2022_foto-galeria-1_Anna-3-1024x683.jpg\" style=\"margin: 2px\" src=\"https:\/\/icac.cat\/wp-content\/uploads\/2022\/03\/UEA-2022_foto-galeria-1_Anna-3-scaled-784x784.jpg\" width=784 height=784 title=\"UEA 2022_foto galeria 1_Anna 3\" \/><\/a><\/div><div class=\"tiled-gallery-item\"><a border=\"0\" href=\"https:\/\/icac.cat\/es\/servicios\/unidad-de-estudios-arqueometricos\/presentacion\/uea-2022_foto-galeria-1_isabel-2\/\"><img data-attachment-id=\"76871\" data-orig-file=\"https:\/\/icac.cat\/wp-content\/uploads\/2022\/03\/UEA-2022_foto-galeria-1_Isabel.jpg\" data-orig-size=\"576,384\" data-comments-opened=\"0\" data-image-meta=\"{&quot;aperture&quot;:&quot;0&quot;,&quot;credit&quot;:&quot;&quot;,&quot;camera&quot;:&quot;&quot;,&quot;caption&quot;:&quot;&quot;,&quot;created_timestamp&quot;:&quot;0&quot;,&quot;copyright&quot;:&quot;&quot;,&quot;focal_length&quot;:&quot;0&quot;,&quot;iso&quot;:&quot;0&quot;,&quot;shutter_speed&quot;:&quot;0&quot;,&quot;title&quot;:&quot;&quot;,&quot;orientation&quot;:&quot;0&quot;}\" data-image-title=\"UEA 2022_foto galeria 1_Isabel\" data-image-description=\"\" data-medium-file=\"https:\/\/icac.cat\/wp-content\/uploads\/2022\/03\/UEA-2022_foto-galeria-1_Isabel-400x267.jpg\" data-large-file=\"https:\/\/icac.cat\/wp-content\/uploads\/2022\/03\/UEA-2022_foto-galeria-1_Isabel.jpg\" style=\"margin: 2px\" src=\"https:\/\/icac.cat\/wp-content\/uploads\/2022\/03\/UEA-2022_foto-galeria-1_Isabel-259x259.jpg\" width=259 height=259 title=\"UEA 2022_foto galeria 1_Isabel\" \/><\/a><\/div><div class=\"tiled-gallery-item\"><a border=\"0\" href=\"https:\/\/icac.cat\/es\/servicios\/unidad-de-estudios-arqueometricos\/presentacion\/uea-2022_foto-galeria-2_pilar-2\/\"><img data-attachment-id=\"76874\" data-orig-file=\"https:\/\/icac.cat\/wp-content\/uploads\/2022\/03\/UEA-2022_foto-galeria-2_Pilar.jpg\" data-orig-size=\"400,300\" data-comments-opened=\"0\" data-image-meta=\"{&quot;aperture&quot;:&quot;0&quot;,&quot;credit&quot;:&quot;&quot;,&quot;camera&quot;:&quot;&quot;,&quot;caption&quot;:&quot;&quot;,&quot;created_timestamp&quot;:&quot;0&quot;,&quot;copyright&quot;:&quot;&quot;,&quot;focal_length&quot;:&quot;0&quot;,&quot;iso&quot;:&quot;0&quot;,&quot;shutter_speed&quot;:&quot;0&quot;,&quot;title&quot;:&quot;&quot;,&quot;orientation&quot;:&quot;0&quot;}\" data-image-title=\"UEA 2022_foto galeria 2_Pilar\" data-image-description=\"\" data-medium-file=\"https:\/\/icac.cat\/wp-content\/uploads\/2022\/03\/UEA-2022_foto-galeria-2_Pilar.jpg\" data-large-file=\"https:\/\/icac.cat\/wp-content\/uploads\/2022\/03\/UEA-2022_foto-galeria-2_Pilar.jpg\" style=\"margin: 2px\" src=\"https:\/\/icac.cat\/wp-content\/uploads\/2022\/03\/UEA-2022_foto-galeria-2_Pilar-259x259.jpg\" width=259 height=259 title=\"UEA 2022_foto galeria 2_Pilar\" \/><\/a><\/div><div class=\"tiled-gallery-item\"><a border=\"0\" href=\"https:\/\/icac.cat\/es\/servicios\/unidad-de-estudios-arqueometricos\/presentacion\/uea-2022_foto-galeria-1_aureli-2\/\"><img data-attachment-id=\"76877\" data-orig-file=\"https:\/\/icac.cat\/wp-content\/uploads\/2022\/03\/UEA-2022_foto-galeria-1_Aureli.jpg\" data-orig-size=\"390,390\" data-comments-opened=\"0\" data-image-meta=\"{&quot;aperture&quot;:&quot;0&quot;,&quot;credit&quot;:&quot;&quot;,&quot;camera&quot;:&quot;&quot;,&quot;caption&quot;:&quot;&quot;,&quot;created_timestamp&quot;:&quot;0&quot;,&quot;copyright&quot;:&quot;&quot;,&quot;focal_length&quot;:&quot;0&quot;,&quot;iso&quot;:&quot;0&quot;,&quot;shutter_speed&quot;:&quot;0&quot;,&quot;title&quot;:&quot;&quot;,&quot;orientation&quot;:&quot;0&quot;}\" data-image-title=\"UEA 2022_foto galeria 1_Aureli\" data-image-description=\"\" data-medium-file=\"https:\/\/icac.cat\/wp-content\/uploads\/2022\/03\/UEA-2022_foto-galeria-1_Aureli.jpg\" data-large-file=\"https:\/\/icac.cat\/wp-content\/uploads\/2022\/03\/UEA-2022_foto-galeria-1_Aureli.jpg\" style=\"margin: 2px\" src=\"https:\/\/icac.cat\/wp-content\/uploads\/2022\/03\/UEA-2022_foto-galeria-1_Aureli-259x259.jpg\" width=259 height=259 title=\"UEA 2022_foto galeria 1_Aureli\" \/><\/a><\/div><\/div>\n<h5><\/h5>\n<h5>La historia de la UEA<\/h5>\n<p><strong>La Unidad de Estudios Arqueom\u00e9tricos naci\u00f3 en 2005 con el objetivo de aplicar t\u00e9cnicas anal\u00edticas en los materiales arqueol\u00f3gicos inorg\u00e1nicos<\/strong> (principalmente rocas ornamentales, aunque tambi\u00e9n se han desarrollado estudios de materiales de construcci\u00f3n, cer\u00e1micas y metales) y proporcionar una interpretaci\u00f3n en clave arqueol\u00f3gica de los resultados.<\/p>\n<p>Previamente a la creaci\u00f3n de la Unidad de Estudios Arqueom\u00e9tricos, a finales de los a\u00f1os 70 el Dr. Aureli \u00c0lvarez y la Dra. Isabel Rod\u00e0 iniciaron una colaboraci\u00f3n entre la geolog\u00eda y la arqueolog\u00eda. Seguidamente, en los a\u00f1os 90 se cre\u00f3 el <strong>Laboratorio para el Estudio de Materiales Lap\u00eddeos en la Antig\u00fcedad (LEMLA)<\/strong>, ubicado en la Facultad de Filosof\u00eda y Letras de la Universidad Aut\u00f3noma de Barcelona (UAB).<\/p>\n<p>En el a\u00f1o 2002 se fund\u00f3 en Tarragona el Instituto Catal\u00e1n de Arqueolog\u00eda Cl\u00e1sica (ICAC). En esta instituci\u00f3n, la Unidad de Estudios Arqueom\u00e9tricos fue creada en 2005. Posteriormente, se formaliz\u00f3 un acuerdo entre la UAB y el ICAC que, desde 2006, facilit\u00f3 la promoci\u00f3n de estudios arqueom\u00e9tricos entre equipos de investigaci\u00f3n de diferentes instituciones.<\/p>\n<p><img loading=\"lazy\" class=\"aligncenter size-full wp-image-77225\" src=\"https:\/\/icac.cat\/wp-content\/uploads\/2022\/04\/UEA_actualitzacio-2022_grafic-historia-UEA-ES.png\" alt=\"\" width=\"984\" height=\"307\" srcset=\"https:\/\/icac.cat\/wp-content\/uploads\/2022\/04\/UEA_actualitzacio-2022_grafic-historia-UEA-ES.png 984w, https:\/\/icac.cat\/wp-content\/uploads\/2022\/04\/UEA_actualitzacio-2022_grafic-historia-UEA-ES-400x125.png 400w, https:\/\/icac.cat\/wp-content\/uploads\/2022\/04\/UEA_actualitzacio-2022_grafic-historia-UEA-ES-768x240.png 768w\" sizes=\"(max-width: 984px) 100vw, 984px\" \/><\/p>\n<p>En 2009, el ICAC hosped\u00f3 la <strong>Conferencia Internacional ASMOSIA IX<\/strong>, que permiti\u00f3 mostrar los numerosos estudios desarrollados en la Pen\u00ednsula Ib\u00e9rica y contribuy\u00f3 a la consolidaci\u00f3n de las l\u00edneas de investigaci\u00f3n de la Unidad. Esta reuni\u00f3n cient\u00edfica fue un punto de inflexi\u00f3n en la investigaci\u00f3n de las rocas ornamentales empleadas en la antig\u00fcedad en nuestro pa\u00eds.<\/p>\n<div data-carousel-extra='{\"blog_id\":1,\"permalink\":\"https:\\\/\\\/icac.cat\\\/es\\\/servicios\\\/unidad-de-estudios-arqueometricos\\\/presentacion\\\/\"}' class=\"tiled-gallery type-square\" data-original-width=\"790\"><div class=\"tiled-gallery-item\"><a border=\"0\" href=\"https:\/\/icac.cat\/es\/servicios\/unidad-de-estudios-arqueometricos\/presentacion\/uea-2022_galeria-2_asmosia-1-2\/\"><img data-attachment-id=\"76880\" data-orig-file=\"https:\/\/icac.cat\/wp-content\/uploads\/2022\/03\/UEA-2022_galeria-2_Asmosia-1-scaled.jpg\" data-orig-size=\"2560,1920\" data-comments-opened=\"0\" data-image-meta=\"{&quot;aperture&quot;:&quot;0&quot;,&quot;credit&quot;:&quot;&quot;,&quot;camera&quot;:&quot;&quot;,&quot;caption&quot;:&quot;&quot;,&quot;created_timestamp&quot;:&quot;0&quot;,&quot;copyright&quot;:&quot;&quot;,&quot;focal_length&quot;:&quot;0&quot;,&quot;iso&quot;:&quot;0&quot;,&quot;shutter_speed&quot;:&quot;0&quot;,&quot;title&quot;:&quot;&quot;,&quot;orientation&quot;:&quot;0&quot;}\" data-image-title=\"UEA 2022_galeria 2_Asmosia 1\" data-image-description=\"\" data-medium-file=\"https:\/\/icac.cat\/wp-content\/uploads\/2022\/03\/UEA-2022_galeria-2_Asmosia-1-400x300.jpg\" data-large-file=\"https:\/\/icac.cat\/wp-content\/uploads\/2022\/03\/UEA-2022_galeria-2_Asmosia-1-1024x768.jpg\" style=\"margin: 2px\" src=\"https:\/\/icac.cat\/wp-content\/uploads\/2022\/03\/UEA-2022_galeria-2_Asmosia-1-scaled-259x259.jpg\" width=259 height=259 title=\"UEA 2022_galeria 2_Asmosia 1\" \/><\/a><\/div><div class=\"tiled-gallery-item\"><a border=\"0\" href=\"https:\/\/icac.cat\/es\/servicios\/unidad-de-estudios-arqueometricos\/presentacion\/uea-2022_galeria-2_asmosia-2-2\/\"><img data-attachment-id=\"76883\" data-orig-file=\"https:\/\/icac.cat\/wp-content\/uploads\/2022\/03\/UEA-2022_galeria-2_Asmosia-2-scaled.jpg\" data-orig-size=\"2560,1920\" data-comments-opened=\"0\" data-image-meta=\"{&quot;aperture&quot;:&quot;0&quot;,&quot;credit&quot;:&quot;&quot;,&quot;camera&quot;:&quot;&quot;,&quot;caption&quot;:&quot;&quot;,&quot;created_timestamp&quot;:&quot;0&quot;,&quot;copyright&quot;:&quot;&quot;,&quot;focal_length&quot;:&quot;0&quot;,&quot;iso&quot;:&quot;0&quot;,&quot;shutter_speed&quot;:&quot;0&quot;,&quot;title&quot;:&quot;&quot;,&quot;orientation&quot;:&quot;0&quot;}\" data-image-title=\"UEA 2022_galeria 2_Asmosia 2\" data-image-description=\"\" data-medium-file=\"https:\/\/icac.cat\/wp-content\/uploads\/2022\/03\/UEA-2022_galeria-2_Asmosia-2-400x300.jpg\" data-large-file=\"https:\/\/icac.cat\/wp-content\/uploads\/2022\/03\/UEA-2022_galeria-2_Asmosia-2-1024x768.jpg\" style=\"margin: 2px\" src=\"https:\/\/icac.cat\/wp-content\/uploads\/2022\/03\/UEA-2022_galeria-2_Asmosia-2-scaled-259x259.jpg\" width=259 height=259 title=\"UEA 2022_galeria 2_Asmosia 2\" \/><\/a><\/div><div class=\"tiled-gallery-item\"><a border=\"0\" href=\"https:\/\/icac.cat\/es\/servicios\/unidad-de-estudios-arqueometricos\/presentacion\/uea-2022_galeria-2_asmosia-3-2\/\"><img data-attachment-id=\"76886\" data-orig-file=\"https:\/\/icac.cat\/wp-content\/uploads\/2022\/03\/UEA-2022_galeria-2_Asmosia-3-scaled.jpg\" data-orig-size=\"2560,1920\" data-comments-opened=\"0\" data-image-meta=\"{&quot;aperture&quot;:&quot;0&quot;,&quot;credit&quot;:&quot;&quot;,&quot;camera&quot;:&quot;&quot;,&quot;caption&quot;:&quot;&quot;,&quot;created_timestamp&quot;:&quot;0&quot;,&quot;copyright&quot;:&quot;&quot;,&quot;focal_length&quot;:&quot;0&quot;,&quot;iso&quot;:&quot;0&quot;,&quot;shutter_speed&quot;:&quot;0&quot;,&quot;title&quot;:&quot;&quot;,&quot;orientation&quot;:&quot;0&quot;}\" data-image-title=\"UEA 2022_galeria 2_Asmosia 3\" data-image-description=\"\" data-medium-file=\"https:\/\/icac.cat\/wp-content\/uploads\/2022\/03\/UEA-2022_galeria-2_Asmosia-3-400x300.jpg\" data-large-file=\"https:\/\/icac.cat\/wp-content\/uploads\/2022\/03\/UEA-2022_galeria-2_Asmosia-3-1024x768.jpg\" style=\"margin: 2px\" src=\"https:\/\/icac.cat\/wp-content\/uploads\/2022\/03\/UEA-2022_galeria-2_Asmosia-3-scaled-259x259.jpg\" width=259 height=259 title=\"UEA 2022_galeria 2_Asmosia 3\" \/><\/a><\/div><\/div>\n<p>Aparte de la publicaci\u00f3n de numerosos art\u00edculos, estos esfuerzos han permitido la publicaci\u00f3n de varios libros:<\/p>\n<ul>\n<li><a href=\"https:\/\/icac.cat\/serveis\/publicacions\/llibre\/lapidum-natura-restat\/\" target=\"_blank\" rel=\"noopener\"><em>Lapidum natura restat. Canteras antiguas de la pen\u00ednsula ib\u00e9rica en su contexto (cronolog\u00eda, t\u00e9cnicas y organizaci\u00f3n de la explotaci\u00f3n)<\/em><\/a>, Anna Guti\u00e9rrez Garcia-Moreno y Pierre Rouillard (editors), ICAC, Documenta 31, 2019.<\/li>\n<li><em><a href=\"https:\/\/icac.cat\/serveis\/publicacions\/llibre\/interdisciplinary-studies-on-ancient-stone-proceedings-of-the-ix-asmosia-conference-tarragona-2009\/\" target=\"_blank\" rel=\"noopener\">Interdisciplinary Studies on Ancient Stone.<\/a> Proceedings of the IX ASMOSIA Conference (Tarragona 2009)<\/em>; Anna Guti\u00e9rrez Garcia-Moreno, Pilar Lapuente e Isabel Rod\u00e0 (editores), ICAC, Documenta 23, 2012.<\/li>\n<li><a href=\"https:\/\/icac.cat\/serveis\/publicacions\/llibre\/roman-quarries-in-the-northeast-of-hispania-modern-catalonia\/\" target=\"_blank\" rel=\"noopener\"><em>Roman Quarries in the Northeast of Hispania (Modern Catalonia)<\/em><\/a>, Anna Guti\u00e9rrez Garc\u00eda-Moreno, ICAC, Documenta 10, 2010.<\/li>\n<li><a href=\"https:\/\/icac.cat\/serveis\/publicacions\/llibre\/el-marmor-de-tarraco-explotacio-utilizacio-i-comercialitzacio-de-la-pedra-de-santa-tecla-en-epoca-romana-the-quarrying-use-and-trade-of-santa-tecla-stone-in-roman-times\/\" target=\"_blank\" rel=\"noopener\"><em>El marmor de Tarraco. Explotaci\u00f3, utilizaci\u00f3 i comercialitzaci\u00f3 de la pedra de Santa Tecla en \u00e8poca romana \/ \/ Tarraco Marmor. The Quarrying, Use and Trade of Santa Tecla Stone in Roman Times<\/em><\/a>; Aureli \u00c0lv\u00e0rez, Virginia Garc\u00eda-Entero, Anna Guti\u00e9rrez Garcia-Moreno e Isabel Rod\u00e0; ICAC, Hic et Nunc 6, 2009.<\/li>\n<\/ul>\n<div data-carousel-extra='{\"blog_id\":1,\"permalink\":\"https:\\\/\\\/icac.cat\\\/es\\\/servicios\\\/unidad-de-estudios-arqueometricos\\\/presentacion\\\/\"}' class=\"tiled-gallery type-rectangular\" data-original-width=\"790\"><div class=\"gallery-row\" style=\"width: 785px; height: 270px;\"><div class=\"gallery-group images-1\" style=\"width: 195px; height: 274px;\"><div class=\"tiled-gallery-item tiled-gallery-item-small\"><a href=\"https:\/\/icac.cat\/es\/archeonea\/archeonea-086-cat\/lapidum-natura-restat_coberta-2\/\"><img data-attachment-id=\"68460\" data-orig-file=\"https:\/\/icac.cat\/wp-content\/uploads\/2018\/12\/Lapidum-Natura-Restat_coberta.jpg\" data-orig-size=\"2480,3507\" data-comments-opened=\"0\" data-image-meta=\"{&quot;aperture&quot;:&quot;0&quot;,&quot;credit&quot;:&quot;&quot;,&quot;camera&quot;:&quot;&quot;,&quot;caption&quot;:&quot;&quot;,&quot;created_timestamp&quot;:&quot;0&quot;,&quot;copyright&quot;:&quot;&quot;,&quot;focal_length&quot;:&quot;0&quot;,&quot;iso&quot;:&quot;0&quot;,&quot;shutter_speed&quot;:&quot;0&quot;,&quot;title&quot;:&quot;&quot;,&quot;orientation&quot;:&quot;0&quot;}\" data-image-title=\"Lapidum Natura Restat_coberta\" data-image-description=\"\" data-medium-file=\"https:\/\/icac.cat\/wp-content\/uploads\/2018\/12\/Lapidum-Natura-Restat_coberta-400x566.jpg\" data-large-file=\"https:\/\/icac.cat\/wp-content\/uploads\/2018\/12\/Lapidum-Natura-Restat_coberta-724x1024.jpg\" src=\"https:\/\/icac.cat\/wp-content\/uploads\/2018\/12\/Lapidum-Natura-Restat_coberta-191x270.jpg\" width=\"191\" height=\"270\" align=\"left\" title=\"Lapidum Natura Restat_coberta\" \/><\/a><div class=\"tiled-gallery-caption\">Lapidum Natura Restat (2018)<\/div><\/div><\/div><div class=\"gallery-group images-1\" style=\"width: 199px; height: 274px;\"><div class=\"tiled-gallery-item tiled-gallery-item-small\"><a href=\"https:\/\/icac.cat\/es\/serveis\/publicacions\/llibre\/interdisciplinary-studies-on-ancient-stone-proceedings-of-the-ix-asmosia-conference-tarragona-2009\/53-65-jpg-2\/\"><img data-attachment-id=\"63294\" data-orig-file=\"https:\/\/icac.cat\/wp-content\/uploads\/2015\/07\/53.65.jpg\" data-orig-size=\"350,485\" data-comments-opened=\"0\" data-image-meta=\"{&quot;aperture&quot;:&quot;0&quot;,&quot;credit&quot;:&quot;&quot;,&quot;camera&quot;:&quot;&quot;,&quot;caption&quot;:&quot;&quot;,&quot;created_timestamp&quot;:&quot;0&quot;,&quot;copyright&quot;:&quot;&quot;,&quot;focal_length&quot;:&quot;0&quot;,&quot;iso&quot;:&quot;0&quot;,&quot;shutter_speed&quot;:&quot;0&quot;,&quot;title&quot;:&quot;&quot;,&quot;orientation&quot;:&quot;0&quot;}\" data-image-title=\"53.65.jpg\" data-image-description=\"\" data-medium-file=\"https:\/\/icac.cat\/wp-content\/uploads\/2015\/07\/53.65-216x300.jpg\" data-large-file=\"https:\/\/icac.cat\/wp-content\/uploads\/2015\/07\/53.65.jpg\" src=\"https:\/\/icac.cat\/wp-content\/uploads\/2015\/07\/53.65-195x270.jpg\" width=\"195\" height=\"270\" align=\"left\" title=\"53.65.jpg\" \/><\/a><div class=\"tiled-gallery-caption\">Interdisciplinary Studies on Ancient Stone. Proceedings of the IX ASMOSIA Conference (Tarragona 2009)<\/div><\/div><\/div><div class=\"gallery-group images-1\" style=\"width: 196px; height: 274px;\"><div class=\"tiled-gallery-item tiled-gallery-item-small\"><a href=\"https:\/\/icac.cat\/es\/serveis\/publicacions\/llibre\/roman-quarries-in-the-northeast-of-hispania-modern-catalonia\/53-34-jpg-2\/\"><img data-attachment-id=\"63370\" data-orig-file=\"https:\/\/icac.cat\/wp-content\/uploads\/2015\/07\/53.34.jpg\" data-orig-size=\"566,800\" data-comments-opened=\"0\" data-image-meta=\"{&quot;aperture&quot;:&quot;0&quot;,&quot;credit&quot;:&quot;&quot;,&quot;camera&quot;:&quot;&quot;,&quot;caption&quot;:&quot;&quot;,&quot;created_timestamp&quot;:&quot;0&quot;,&quot;copyright&quot;:&quot;&quot;,&quot;focal_length&quot;:&quot;0&quot;,&quot;iso&quot;:&quot;0&quot;,&quot;shutter_speed&quot;:&quot;0&quot;,&quot;title&quot;:&quot;&quot;,&quot;orientation&quot;:&quot;0&quot;}\" data-image-title=\"53.34.jpg\" data-image-description=\"\" data-medium-file=\"https:\/\/icac.cat\/wp-content\/uploads\/2015\/07\/53.34-212x300.jpg\" data-large-file=\"https:\/\/icac.cat\/wp-content\/uploads\/2015\/07\/53.34.jpg\" src=\"https:\/\/icac.cat\/wp-content\/uploads\/2015\/07\/53.34-192x270.jpg\" width=\"192\" height=\"270\" align=\"left\" title=\"53.34.jpg\" \/><\/a><div class=\"tiled-gallery-caption\">Roman Quarries in the Northeast of Hispania (Modern Catalonia), 2009<\/div><\/div><\/div><div class=\"gallery-group images-1\" style=\"width: 195px; height: 274px;\"><div class=\"tiled-gallery-item tiled-gallery-item-small\"><a href=\"https:\/\/icac.cat\/es\/serveis\/publicacions\/llibre\/el-marmor-de-tarraco-explotacio-utilizacio-i-comercialitzacio-de-la-pedra-de-santa-tecla-en-epoca-romana-the-quarrying-use-and-trade-of-santa-tecla-stone-in-roman-times\/53-40-jpg-2\/\"><img data-attachment-id=\"63358\" data-orig-file=\"https:\/\/icac.cat\/wp-content\/uploads\/2015\/07\/53.40.jpg\" data-orig-size=\"566,800\" data-comments-opened=\"0\" data-image-meta=\"{&quot;aperture&quot;:&quot;0&quot;,&quot;credit&quot;:&quot;&quot;,&quot;camera&quot;:&quot;&quot;,&quot;caption&quot;:&quot;&quot;,&quot;created_timestamp&quot;:&quot;0&quot;,&quot;copyright&quot;:&quot;&quot;,&quot;focal_length&quot;:&quot;0&quot;,&quot;iso&quot;:&quot;0&quot;,&quot;shutter_speed&quot;:&quot;0&quot;,&quot;title&quot;:&quot;&quot;,&quot;orientation&quot;:&quot;0&quot;}\" data-image-title=\"53.40.jpg\" data-image-description=\"\" data-medium-file=\"https:\/\/icac.cat\/wp-content\/uploads\/2015\/07\/53.40-212x300.jpg\" data-large-file=\"https:\/\/icac.cat\/wp-content\/uploads\/2015\/07\/53.40.jpg\" src=\"https:\/\/icac.cat\/wp-content\/uploads\/2015\/07\/53.40-191x270.jpg\" width=\"191\" height=\"270\" align=\"left\" title=\"53.40.jpg\" \/><\/a><div class=\"tiled-gallery-caption\">El marmor de Tarraco \/ Tarraco Marmor (2009)<\/div><\/div><\/div><\/div><\/div>\n","protected":false},"excerpt":{"rendered":"<p>La\u00a0Unidad de Estudios Arqueom\u00e9tricos divide su actividad en tres grandes \u00e1reas: a.\u00a0Apoyo a la investigaci\u00f3n Es el objetivo principal de la UEA y se orienta a dar apoyo a los arque\u00f3logos. La UEA ofrece sus servicios a instituciones p\u00fablicas, tanto de aqu\u00ed como extranjeras, y a empresas privadas relacionadas con la gesti\u00f3n del patrimonio, la [&hellip;]<\/p>\n","protected":false},"author":1,"featured_media":0,"parent":21678,"menu_order":0,"comment_status":"closed","ping_status":"closed","template":"","meta":{"_genesis_hide_title":false,"_genesis_hide_breadcrumbs":false,"_genesis_hide_singular_image":false,"_genesis_hide_footer_widgets":false,"_genesis_custom_body_class":"","_genesis_custom_post_class":"","_genesis_layout":""},"_links":{"self":[{"href":"https:\/\/icac.cat\/es\/wp-json\/wp\/v2\/pages\/21806"}],"collection":[{"href":"https:\/\/icac.cat\/es\/wp-json\/wp\/v2\/pages"}],"about":[{"href":"https:\/\/icac.cat\/es\/wp-json\/wp\/v2\/types\/page"}],"author":[{"embeddable":true,"href":"https:\/\/icac.cat\/es\/wp-json\/wp\/v2\/users\/1"}],"replies":[{"embeddable":true,"href":"https:\/\/icac.cat\/es\/wp-json\/wp\/v2\/comments?post=21806"}],"version-history":[{"count":6,"href":"https:\/\/icac.cat\/es\/wp-json\/wp\/v2\/pages\/21806\/revisions"}],"predecessor-version":[{"id":77228,"href":"https:\/\/icac.cat\/es\/wp-json\/wp\/v2\/pages\/21806\/revisions\/77228"}],"up":[{"embeddable":true,"href":"https:\/\/icac.cat\/es\/wp-json\/wp\/v2\/pages\/21678"}],"wp:attachment":[{"href":"https:\/\/icac.cat\/es\/wp-json\/wp\/v2\/media?parent=21806"}],"curies":[{"name":"wp","href":"https:\/\/api.w.org\/{rel}","templated":true}]}}