{"id":21808,"date":"2015-06-25T08:24:11","date_gmt":"2015-06-25T06:24:11","guid":{"rendered":"http:\/\/www.icac.cat\/es\/servicios\/publicaciones\/equip-i-contacte\/"},"modified":"2025-05-07T13:05:31","modified_gmt":"2025-05-07T11:05:31","slug":"equipo-y-contacto","status":"publish","type":"page","link":"https:\/\/icac.cat\/es\/servicios\/publicaciones\/equipo-y-contacto\/","title":{"rendered":"Equipo y contacto"},"content":{"rendered":"<p><strong>Servicio de Publicaciones<\/strong><br \/>\n<a href=\"https:\/\/icac.cat\/qui-som\/personal\/mjornet\/\" target=\"_blank\" rel=\"noopener\">Marta Jornet Gonzalez<\/a><\/p>\n<p>Tel\u00e9fono: 977 24 91 33<br \/>\nCorreo electr\u00f3nico: <a href=\"mailto:cbadia@icac.cat\">publicacions@icac.cat<\/a><\/p>\n<p><strong>Venta, subscripci\u00f3n, intercambios y distribuci\u00f3n<\/strong><br \/>\n<a href=\"http:\/\/icac.cat\/es\/quienes-somos\/personal\/lgil\/\" target=\"_blank\" rel=\"noopener\">Lydia Gil Gonz\u00e1lez<\/a><\/p>\n<p>Tel\u00e9fono: 977 24 91 33 (extensi\u00f3n 221)<br \/>\nCorreo electr\u00f3nico: <a href=\"mailto:lgil@icac.cat\">lgil@icac.cat<\/a><\/p>\n","protected":false},"excerpt":{"rendered":"<p>Servicio de Publicaciones Marta Jornet Gonzalez Tel\u00e9fono: 977 24 91 33 Correo electr\u00f3nico: publicacions@icac.cat Venta, subscripci\u00f3n, intercambios y distribuci\u00f3n Lydia Gil Gonz\u00e1lez Tel\u00e9fono: 977 24 91 33 (extensi\u00f3n 221) Correo electr\u00f3nico: lgil@icac.cat<\/p>\n","protected":false},"author":1,"featured_media":0,"parent":21676,"menu_order":7,"comment_status":"closed","ping_status":"closed","template":"","meta":{"_genesis_hide_title":false,"_genesis_hide_breadcrumbs":false,"_genesis_hide_singular_image":false,"_genesis_hide_footer_widgets":false,"_genesis_custom_body_class":"","_genesis_custom_post_class":"","_genesis_layout":""},"_links":{"self":[{"href":"https:\/\/icac.cat\/es\/wp-json\/wp\/v2\/pages\/21808"}],"collection":[{"href":"https:\/\/icac.cat\/es\/wp-json\/wp\/v2\/pages"}],"about":[{"href":"https:\/\/icac.cat\/es\/wp-json\/wp\/v2\/types\/page"}],"author":[{"embeddable":true,"href":"https:\/\/icac.cat\/es\/wp-json\/wp\/v2\/users\/1"}],"replies":[{"embeddable":true,"href":"https:\/\/icac.cat\/es\/wp-json\/wp\/v2\/comments?post=21808"}],"version-history":[{"count":6,"href":"https:\/\/icac.cat\/es\/wp-json\/wp\/v2\/pages\/21808\/revisions"}],"predecessor-version":[{"id":100193,"href":"https:\/\/icac.cat\/es\/wp-json\/wp\/v2\/pages\/21808\/revisions\/100193"}],"up":[{"embeddable":true,"href":"https:\/\/icac.cat\/es\/wp-json\/wp\/v2\/pages\/21676"}],"wp:attachment":[{"href":"https:\/\/icac.cat\/es\/wp-json\/wp\/v2\/media?parent=21808"}],"curies":[{"name":"wp","href":"https:\/\/api.w.org\/{rel}","templated":true}]}}