{"id":21810,"date":"2015-06-25T08:23:57","date_gmt":"2015-06-25T06:23:57","guid":{"rendered":"http:\/\/www.icac.cat\/es\/servicios\/publicaciones\/intercanvis\/"},"modified":"2019-05-29T09:40:49","modified_gmt":"2019-05-29T07:40:49","slug":"intercambios","status":"publish","type":"page","link":"https:\/\/icac.cat\/es\/servicios\/publicaciones\/intercambios\/","title":{"rendered":"Intercambios"},"content":{"rendered":"<p>El ICAC realilza intercambio bibliogr\u00e1fico con 260 centros de investigaci\u00f3n, museos y universidades de referencia en toda Europa.<\/p>\n<p>Para solicitar intercambio bibliogr\u00e1fico, p\u00f3ngase en contacto con:<\/p>\n<p>Lydia Gil<br \/>\nTel\u00e9fono: 977 24 91 33 (extensi\u00f3n 221)<br \/>\nCorreo electr\u00f3nico: <a href=\"mailto:lgil@icac.cat\">lgil@icac.cat<\/a><\/p>\n<p>En este <strong><a href=\"https:\/\/icac.cat\/wp-content\/uploads\/2015\/06\/Cataleg-publicacions-ICAC_2019.pdf\" target=\"_blank\">cat\u00e1logo de publicaciones<\/a><\/strong>\u00a0est\u00e1n las publicaciones editadas y coeditadas hasta la fecha por el ICAC, con indicaci\u00f3n des las que distribuye el Instituto.<\/p>\n<p>&nbsp;<\/p>\n","protected":false},"excerpt":{"rendered":"<p>El ICAC realilza intercambio bibliogr\u00e1fico con 260 centros de investigaci\u00f3n, museos y universidades de referencia en toda Europa. Para solicitar intercambio bibliogr\u00e1fico, p\u00f3ngase en contacto con: Lydia Gil Tel\u00e9fono: 977 24 91 33 (extensi\u00f3n 221) Correo electr\u00f3nico: lgil@icac.cat En este cat\u00e1logo de publicaciones\u00a0est\u00e1n las publicaciones editadas y coeditadas hasta la fecha por el ICAC, con [&hellip;]<\/p>\n","protected":false},"author":1,"featured_media":0,"parent":21676,"menu_order":6,"comment_status":"closed","ping_status":"closed","template":"","meta":{"_genesis_hide_title":false,"_genesis_hide_breadcrumbs":false,"_genesis_hide_singular_image":false,"_genesis_hide_footer_widgets":false,"_genesis_custom_body_class":"","_genesis_custom_post_class":"","_genesis_layout":""},"_links":{"self":[{"href":"https:\/\/icac.cat\/es\/wp-json\/wp\/v2\/pages\/21810"}],"collection":[{"href":"https:\/\/icac.cat\/es\/wp-json\/wp\/v2\/pages"}],"about":[{"href":"https:\/\/icac.cat\/es\/wp-json\/wp\/v2\/types\/page"}],"author":[{"embeddable":true,"href":"https:\/\/icac.cat\/es\/wp-json\/wp\/v2\/users\/1"}],"replies":[{"embeddable":true,"href":"https:\/\/icac.cat\/es\/wp-json\/wp\/v2\/comments?post=21810"}],"version-history":[{"count":6,"href":"https:\/\/icac.cat\/es\/wp-json\/wp\/v2\/pages\/21810\/revisions"}],"predecessor-version":[{"id":40943,"href":"https:\/\/icac.cat\/es\/wp-json\/wp\/v2\/pages\/21810\/revisions\/40943"}],"up":[{"embeddable":true,"href":"https:\/\/icac.cat\/es\/wp-json\/wp\/v2\/pages\/21676"}],"wp:attachment":[{"href":"https:\/\/icac.cat\/es\/wp-json\/wp\/v2\/media?parent=21810"}],"curies":[{"name":"wp","href":"https:\/\/api.w.org\/{rel}","templated":true}]}}