{"id":21812,"date":"2015-06-25T08:23:40","date_gmt":"2015-06-25T06:23:40","guid":{"rendered":"http:\/\/www.icac.cat\/es\/servicios\/publicaciones\/distribucio\/"},"modified":"2018-03-01T08:59:27","modified_gmt":"2018-03-01T07:59:27","slug":"distribucion","status":"publish","type":"page","link":"https:\/\/icac.cat\/es\/servicios\/publicaciones\/distribucion\/","title":{"rendered":"Distribuci\u00f3n"},"content":{"rendered":"<p>Si desea comprar libros publicados por el ICAC o haceros suscriptores de las novedades editoriales del Instituto a precios especiales, contactar con:<\/p>\n<p>Lydia Gil<br \/>\nTel\u00e9fono: 977 24 91 33 (extensi\u00f3n 221)<br \/>\nCorreo electr\u00f3nico: <a href=\"mailto:lgil@icac.cat\">lgil@icac.cat<\/a><\/p>\n<p>&nbsp;<\/p>\n<p>La distribuci\u00f3n de los libros digitales es a trav\u00e9s de <a href=\"http:\/\/www.torrossa.com\" target=\"_blank\">Torrossa<\/a>.<\/p>\n<p><a href=\"http:\/\/www.torrossa.com\"><img loading=\"lazy\" class=\"alignnone wp-image-28142\" src=\"https:\/\/icac.cat\/wp-content\/uploads\/2017\/08\/logo_torrossa.jpg\" alt=\"logo_torrossa\" width=\"180\" height=\"135\" \/><\/a><\/p>\n","protected":false},"excerpt":{"rendered":"<p>Si desea comprar libros publicados por el ICAC o haceros suscriptores de las novedades editoriales del Instituto a precios especiales, contactar con: Lydia Gil Tel\u00e9fono: 977 24 91 33 (extensi\u00f3n 221) Correo electr\u00f3nico: lgil@icac.cat &nbsp; La distribuci\u00f3n de los libros digitales es a trav\u00e9s de Torrossa.<\/p>\n","protected":false},"author":1,"featured_media":0,"parent":21676,"menu_order":5,"comment_status":"closed","ping_status":"closed","template":"","meta":{"_genesis_hide_title":false,"_genesis_hide_breadcrumbs":false,"_genesis_hide_singular_image":false,"_genesis_hide_footer_widgets":false,"_genesis_custom_body_class":"","_genesis_custom_post_class":"","_genesis_layout":""},"_links":{"self":[{"href":"https:\/\/icac.cat\/es\/wp-json\/wp\/v2\/pages\/21812"}],"collection":[{"href":"https:\/\/icac.cat\/es\/wp-json\/wp\/v2\/pages"}],"about":[{"href":"https:\/\/icac.cat\/es\/wp-json\/wp\/v2\/types\/page"}],"author":[{"embeddable":true,"href":"https:\/\/icac.cat\/es\/wp-json\/wp\/v2\/users\/1"}],"replies":[{"embeddable":true,"href":"https:\/\/icac.cat\/es\/wp-json\/wp\/v2\/comments?post=21812"}],"version-history":[{"count":5,"href":"https:\/\/icac.cat\/es\/wp-json\/wp\/v2\/pages\/21812\/revisions"}],"predecessor-version":[{"id":31543,"href":"https:\/\/icac.cat\/es\/wp-json\/wp\/v2\/pages\/21812\/revisions\/31543"}],"up":[{"embeddable":true,"href":"https:\/\/icac.cat\/es\/wp-json\/wp\/v2\/pages\/21676"}],"wp:attachment":[{"href":"https:\/\/icac.cat\/es\/wp-json\/wp\/v2\/media?parent=21812"}],"curies":[{"name":"wp","href":"https:\/\/api.w.org\/{rel}","templated":true}]}}