{"id":21822,"date":"2015-06-25T08:22:17","date_gmt":"2015-06-25T06:22:17","guid":{"rendered":"http:\/\/www.icac.cat\/es\/servicios\/publicaciones\/normativa\/"},"modified":"2017-02-10T14:33:43","modified_gmt":"2017-02-10T13:33:43","slug":"normativa","status":"publish","type":"page","link":"https:\/\/icac.cat\/es\/servicios\/publicaciones\/normativa\/","title":{"rendered":"Normativa"},"content":{"rendered":"<p>Los autores que deseen publicar en el ICAC deber\u00e1n tener en cuenta el proceso de aceptaci\u00f3n y evaluaci\u00f3n de los originales. Una vez admitidos para publicar, deben seguir los criterios de entrega de originales.<\/p>\n<p>&nbsp;<\/p>\n<p><strong>Recepci\u00f3n y publicaci\u00f3n de originales<\/strong><br \/>\n<a href=\"https:\/\/icac.cat\/wp-content\/uploads\/2015\/06\/autors.pdf\">Normativa de recepci\u00f3 i publicaci\u00f3 d&#8217;originals (catal\u00e0)<\/a><\/p>\n<p><a href=\"https:\/\/icac.cat\/wp-content\/uploads\/2015\/06\/53_authors.pdf\">Normativa de recepci\u00f3n y publicaci\u00f3n de originales (castellano)<\/a><\/p>\n<p><a href=\"https:\/\/icac.cat\/wp-content\/uploads\/2015\/06\/53_authors.pdf\">Reception and Publication Guidelines for Original Works (English)<\/a><\/p>\n<p>&nbsp;<\/p>\n<p><strong>Entrega de originales<\/strong><br \/>\n<a href=\"https:\/\/icac.cat\/wp-content\/uploads\/2015\/06\/originals.pdf\">Normes de lliurament d&#8217;originals (catal\u00e0)<\/a><\/p>\n<p><a href=\"https:\/\/icac.cat\/wp-content\/uploads\/2015\/06\/53_originales.pdf\">Normas de entrega de originales (castellano)<\/a><\/p>\n<p><a href=\"https:\/\/icac.cat\/wp-content\/uploads\/2015\/06\/53_guidelines.pdf\">Guidelines for Author Submissions (English)<\/a><\/p>\n","protected":false},"excerpt":{"rendered":"<p>Los autores que deseen publicar en el ICAC deber\u00e1n tener en cuenta el proceso de aceptaci\u00f3n y evaluaci\u00f3n de los originales. Una vez admitidos para publicar, deben seguir los criterios de entrega de originales. &nbsp; Recepci\u00f3n y publicaci\u00f3n de originales Normativa de recepci\u00f3 i publicaci\u00f3 d&#8217;originals (catal\u00e0) Normativa de recepci\u00f3n y publicaci\u00f3n de originales (castellano) [&hellip;]<\/p>\n","protected":false},"author":1,"featured_media":0,"parent":21676,"menu_order":1,"comment_status":"closed","ping_status":"closed","template":"","meta":{"_genesis_hide_title":false,"_genesis_hide_breadcrumbs":false,"_genesis_hide_singular_image":false,"_genesis_hide_footer_widgets":false,"_genesis_custom_body_class":"","_genesis_custom_post_class":"","_genesis_layout":""},"_links":{"self":[{"href":"https:\/\/icac.cat\/es\/wp-json\/wp\/v2\/pages\/21822"}],"collection":[{"href":"https:\/\/icac.cat\/es\/wp-json\/wp\/v2\/pages"}],"about":[{"href":"https:\/\/icac.cat\/es\/wp-json\/wp\/v2\/types\/page"}],"author":[{"embeddable":true,"href":"https:\/\/icac.cat\/es\/wp-json\/wp\/v2\/users\/1"}],"replies":[{"embeddable":true,"href":"https:\/\/icac.cat\/es\/wp-json\/wp\/v2\/comments?post=21822"}],"version-history":[{"count":2,"href":"https:\/\/icac.cat\/es\/wp-json\/wp\/v2\/pages\/21822\/revisions"}],"predecessor-version":[{"id":25077,"href":"https:\/\/icac.cat\/es\/wp-json\/wp\/v2\/pages\/21822\/revisions\/25077"}],"up":[{"embeddable":true,"href":"https:\/\/icac.cat\/es\/wp-json\/wp\/v2\/pages\/21676"}],"wp:attachment":[{"href":"https:\/\/icac.cat\/es\/wp-json\/wp\/v2\/media?parent=21822"}],"curies":[{"name":"wp","href":"https:\/\/api.w.org\/{rel}","templated":true}]}}