{"id":21824,"date":"2015-06-25T08:22:04","date_gmt":"2015-06-25T06:22:04","guid":{"rendered":"http:\/\/www.icac.cat\/es\/servicios\/publicaciones\/presentacio\/"},"modified":"2024-04-10T21:50:53","modified_gmt":"2024-04-10T19:50:53","slug":"presentacion","status":"publish","type":"page","link":"https:\/\/icac.cat\/es\/servicios\/publicaciones\/presentacion\/","title":{"rendered":"Presentaci\u00f3n"},"content":{"rendered":"<p>El ICAC dispone de un servicio de publicaciones a trav\u00e9s del cual da a conocer la labor investigadora, propia y ajena, en el campo de la arqueolog\u00eda cl\u00e1sica en sentido amplio.<\/p>\n<p>Desde 2019, el ICAC cuenta con dos organismos independientes que velan por la calidad, el rigor cient\u00edfico y el prestigio de las publicaciones del Instituto.<\/p>\n<p>A nivel interno, la\u00a0<strong>Comisi\u00f3n Editorial<\/strong>\u00a0est\u00e1 formada por representantes de las diferentes \u00e1reas de investigaci\u00f3n del Instituto y con el personal responsable del proceso editorial interno. Sus funciones principales son la aprobaci\u00f3n de las propuestas de publicaci\u00f3n y el asesoramiento cient\u00edfico en la actividad editorial del Instituto.<\/p>\n<p>A nivel externo, el <a href=\"https:\/\/icac.cat\/es\/servicios\/publicaciones\/consejo-editorial\/\">Consejo Editorial<\/a> y el <a href=\"https:\/\/icac.cat\/es\/servicios\/publicaciones\/normativa\/\">sistema de revisi\u00f3n por pares<\/a> garantizan el rigor y la aportaci\u00f3n cient\u00edfica de los libros de las dos\u00a0colecciones del Instituto: <a href=\"https:\/\/icac.cat\/serveis\/publicacions\/col%C2%B7leccio\/documenta\/\">Documenta<\/a>\u00a0(en papel) y\u00a0 <a href=\"https:\/\/icac.cat\/serveis\/publicacions\/col%C2%B7leccio\/trama\/\">Trama<\/a> (digital).<\/p>\n<p>&nbsp;<\/p>\n<p style=\"padding-left: 30px;\"><a href=\"https:\/\/icac.cat\/serveis\/publicacions\/col%C2%B7leccio\/documenta\/\"><img loading=\"lazy\" class=\"alignnone wp-image-10828 alignleft\" src=\"https:\/\/icac.cat\/wp-content\/uploads\/2015\/06\/logo-documenta.jpg\" alt=\"logo-documenta\" width=\"300\" height=\"53\" \/><\/a><a href=\"https:\/\/icac.cat\/serveis\/publicacions\/col%C2%B7leccio\/trama\/\" target=\"_blank\" rel=\"noopener\"><img loading=\"lazy\" class=\"alignnone wp-image-10830 aligncenter\" src=\"https:\/\/icac.cat\/wp-content\/uploads\/2015\/06\/logo-trama.jpg\" alt=\"logo-trama\" width=\"220\" height=\"117\" \/><\/a><\/p>\n<p>Todas las publicaciones est\u00e1n disponibles en acceso abierto (formato PDF) pasados nueve meses desde su presentaci\u00f3n, mediante el repositorio\u00a0<a href=\"http:\/\/www.recercat.cat\/handle\/2072\/220028\" target=\"_blank\" rel=\"noopener\">Recercat<\/a>.<\/p>\n<p>El ICAC consta en el <a href=\"http:\/\/ilia.cchs.csic.es\/SPI\/prestigio_sectores_2014_2.php?materia=Arqueolog%EDa%20y%20Prehistoria&amp;tabla_esp=spi_editoriales_arqueologia_2014&amp;tabla_extr=spi_editoriales_arqueologia_2014_extr\" target=\"_blank\" rel=\"noopener\">r\u00e1nquing de editoriales de libros cient\u00edficos SPI<\/a> (Scholarly Publishers Indicators), en el \u00e1mbito de arqueolog\u00eda y prehistoria, que publica el Centro de Ciencias Humanas y Sociales (CSIC), bas\u00e1ndose en la opini\u00f3n de expertos espa\u00f1oles en Humanidades y Ciencias Sociales.<\/p>\n<p>El ICAC tambi\u00e9n\u00a0<a href=\"https:\/\/icac.cat\/serveis\/publicacions\/coedicions-i-col%c2%b7laboracions\/\">coedita y colabora<\/a> en publicaciones de otras entidades.<\/p>\n<p style=\"text-align: left; padding-left: 30px;\"><a href=\"https:\/\/icac.cat\/serveis\/publicacions\/coedicions-i-col%c2%b7laboracions\/\"><img loading=\"lazy\" class=\"alignnone wp-image-24312\" src=\"https:\/\/icac.cat\/wp-content\/uploads\/2015\/06\/coedicions_3-e1485419724454.jpg\" alt=\"coedicions_3\" width=\"300\" height=\"67\" \/><\/a><\/p>\n<p>Pod\u00e9is consultar tambi\u00e9n las publicaciones de la colecci\u00f3n\u00a0<a href=\"https:\/\/icac.cat\/serveis\/publicacions\/col%C2%B7leccio\/hic-et-nunc\/\" target=\"_blank\" rel=\"noopener\">Hic et Nunc<\/a>, operativa de 2007 a 2016.<\/p>\n<p style=\"padding-left: 30px;\"><a href=\"https:\/\/icac.cat\/serveis\/publicacions\/col%C2%B7leccio\/hic-et-nunc\/\" target=\"_blank\" rel=\"noopener\"><img loading=\"lazy\" class=\"alignnone wp-image-10829\" src=\"https:\/\/icac.cat\/wp-content\/uploads\/2015\/06\/logo-hic-et-nunc.jpg\" alt=\"logo-hic-et-nunc\" width=\"220\" height=\"60\" \/><\/a><\/p>\n<div class=\"highlight-block\">\n<p style=\"text-align: center;\">\n<\/div>\n","protected":false},"excerpt":{"rendered":"<p>El ICAC dispone de un servicio de publicaciones a trav\u00e9s del cual da a conocer la labor investigadora, propia y ajena, en el campo de la arqueolog\u00eda cl\u00e1sica en sentido amplio. Desde 2019, el ICAC cuenta con dos organismos independientes que velan por la calidad, el rigor cient\u00edfico y el prestigio de las publicaciones del [&hellip;]<\/p>\n","protected":false},"author":1,"featured_media":0,"parent":21676,"menu_order":0,"comment_status":"closed","ping_status":"closed","template":"template-cataleg-home.php","meta":{"_genesis_hide_title":false,"_genesis_hide_breadcrumbs":false,"_genesis_hide_singular_image":false,"_genesis_hide_footer_widgets":false,"_genesis_custom_body_class":"","_genesis_custom_post_class":"","_genesis_layout":""},"_links":{"self":[{"href":"https:\/\/icac.cat\/es\/wp-json\/wp\/v2\/pages\/21824"}],"collection":[{"href":"https:\/\/icac.cat\/es\/wp-json\/wp\/v2\/pages"}],"about":[{"href":"https:\/\/icac.cat\/es\/wp-json\/wp\/v2\/types\/page"}],"author":[{"embeddable":true,"href":"https:\/\/icac.cat\/es\/wp-json\/wp\/v2\/users\/1"}],"replies":[{"embeddable":true,"href":"https:\/\/icac.cat\/es\/wp-json\/wp\/v2\/comments?post=21824"}],"version-history":[{"count":8,"href":"https:\/\/icac.cat\/es\/wp-json\/wp\/v2\/pages\/21824\/revisions"}],"predecessor-version":[{"id":92598,"href":"https:\/\/icac.cat\/es\/wp-json\/wp\/v2\/pages\/21824\/revisions\/92598"}],"up":[{"embeddable":true,"href":"https:\/\/icac.cat\/es\/wp-json\/wp\/v2\/pages\/21676"}],"wp:attachment":[{"href":"https:\/\/icac.cat\/es\/wp-json\/wp\/v2\/media?parent=21824"}],"curies":[{"name":"wp","href":"https:\/\/api.w.org\/{rel}","templated":true}]}}