{"id":21900,"date":"2015-10-15T14:46:12","date_gmt":"2015-10-15T12:46:12","guid":{"rendered":"http:\/\/www.icac.cat\/es\/politica-de-cookies\/"},"modified":"2016-08-19T19:24:39","modified_gmt":"2016-08-19T17:24:39","slug":"politica-de-cookies","status":"publish","type":"page","link":"https:\/\/icac.cat\/es\/politica-de-cookies\/","title":{"rendered":"Pol\u00edtica de cookies"},"content":{"rendered":"<p>Sobre l&#8217;\u00fas de les galetes (o <em>cookies<\/em> en angl\u00e8s) en aquest lloc web.<\/p>\n<p>Una galeta \u00e9s un petit fragment de codi que els llocs web que visites envien al teu navegador. Tenen diverses funcions.<\/p>\n<ul>\n<li>Hi ha galetes de prefer\u00e8ncies, que serveixen per exemple per recordar l&#8217;idioma que has triat per navegar.<\/li>\n<li>Hi ha galetes de processos, que quan accedeixes a una \u00e0rea privada memoritzen algunes dades per tenir-les en compte el dia que hi tornis. I si ets en una botiga en l\u00ednia, permeten que omplis el carret de la compra a mesura que vas triant productes.<\/li>\n<li>Tamb\u00e9 hi ha galetes de seguretat, que serveixen per impedir que alg\u00fa altre faci un \u00fas fraudulent de les teves credencials d&#8217;acc\u00e9s.<\/li>\n<\/ul>\n<p>En aquests casos les <em>cookies<\/em> fan que els llocs web siguin m\u00e9s \u00fatils per a tu.<\/p>\n<p>En aquest lloc tamb\u00e9 fem servir galetes d&#8217;an\u00e0lisi, concretament perqu\u00e8 Google Analytics ens doni dades sobre les visites, sempre de forma an\u00f2nima, i puguem millorar els continguts que oferim.<\/p>\n<p>Per nosaltres les <em>cookies<\/em> s\u00f3n un recurs perqu\u00e8 el web sigui m\u00e9s efectiu, \u00fatil i pr\u00e0ctic per a tu. Sempre respectem la teva intimitat i la de totes les persones que ens visiten, com ha de ser.<\/p>\n<p>Pots canviar d&#8217;opini\u00f3 i eliminar les galetes quan vulguis.<\/p>\n<p>Per consultar i gestionar les <em>cookies<\/em> instal\u00b7lades al teu equip cal que canvi\u00efs la configuraci\u00f3 del navegador. Trobar\u00e0s informaci\u00f3 detallada en els seg\u00fcents enlla\u00e7os:<\/p>\n<ul>\n<li>Si navegues amb Firefox: <a href=\"http:\/\/support.mozilla.org\/es\/products\/firefox\/privacy-and-security\/cookies\" target=\"_blank\">http:\/\/support.mozilla.org\/es\/products\/firefox\/privacy-and-security\/cookies<\/a><\/li>\n<li>Si navegues amb Chrome: <a href=\"http:\/\/support.google.com\/chrome\/bin\/answer.py?hl=es&amp;answer=95647\" target=\"_blank\">http:\/\/support.google.com\/chrome\/bin\/answer.py?hl=es&amp;answer=95647<\/a><\/li>\n<li>Si navegues amb Internet Explorer: <a href=\"http:\/\/windows.microsoft.com\/es-es\/windows7\/how-to-manage-cookies-in-internet-explorer-9\" target=\"_blank\">http:\/\/windows.microsoft.com\/es-es\/windows7\/how-to-manage-cookies-in-internet-explorer-9<\/a><\/li>\n<li>Si navegues amb Safari: <a href=\"http:\/\/support.apple.com\/kb\/ph5042\" target=\"_blank\">http:\/\/support.apple.com\/kb\/ph5042<\/a><\/li>\n<\/ul>\n<p>Si et calen m\u00e9s detalls sobre l&#8217;\u00fas que fem de les <em>cookies<\/em> escriu-nos a <a href=\"mailto:info@icac.cat\">info@icac.cat<\/a> i te n&#8217;informarem.<\/p>\n","protected":false},"excerpt":{"rendered":"<p>Sobre l&#8217;\u00fas de les galetes (o cookies en angl\u00e8s) en aquest lloc web. Una galeta \u00e9s un petit fragment de codi que els llocs web que visites envien al teu navegador. Tenen diverses funcions. Hi ha galetes de prefer\u00e8ncies, que serveixen per exemple per recordar l&#8217;idioma que has triat per navegar. Hi ha galetes de [&hellip;]<\/p>\n","protected":false},"author":1,"featured_media":0,"parent":0,"menu_order":0,"comment_status":"closed","ping_status":"closed","template":"template-fullwidth.php","meta":{"_genesis_hide_title":false,"_genesis_hide_breadcrumbs":false,"_genesis_hide_singular_image":false,"_genesis_hide_footer_widgets":false,"_genesis_custom_body_class":"","_genesis_custom_post_class":"","_genesis_layout":""},"_links":{"self":[{"href":"https:\/\/icac.cat\/es\/wp-json\/wp\/v2\/pages\/21900"}],"collection":[{"href":"https:\/\/icac.cat\/es\/wp-json\/wp\/v2\/pages"}],"about":[{"href":"https:\/\/icac.cat\/es\/wp-json\/wp\/v2\/types\/page"}],"author":[{"embeddable":true,"href":"https:\/\/icac.cat\/es\/wp-json\/wp\/v2\/users\/1"}],"replies":[{"embeddable":true,"href":"https:\/\/icac.cat\/es\/wp-json\/wp\/v2\/comments?post=21900"}],"version-history":[{"count":1,"href":"https:\/\/icac.cat\/es\/wp-json\/wp\/v2\/pages\/21900\/revisions"}],"predecessor-version":[{"id":21906,"href":"https:\/\/icac.cat\/es\/wp-json\/wp\/v2\/pages\/21900\/revisions\/21906"}],"wp:attachment":[{"href":"https:\/\/icac.cat\/es\/wp-json\/wp\/v2\/media?parent=21900"}],"curies":[{"name":"wp","href":"https:\/\/api.w.org\/{rel}","templated":true}]}}