{"id":21902,"date":"2015-10-15T11:26:48","date_gmt":"2015-10-15T09:26:48","guid":{"rendered":"http:\/\/www.icac.cat\/es\/avis-legal\/"},"modified":"2024-02-21T13:39:16","modified_gmt":"2024-02-21T12:39:16","slug":"aviso-legal","status":"publish","type":"page","link":"https:\/\/icac.cat\/es\/aviso-legal\/","title":{"rendered":"Aviso legal"},"content":{"rendered":"<h4>Datos del sitio web<\/h4>\n<p>La web <a href=\"https:\/\/icac.cat\/\">www.icac.cat<\/a> es un dominio de internet de titularidad del Instituto Catal\u00e1n de Arqueolog\u00eda Cl\u00e1sica (ICAC-CERCA) y es su \u00fanica web oficial.<\/p>\n<p>El Instituto Catal\u00e1n de Arqueolog\u00eda Cl\u00e1sica (ICAC-CERCA), con CIF S4300033J, tiene la direcci\u00f3n en la plaza de Rovellat s\/n, 43003 Tarragona, tel\u00e9fono +34 977 24 91 33 y direcci\u00f3n electr\u00f3nica <a href=\"mailto:info@icac.cat\">info@icac.cat<\/a>.<\/p>\n<p>&nbsp;<\/p>\n<p><strong>Derechos de propiedad intelectual<\/strong><\/p>\n<p>Los contenidos difundidos a trav\u00e9s del sitio <a href=\"https:\/\/icac.cat\/\">www.icac.cat<\/a> (ficheros, textos, im\u00e1genes y cualquier otro material) son propiedad del Instituto Catal\u00e1n de Arqueolog\u00eda Cl\u00e1sica, o de terceros que hayan autorizado su uso en el ICAC.<\/p>\n<p>La informaci\u00f3n suministrada a trav\u00e9s del sitio web est\u00e1 protegida por la legislaci\u00f3n sobre propiedad intelectual y no puede ser reproducida sin mencionar la fuente o solicitar su autorizaci\u00f3n.<\/p>\n<p>Todos los derechos est\u00e1n reservados. S\u00f3lo est\u00e1 autorizado el uso personal no comercial. No est\u00e1 permitida la modificaci\u00f3n de la web ni de sus contenidos, salvo en los productos y servicios regidos por cl\u00e1usulas y condiciones particulares propias.<\/p>\n<p>&nbsp;<\/p>\n<p><strong>Calidad y uso de la informaci\u00f3n<\/strong><\/p>\n<p>No existe garant\u00eda de que el contenido de la web est\u00e9 libre de errores. El usuario acepta expresamente ser conocedor.<\/p>\n<p>El ICAC-CERCA no es responsable de la informaci\u00f3n que puede obtenerse a trav\u00e9s de enlaces a sistemas externos que no sean dependientes de este Instituto.<\/p>\n<p>El ICAC-CERCA no garantiza que la web y los servidores est\u00e9n libres de virus y no se hace responsable de los da\u00f1os causados por el acceso a la web o por la imposibilidad de acceder a ella, salvo los productos y servicios regidos por condiciones de uso y de accesibilidad propias.<\/p>\n<p>&nbsp;<\/p>\n<p><strong>Exenciones de responsabilidad<\/strong><\/p>\n<p>El Instituto Catal\u00e1n de Arqueolog\u00eda Cl\u00e1sica no asume ninguna responsabilidad derivada de la conexi\u00f3n o contenido de los enlaces de terceros a los que se hace referencia en esta web.<\/p>\n<p>La responsabilidad del uso de la informaci\u00f3n del sitio web es del usuario.<\/p>\n<p>Para cualquier duda o comentario sobre el contenido de la web puede escribir a <a href=\"mailto:info@icac.cat\">info@icac.cat<\/a>.<\/p>\n<p>&nbsp;<\/p>\n","protected":false},"excerpt":{"rendered":"<p>Datos del sitio web La web www.icac.cat es un dominio de internet de titularidad del Instituto Catal\u00e1n de Arqueolog\u00eda Cl\u00e1sica (ICAC-CERCA) y es su \u00fanica web oficial. El Instituto Catal\u00e1n de Arqueolog\u00eda Cl\u00e1sica (ICAC-CERCA), con CIF S4300033J, tiene la direcci\u00f3n en la plaza de Rovellat s\/n, 43003 Tarragona, tel\u00e9fono +34 977 24 91 33 y [&hellip;]<\/p>\n","protected":false},"author":1,"featured_media":0,"parent":0,"menu_order":0,"comment_status":"closed","ping_status":"closed","template":"template-fullwidth.php","meta":{"_genesis_hide_title":false,"_genesis_hide_breadcrumbs":false,"_genesis_hide_singular_image":false,"_genesis_hide_footer_widgets":false,"_genesis_custom_body_class":"","_genesis_custom_post_class":"","_genesis_layout":""},"_links":{"self":[{"href":"https:\/\/icac.cat\/es\/wp-json\/wp\/v2\/pages\/21902"}],"collection":[{"href":"https:\/\/icac.cat\/es\/wp-json\/wp\/v2\/pages"}],"about":[{"href":"https:\/\/icac.cat\/es\/wp-json\/wp\/v2\/types\/page"}],"author":[{"embeddable":true,"href":"https:\/\/icac.cat\/es\/wp-json\/wp\/v2\/users\/1"}],"replies":[{"embeddable":true,"href":"https:\/\/icac.cat\/es\/wp-json\/wp\/v2\/comments?post=21902"}],"version-history":[{"count":3,"href":"https:\/\/icac.cat\/es\/wp-json\/wp\/v2\/pages\/21902\/revisions"}],"predecessor-version":[{"id":91575,"href":"https:\/\/icac.cat\/es\/wp-json\/wp\/v2\/pages\/21902\/revisions\/91575"}],"wp:attachment":[{"href":"https:\/\/icac.cat\/es\/wp-json\/wp\/v2\/media?parent=21902"}],"curies":[{"name":"wp","href":"https:\/\/api.w.org\/{rel}","templated":true}]}}