{"id":25427,"date":"2017-02-22T12:32:41","date_gmt":"2017-02-22T11:32:41","guid":{"rendered":"http:\/\/www.icac.cat\/es\/?page_id=25427"},"modified":"2023-03-08T12:31:41","modified_gmt":"2023-03-08T11:31:41","slug":"patrimoni-en-3d","status":"publish","type":"page","link":"https:\/\/icac.cat\/es\/difusion\/patrimoni-en-3d\/","title":{"rendered":"Patrimonio en 3D"},"content":{"rendered":"<p>El servicio de <a href=\"https:\/\/icac.cat\/es\/servicios\/tecnologias-de-documentacion-grafica\/presentacion\/\" target=\"_blank\" rel=\"noopener\">Tecnolog\u00edas de Documentaci\u00f3n Gr\u00e1fica<\/a> del ICAC hace a\u00f1os que trabaja con la creaci\u00f3n de modelos virtuales y, de hecho, es un referente en la aplicaci\u00f3n de esta t\u00e9cnica en la investigaci\u00f3n arqueol\u00f3gica y en su divulgaci\u00f3n.<\/p>\n<p>Gracias a la plataforma internacional\u00a0<a href=\"https:\/\/sketchfab.com\/ICAC\/collections\" target=\"_blank\" rel=\"noopener\"><strong>Sketchfab<\/strong><\/a>, conocida como \u201cel YouTube de los modelos 3D\u201d, todos estos resultados est\u00e1n disponibles en acceso abierto en Internet.<\/p>\n<p><a href=\"https:\/\/sketchfab.com\/ICAC\/collections\" target=\"_blank\" rel=\"noopener\"><img loading=\"lazy\" class=\"aligncenter wp-image-25406 size-thumbnail\" src=\"https:\/\/icac.cat\/wp-content\/uploads\/2017\/02\/sketchfab_logo-120x120.jpg\" alt=\"sketchfab_logo\" width=\"120\" height=\"120\" \/><\/a><\/p>\n<h5>Colecciones:<\/h5>\n<p><strong>9. <a href=\"https:\/\/sketchfab.com\/ICAC\/collections\/tarracro-polis\" target=\"_blank\" rel=\"noopener\">TarrAcro-Polis<\/a> <\/strong>(24 modelos)<strong>\u00a0<\/strong><\/p>\n<p><iframe loading=\"lazy\" title=\"A 3D model\" src=\"https:\/\/sketchfab.com\/playlists\/embed?collection=24192e238553495b9462ec1677180e4b\" width=\"640\" height=\"480\" frameborder=\"0\"><\/iframe><\/p>\n<p style=\"font-size: 13px; font-weight: normal; margin: 5px; color: #4a4a4a;\"><a style=\"font-weight: bold; color: #1caad9;\" href=\"https:\/\/sketchfab.com\/ICAC\/collections\/tarracro-polis\" target=\"_blank\" rel=\"noopener\">TarrACro-POLIS<\/a><br \/>\nby <a style=\"font-weight: bold; color: #1caad9;\" href=\"https:\/\/sketchfab.com\/ICAC\/models\" target=\"_blank\" rel=\"noopener\">ICAC<\/a><br \/>\non <a style=\"font-weight: bold; color: #1caad9;\" href=\"https:\/\/sketchfab.com\/ICAC\/models\" target=\"_blank\" rel=\"noopener\">Sketchfab<\/a><\/p>\n<p>&nbsp;<\/p>\n<hr \/>\n<p><strong>8.\u00a0<a href=\"https:\/\/sketchfab.com\/ICAC\/collections\/el-bovalar-seros-catalonia-preliminary\" target=\"_blank\" rel=\"noopener\">El Bovalar (Ser\u00f2s, Lleida)<\/a><\/strong>\u00a0(3 modelos)<\/p>\n<p><iframe loading=\"lazy\" title=\"A 3D model\" src=\"https:\/\/sketchfab.com\/playlists\/embed?collection=6507237333f24a56b5a8b70fb8dd4765\" width=\"640\" height=\"480\" frameborder=\"0\"><\/iframe><\/p>\n<p style=\"font-size: 13px; font-weight: normal; margin: 5px; color: #4a4a4a;\"><a style=\"font-weight: bold; color: #1caad9;\" href=\"https:\/\/sketchfab.com\/ICAC\/collections\/el-bovalar-seros-catalonia-preliminary\" target=\"_blank\" rel=\"noopener\">El Bovalar (Ser\u00f2s, Catalonia). preliminary<\/a><br \/>\nby <a style=\"font-weight: bold; color: #1caad9;\" href=\"https:\/\/sketchfab.com\/ICAC\/models\" target=\"_blank\" rel=\"noopener\">ICAC<\/a><br \/>\non <a style=\"font-weight: bold; color: #1caad9;\" href=\"https:\/\/sketchfab.com\/ICAC\/models\" target=\"_blank\" rel=\"noopener\">Sketchfab<\/a><\/p>\n<p>&nbsp;<\/p>\n<hr \/>\n<p><strong>7.\u00a0<a href=\"https:\/\/sketchfab.com\/ICAC\/collections\/portal-dels-apostols-lleida\" target=\"_blank\" rel=\"noopener\">Portal de los Ap\u00f3stoles. Lleida<\/a>\u00a0<\/strong>(3 modelos)<\/p>\n<p><iframe loading=\"lazy\" title=\"A 3D model\" src=\"https:\/\/sketchfab.com\/playlists\/embed?collection=e4e1cdd5ddd34a33a093f696bb61fd57\" width=\"640\" height=\"480\" frameborder=\"0\"><\/iframe><\/p>\n<p style=\"font-size: 13px; font-weight: normal; margin: 5px; color: #4a4a4a;\"><a style=\"font-weight: bold; color: #1caad9;\" href=\"https:\/\/sketchfab.com\/ICAC\/collections\/portal-dels-apostols-lleida\" target=\"_blank\" rel=\"noopener\">Portal dels Ap\u00f2stols. Lleida<\/a><br \/>\nby <a style=\"font-weight: bold; color: #1caad9;\" href=\"https:\/\/sketchfab.com\/ICAC\/models\" target=\"_blank\" rel=\"noopener\">ICAC<\/a><br \/>\non <a style=\"font-weight: bold; color: #1caad9;\" href=\"https:\/\/sketchfab.com\/ICAC\/models\" target=\"_blank\" rel=\"noopener\">Sketchfab<\/a><\/p>\n<p>&nbsp;<\/p>\n<hr \/>\n<p><strong>6.\u00a0<a href=\"https:\/\/sketchfab.com\/ICAC\/collections\/castello-vandellos-i-lhospitalet-de-linfant\" target=\"_blank\" rel=\"noopener\">Castell\u00f3, Vandell\u00f3s i l&#8217;Hospitalet de l&#8217;Infant<\/a><\/strong>\u00a0(2 modelos)<\/p>\n<p><iframe loading=\"lazy\" title=\"A 3D model\" src=\"https:\/\/sketchfab.com\/playlists\/embed?collection=d33c0453534b478b97fcbd29ab5cf557\" width=\"640\" height=\"480\" frameborder=\"0\"><\/iframe><\/p>\n<p style=\"font-size: 13px; font-weight: normal; margin: 5px; color: #4a4a4a;\"><a style=\"font-weight: bold; color: #1caad9;\" href=\"https:\/\/sketchfab.com\/ICAC\/collections\/castello-vandellos-i-lhospitalet-de-linfant\" target=\"_blank\" rel=\"noopener\">Castell\u00f3, Vandell\u00f3s i l&#8217;Hospitalet de l&#8217;Infant<\/a><br \/>\nby <a style=\"font-weight: bold; color: #1caad9;\" href=\"https:\/\/sketchfab.com\/ICAC\/models\" target=\"_blank\" rel=\"noopener\">ICAC<\/a><br \/>\non <a style=\"font-weight: bold; color: #1caad9;\" href=\"https:\/\/sketchfab.com\/ICAC\/models\" target=\"_blank\" rel=\"noopener\">Sketchfab<\/a><\/p>\n<p>&nbsp;<\/p>\n<hr \/>\n<p><strong>5.\u00a0<a href=\"https:\/\/sketchfab.com\/ICAC\/collections\/visigothic-settlement-of-valencia-la-vella\" target=\"_blank\" rel=\"noopener\">Yacimiento visigodo de Val\u00e8ncia \u00abla Vella\u00bb<\/a>\u00a0<\/strong>(11 modelos)<\/p>\n<p><iframe loading=\"lazy\" title=\"A 3D model\" src=\"https:\/\/sketchfab.com\/playlists\/embed?collection=a02beba23eaf416dbed929b6448cd19c\" width=\"640\" height=\"480\" frameborder=\"0\"><\/iframe><\/p>\n<p style=\"font-size: 13px; font-weight: normal; margin: 5px; color: #4a4a4a;\"><a style=\"font-weight: bold; color: #1caad9;\" href=\"https:\/\/sketchfab.com\/ICAC\/collections\/visigothic-settlement-of-valencia-la-vella\" target=\"_blank\" rel=\"noopener\">Visigothic settlement of the \u00abancient\u00bb Val\u00e8ncia<\/a><br \/>\nby <a style=\"font-weight: bold; color: #1caad9;\" href=\"https:\/\/sketchfab.com\/ICAC\/models\" target=\"_blank\" rel=\"noopener\">ICAC<\/a><br \/>\non <a style=\"font-weight: bold; color: #1caad9;\" href=\"https:\/\/sketchfab.com\/ICAC\/models\" target=\"_blank\" rel=\"noopener\">Sketchfab<\/a><\/p>\n<p>&nbsp;<\/p>\n<hr \/>\n<p><strong>4.\u00a0<a href=\"https:\/\/sketchfab.com\/ICAC\/collections\/roman-circus-of-tarraco\" target=\"_blank\" rel=\"noopener\">El circo romano de T\u00e1rraco<\/a>\u00a0<\/strong>(10 modelos)<br \/>\n<iframe loading=\"lazy\" title=\"A 3D model\" src=\"https:\/\/sketchfab.com\/playlists\/embed?collection=75a968c986dd4033886caaef565d742b\" width=\"640\" height=\"480\" frameborder=\"0\"><\/iframe><\/p>\n<p style=\"font-size: 13px; font-weight: normal; margin: 5px; color: #4a4a4a;\"><a style=\"font-weight: bold; color: #1caad9;\" href=\"https:\/\/sketchfab.com\/ICAC\/collections\/roman-circus-of-tarraco\" target=\"_blank\" rel=\"noopener\">Roman Circus of Tarraco<\/a><br \/>\nby <a style=\"font-weight: bold; color: #1caad9;\" href=\"https:\/\/sketchfab.com\/ICAC\/models\" target=\"_blank\" rel=\"noopener\">ICAC<\/a><br \/>\non <a style=\"font-weight: bold; color: #1caad9;\" href=\"https:\/\/sketchfab.com\/ICAC\/models\" target=\"_blank\" rel=\"noopener\">Sketchfab<\/a><\/p>\n<p>&nbsp;<\/p>\n<hr \/>\n<p><strong>3.\u00a0<a href=\"https:\/\/sketchfab.com\/ICAC\/collections\/visigothic-church-of-sant-miquel-of-terrassa\" target=\"_blank\" rel=\"noopener\">Iglesia visigoda de Sant Miquel de Terrassa<\/a>\u00a0<\/strong>(15 modelos)<\/p>\n<p><iframe loading=\"lazy\" title=\"A 3D model\" src=\"https:\/\/sketchfab.com\/playlists\/embed?collection=70236e21b3954aad94672afca2da58e3\" width=\"640\" height=\"480\" frameborder=\"0\"><\/iframe><\/p>\n<p style=\"font-size: 13px; font-weight: normal; margin: 5px; color: #4a4a4a;\"><a style=\"font-weight: bold; color: #1caad9;\" href=\"https:\/\/sketchfab.com\/ICAC\/collections\/visigothic-church-of-sant-miquel-of-terrassa\" target=\"_blank\" rel=\"noopener\">Visigothic Church of Sant Miquel of Terrassa<\/a><br \/>\nby <a style=\"font-weight: bold; color: #1caad9;\" href=\"https:\/\/sketchfab.com\/ICAC\/models\" target=\"_blank\" rel=\"noopener\">ICAC<\/a><br \/>\non <a style=\"font-weight: bold; color: #1caad9;\" href=\"https:\/\/sketchfab.com\/ICAC\/models\" target=\"_blank\" rel=\"noopener\">Sketchfab<\/a><\/p>\n<p>&nbsp;<\/p>\n<hr \/>\n<p><strong>2.\u00a0<a href=\"https:\/\/sketchfab.com\/ICAC\/collections\/basilica-st-fructuos-tarragona\" target=\"_blank\" rel=\"noopener\">La bas\u00edlica de Sant Fructu\u00f3s de Tarragona<\/a>\u00a0<\/strong>(3 modelos)<\/p>\n<p><iframe loading=\"lazy\" title=\"A 3D model\" src=\"https:\/\/sketchfab.com\/playlists\/embed?collection=7181756567ca44fda5ab80271114f374\" width=\"640\" height=\"480\" frameborder=\"0\"><\/iframe><\/p>\n<p style=\"font-size: 13px; font-weight: normal; margin: 5px; color: #4a4a4a;\"><a style=\"font-weight: bold; color: #1caad9;\" href=\"https:\/\/sketchfab.com\/ICAC\/collections\/basilica-st-fructuos-tarragona\" target=\"_blank\" rel=\"noopener\">Basilica St. Fructu\u00f2s Tarragona<\/a><br \/>\nby <a style=\"font-weight: bold; color: #1caad9;\" href=\"https:\/\/sketchfab.com\/ICAC\/models\" target=\"_blank\" rel=\"noopener\">ICAC<\/a><br \/>\non <a style=\"font-weight: bold; color: #1caad9;\" href=\"https:\/\/sketchfab.com\/ICAC\/models\" target=\"_blank\" rel=\"noopener\">Sketchfab<\/a><\/p>\n<p>&nbsp;<\/p>\n<hr \/>\n<p><strong>1.\u00a0<a href=\"https:\/\/sketchfab.com\/ICAC\/collections\/can-ferrerons\" target=\"_blank\" rel=\"noopener\">Can Ferrerons<\/a>\u00a0<\/strong>(1 modelo)<\/p>\n<p><iframe loading=\"lazy\" title=\"A 3D model\" src=\"https:\/\/sketchfab.com\/playlists\/embed?collection=2fb9db25eddf47e4a204a541d055c3b4\" width=\"640\" height=\"480\" frameborder=\"0\"><\/iframe><\/p>\n<p style=\"font-size: 13px; font-weight: normal; margin: 5px; color: #4a4a4a;\"><a style=\"font-weight: bold; color: #1caad9;\" href=\"https:\/\/sketchfab.com\/ICAC\/collections\/can-ferrerons\" target=\"_blank\" rel=\"noopener\">Can Ferrerons<\/a><br \/>\nby <a style=\"font-weight: bold; color: #1caad9;\" href=\"https:\/\/sketchfab.com\/ICAC\/models\" target=\"_blank\" rel=\"noopener\">ICAC<\/a><br \/>\non <a style=\"font-weight: bold; color: #1caad9;\" href=\"https:\/\/sketchfab.com\/ICAC\/models\" target=\"_blank\" rel=\"noopener\">Sketchfab<\/a><\/p>\n","protected":false},"excerpt":{"rendered":"<p>El servicio de Tecnolog\u00edas de Documentaci\u00f3n Gr\u00e1fica del ICAC hace a\u00f1os que trabaja con la creaci\u00f3n de modelos virtuales y, de hecho, es un referente en la aplicaci\u00f3n de esta t\u00e9cnica en la investigaci\u00f3n arqueol\u00f3gica y en su divulgaci\u00f3n. Gracias a la plataforma internacional\u00a0Sketchfab, conocida como \u201cel YouTube de los modelos 3D\u201d, todos estos resultados [&hellip;]<\/p>\n","protected":false},"author":49,"featured_media":71230,"parent":21351,"menu_order":50,"comment_status":"closed","ping_status":"closed","template":"","meta":{"_genesis_hide_title":false,"_genesis_hide_breadcrumbs":false,"_genesis_hide_singular_image":false,"_genesis_hide_footer_widgets":false,"_genesis_custom_body_class":"","_genesis_custom_post_class":"","_genesis_layout":""},"_links":{"self":[{"href":"https:\/\/icac.cat\/es\/wp-json\/wp\/v2\/pages\/25427"}],"collection":[{"href":"https:\/\/icac.cat\/es\/wp-json\/wp\/v2\/pages"}],"about":[{"href":"https:\/\/icac.cat\/es\/wp-json\/wp\/v2\/types\/page"}],"author":[{"embeddable":true,"href":"https:\/\/icac.cat\/es\/wp-json\/wp\/v2\/users\/49"}],"replies":[{"embeddable":true,"href":"https:\/\/icac.cat\/es\/wp-json\/wp\/v2\/comments?post=25427"}],"version-history":[{"count":7,"href":"https:\/\/icac.cat\/es\/wp-json\/wp\/v2\/pages\/25427\/revisions"}],"predecessor-version":[{"id":83709,"href":"https:\/\/icac.cat\/es\/wp-json\/wp\/v2\/pages\/25427\/revisions\/83709"}],"up":[{"embeddable":true,"href":"https:\/\/icac.cat\/es\/wp-json\/wp\/v2\/pages\/21351"}],"wp:featuredmedia":[{"embeddable":true,"href":"https:\/\/icac.cat\/es\/wp-json\/wp\/v2\/media\/71230"}],"wp:attachment":[{"href":"https:\/\/icac.cat\/es\/wp-json\/wp\/v2\/media?parent=25427"}],"curies":[{"name":"wp","href":"https:\/\/api.w.org\/{rel}","templated":true}]}}