{"id":26304,"date":"2017-04-10T17:49:18","date_gmt":"2017-04-10T15:49:18","guid":{"rendered":"http:\/\/www.icac.cat\/es\/?page_id=26304"},"modified":"2026-03-31T09:15:59","modified_gmt":"2026-03-31T07:15:59","slug":"hr-excellence-in-research","status":"publish","type":"page","link":"https:\/\/icac.cat\/es\/quienes-somos\/excelencia-en-rh\/hr-excellence-in-research\/","title":{"rendered":"HR Excellence in Research"},"content":{"rendered":"<p>El ICAC fue distinguido con la acreditaci\u00f3n y la etiqueta <strong>HR Excellence in Research<\/strong>\u00a0el 29 de marzo de 2015, de acuerdo con la <a href=\"https:\/\/www.euraxess.es\/spain\/services\/human-resources-strategy-researchers-hrs4r\" target=\"_blank\" rel=\"noopener\">Human Resources Strategy for Researchers<\/a> (HRS4R) de la Comisi\u00f3n Europea.<\/p>\n<p>Esta distinci\u00f3n se vertebra a partir de dos ejes de actuaci\u00f3n: el Plan de acci\u00f3n y los Principios de contrataci\u00f3n OTM-R.<\/p>\n<p><img loading=\"lazy\" class=\"aligncenter size-full wp-image-72227\" src=\"https:\/\/icac.cat\/wp-content\/uploads\/2015\/06\/HRS4R_logo-apaisat.png\" alt=\"\" width=\"383\" height=\"132\" srcset=\"https:\/\/icac.cat\/wp-content\/uploads\/2015\/06\/HRS4R_logo-apaisat.png 383w, https:\/\/icac.cat\/wp-content\/uploads\/2015\/06\/HRS4R_logo-apaisat-383x132.png 600w\" sizes=\"(max-width: 383px) 100vw, 383px\" \/><\/p>\n<p>&nbsp;<\/p>\n<h5>Plan de acci\u00f3n<\/h5>\n<p>Ved aqu\u00ed el <strong><a href=\"https:\/\/hdl.handle.net\/2072\/489385\" target=\"_blank\" rel=\"noopener\">Plan de Acci\u00f3n 2025-2027<\/a>\u00a0<\/strong>del ICAC (<em>HRS4R Action Plan 2025-2027<\/em>) para la implementaci\u00f3n de la estrategia de pol\u00edticas de recursos humanos de acuerdo con la\u00a0<a href=\"https:\/\/euraxess.ec.europa.eu\/useful-information\/brochures#brochure-topic-1\">Carta Europea del Investigador (Brochures | EURAXESS<\/a><a href=\"https:\/\/euraxess.ec.europa.eu\/jobs\/charter\/european-charter\" target=\"_blank\" rel=\"noopener\">)<\/a>\u00a0y el\u00a0<a href=\"https:\/\/eur-lex.europa.eu\/legal-content\/EN\/TXT\/?uri=CELEX%3A32005H0251&amp;qid=1716377573815\">C\u00f3digo de Conducta para la Contrataci\u00f3n de Investigadores\u00a0(EUR-Lex &#8211; 32005H0251 &#8211; EN &#8211; EUR-Lex<\/a>) , i las <a href=\"https:\/\/eur-lex.europa.eu\/legal-content\/EN\/TXT\/?uri=OJ:C_202301640\">recomendaciones del Consejo para atraer y retener el talento en Europa (EUR-Lex &#8211; 32023H01640 &#8211; EN &#8211; EUR-Lex<\/a>)<\/p>\n<p>Este plan de acci\u00f3n es el resultado del proceso global de evaluaci\u00f3n y actualizaci\u00f3n de la estrategia HRS4R en el ICAC, llevado a cabo principalmente durante 2024, con la finalizaci\u00f3n del <a href=\"https:\/\/hdl.handle.net\/2072\/489386\" target=\"_blank\" rel=\"noopener\">Plan de Acci\u00f3n 2021-2023<\/a>.<\/p>\n<p>&nbsp;<\/p>\n<h5><strong>Principios de contrataci\u00f3n OTM-R<\/strong><\/h5>\n<p>El OTM-R (en ingl\u00e9s, <em>Open, Transparent and Merit-based Recruitment<\/em>) es un conjunto de principios para garantizar que los procesos de contrataci\u00f3n sean abiertos, transparentes y basados en el m\u00e9rito. Se fundamenta en la <a href=\"https:\/\/euraxess.ec.europa.eu\/euraxess\/charter-code-researchers\" target=\"_blank\" rel=\"noopener\">Carta Europea del Investigador<\/a> y en el <a href=\"https:\/\/euraxess.ec.europa.eu\/jobs\/charter\/code\" target=\"_blank\" rel=\"noopener\">C\u00f3digo de Conducta para la Contrataci\u00f3n de Investigadores<\/a> publicados por la Comisi\u00f3n Europea en 2005, y las recomendaciones del Consejo para atraer y retener talento en Europa\u00a0(<a title=\"https:\/\/eur-lex.europa.eu\/legal-content\/EN\/TXT\/?uri=OJ:C_202301640\" href=\"https:\/\/eur-lex.europa.eu\/legal-content\/EN\/TXT\/?uri=OJ:C_202301640\" data-auth=\"NotApplicable\" data-linkindex=\"9\">EUR-Lex &#8211; 32023H01640 &#8211; EN &#8211; EUR-Lex<\/a>)<\/p>\n<p>El objetivo de la OTM-R es procurar la contrataci\u00f3n de los mejores candidatos en las convocatorias laborales en los centros de investigaci\u00f3n. Este proceso aporta beneficios a los investigadores, las instituciones y la investigaci\u00f3n en general. El OTM-R propicia una carrera investigadora m\u00e1s atractiva, garantiza la igualdad de oportunidades y facilita la movilidad.<\/p>\n<p>El\u00a0<strong><a href=\"https:\/\/icac.cat\/wp-content\/uploads\/2023\/06\/ICAC-OTM-R-Principles_v3_2022.pdf\" target=\"_blank\" rel=\"noopener\">documento de principios OTM-R del ICAC<\/a><\/strong>\u00a0(<em>OTM-R Principles for the recruitment and selection<\/em>) establece los principios y directrices que han de regir una buena pol\u00edtica de contrataci\u00f3n de personal. La primera versi\u00f3n fue aprobada por el ICAC en marzo de 2017; la segunda versi\u00f3n, en junio de 2021; y la tercera versi\u00f3n, revisada y actualizada, fue aprobada en junio de 2022.<\/p>\n<p>&nbsp;<\/p>\n<h5><strong>Grupo de trabajo HRS4R<\/strong><\/h5>\n<p>El ICAC ha habilitado un grupo de trabajo para hacer el seguimiento interno de la implementaci\u00f3n de la estrategia HRS4R. El\u00a0<strong>Grupo de Trabajo HRS4R<\/strong>\u00a0del ICAC est\u00e1 compuesto por siete personas, representantes de las diferentes categor\u00edas o grupos de inter\u00e9s del Instituto:<\/p>\n<ul>\n<li>\u00c1rea de investigaci\u00f3n:\u00a0<a href=\"https:\/\/icac.cat\/es\/quienes-somos\/personal\/jcarruesco\/\" target=\"_blank\" rel=\"noopener\">Jes\u00fas Carruesco\u00a0<\/a>(R4),\u00a0<a href=\"https:\/\/icac.cat\/es\/quienes-somos\/personal\/rjarrega\/\" target=\"_blank\" rel=\"noopener\">Ramon J\u00e1rrega\u00a0<\/a>(R4) y\u00a0<a href=\"https:\/\/icac.cat\/es\/quienes-somos\/personal\/kfortuny\/\" target=\"_blank\" rel=\"noopener\">Karen Fortuny<\/a>\u00a0(R1)<\/li>\n<li>Servicios cientificot\u00e9cnicos:\u00a0<a href=\"https:\/\/icac.cat\/es\/quienes-somos\/personal\/agutierrez\/\" target=\"_blank\" rel=\"noopener\">Anna Guti\u00e9rrez Garcia-Moreno<\/a>\u00a0(R3)<\/li>\n<li>\u00c1rea de gesti\u00f3n y apoyo a la investigaci\u00f3n:\u00a0<a href=\"https:\/\/icac.cat\/qui-som\/personal\/adominguez\/\" target=\"_blank\" rel=\"noopener\">Anna Dom\u00ednguez<\/a> y <a href=\"https:\/\/icac.cat\/es\/quienes-somos\/personal\/mgradillas\/\">Maria Gradillas<\/a> (administradora del ICAC).<\/li>\n<\/ul>\n<p>&nbsp;<\/p>\n","protected":false},"excerpt":{"rendered":"<p>El ICAC fue distinguido con la acreditaci\u00f3n y la etiqueta HR Excellence in Research\u00a0el 29 de marzo de 2015, de acuerdo con la Human Resources Strategy for Researchers (HRS4R) de la Comisi\u00f3n Europea. Esta distinci\u00f3n se vertebra a partir de dos ejes de actuaci\u00f3n: el Plan de acci\u00f3n y los Principios de contrataci\u00f3n OTM-R. &nbsp; [&hellip;]<\/p>\n","protected":false},"author":49,"featured_media":0,"parent":21373,"menu_order":1,"comment_status":"closed","ping_status":"closed","template":"","meta":{"_genesis_hide_title":false,"_genesis_hide_breadcrumbs":false,"_genesis_hide_singular_image":false,"_genesis_hide_footer_widgets":false,"_genesis_custom_body_class":"","_genesis_custom_post_class":"","_genesis_layout":""},"_links":{"self":[{"href":"https:\/\/icac.cat\/es\/wp-json\/wp\/v2\/pages\/26304"}],"collection":[{"href":"https:\/\/icac.cat\/es\/wp-json\/wp\/v2\/pages"}],"about":[{"href":"https:\/\/icac.cat\/es\/wp-json\/wp\/v2\/types\/page"}],"author":[{"embeddable":true,"href":"https:\/\/icac.cat\/es\/wp-json\/wp\/v2\/users\/49"}],"replies":[{"embeddable":true,"href":"https:\/\/icac.cat\/es\/wp-json\/wp\/v2\/comments?post=26304"}],"version-history":[{"count":7,"href":"https:\/\/icac.cat\/es\/wp-json\/wp\/v2\/pages\/26304\/revisions"}],"predecessor-version":[{"id":106577,"href":"https:\/\/icac.cat\/es\/wp-json\/wp\/v2\/pages\/26304\/revisions\/106577"}],"up":[{"embeddable":true,"href":"https:\/\/icac.cat\/es\/wp-json\/wp\/v2\/pages\/21373"}],"wp:attachment":[{"href":"https:\/\/icac.cat\/es\/wp-json\/wp\/v2\/media?parent=26304"}],"curies":[{"name":"wp","href":"https:\/\/api.w.org\/{rel}","templated":true}]}}