{"id":26318,"date":"2017-04-12T09:47:07","date_gmt":"2017-04-12T07:47:07","guid":{"rendered":"http:\/\/www.icac.cat\/es\/?page_id=26318"},"modified":"2026-03-30T16:57:39","modified_gmt":"2026-03-30T14:57:39","slug":"normativas-internas","status":"publish","type":"page","link":"https:\/\/icac.cat\/es\/quienes-somos\/excelencia-en-rh\/normativas-internas\/","title":{"rendered":"Normativas internas"},"content":{"rendered":"<h6>Relaci\u00f3n de instrucciones y otras normativas internas del ICAC en materia de personal:<\/h6>\n<p>&nbsp;<\/p>\n<p><a class=\"icona-pdf\" href=\"https:\/\/icac.cat\/wp-content\/uploads\/2022\/05\/013.1-Acord-Normativa-teletreball-maig22-no-DNI.pdf\" target=\"_blank\" rel=\"noopener\">Normativa sobre el teletrabajo y el trabajo presencial del personal del Instituto Catal\u00e1n de Arqueolog\u00eda Cl\u00e1sica con motivo de la emergencia\u00a0 sanitaria por la COVID19<\/a> (versi\u00f3n III, mayo 2022)<\/p>\n<p><a class=\"icona-pdf\" href=\"https:\/\/icac.cat\/wp-content\/uploads\/2026\/03\/ORDRE-DE-SERVEI-01-26_jornada-laboral.pdf\" target=\"_blank\" rel=\"noopener\">Orden de servicio 2\/25, de 22 de diciembre de 2025, sobre las modificaciones horarias de la jornada laboral del ICAC que se producir\u00e1n entre los d\u00edas 1 de enero y el 31 de diciembre de 2026<\/a> (2026)<\/p>\n<p><a class=\"icona-pdf\" href=\"https:\/\/icac.cat\/wp-content\/uploads\/2026\/03\/Calendari-laboral-2026.pdf\" target=\"_blank\" rel=\"noopener\">Calendario laboral 2026<\/a><\/p>\n<p><a class=\"icona-pdf\" href=\"https:\/\/icac.cat\/wp-content\/uploads\/2023\/03\/002.21-Normativa-vacants-carrera-promocio-annex-221219.pdf\" target=\"_blank\" rel=\"noopener\">Normativa sobre la provisi\u00f3n de vacantes, carrera investigadora y promoci\u00f3n interna del personal fijo del ICAC<\/a> (2023)<\/p>\n<p><a class=\"icona-pdf\" href=\"https:\/\/icac.cat\/wp-content\/uploads\/2022\/10\/7-002.22-Ins.-Dir.-contrac.-laboral-temp-set22-nom.pdf\" target=\"_blank\" rel=\"noopener\">Instrucci\u00f3n 3\/22 sobre la contrataci\u00f3n laboral indefinida y de duraci\u00f3n determinada en el ICAC<\/a> (2022)<\/p>\n<p><a class=\"icona-pdf\" href=\"https:\/\/icac.cat\/wp-content\/uploads\/2025\/02\/Adhesio_DORA_cat.pdf\" target=\"_blank\" rel=\"noopener\">Propuesta de adhesi\u00f3n del ICAC a la San Francisco Declaration on Research Assessment, DORA<\/a> (2022)<\/p>\n<p><a class=\"icona-pdf\" href=\"https:\/\/icac.cat\/wp-content\/uploads\/2017\/04\/G015.3-Tr\u00edptic-emerg\u00e8ncies-primers-auxilis-2.pdf\" target=\"_blank\" rel=\"noopener\">Tr\u00edptico informativo sobre actuaci\u00f3n en casos de emergencias y primeros auxilios<\/a>\u00a0(ICAC)<\/p>\n<p><a class=\"icona-pdf\" href=\"https:\/\/icac.cat\/wp-content\/uploads\/2017\/04\/Normes-actuaci\u00f3-en-cas-emerg\u00e8ncia-5.pdf\" target=\"_blank\" rel=\"noopener\">Normas de actuaci\u00f3n en caso de emergencia en la sede del ICAC<\/a>\u00a0(ICAC)<\/p>\n<p><a class=\"icona-pdf\" href=\"https:\/\/icac.cat\/wp-content\/uploads\/2017\/04\/Pacte-Laboral-200619_anonim.pdf\" target=\"_blank\" rel=\"noopener\">Acuerdo sobre la jornada laboral y tabla salarial del ICAC<\/a>\u00a0(2019)<\/p>\n<p><a class=\"icona-pdf\" href=\"https:\/\/icac.cat\/wp-content\/uploads\/2017\/04\/Instrucci\u00f3-1.2017_Codi-de-Conducta_DEF.pdf\" target=\"_blank\" rel=\"noopener\">Instrucci\u00f3n 1\/2017, de 16 de febrero, sobre el\u00a0C\u00f3digo de conducta del personal propio y vinculado\u00a0del Instituto Catal\u00e1n de Arqueolog\u00eda Cl\u00e1sica<\/a>\u00a0(2017)<\/p>\n<p><a class=\"icona-pdf\" href=\"https:\/\/icac.cat\/wp-content\/uploads\/2017\/04\/Instrucci\u00f3-2.2017_Normes-\u00fas-correu-elect\u00f2nic_DEF.pdf\" target=\"_blank\" rel=\"noopener\">Instrucci\u00f3n 2\/2017, de 16 de febrero, sobre las\u00a0Normas de uso del correo electr\u00f3nico\u00a0del Instituto Catal\u00e1n de Arqueolog\u00eda Cl\u00e1sica<\/a>\u00a0(2017)<\/p>\n","protected":false},"excerpt":{"rendered":"<p>Relaci\u00f3n de instrucciones y otras normativas internas del ICAC en materia de personal: &nbsp; Normativa sobre el teletrabajo y el trabajo presencial del personal del Instituto Catal\u00e1n de Arqueolog\u00eda Cl\u00e1sica con motivo de la emergencia\u00a0 sanitaria por la COVID19 (versi\u00f3n III, mayo 2022) Orden de servicio 2\/25, de 22 de diciembre de 2025, sobre las [&hellip;]<\/p>\n","protected":false},"author":49,"featured_media":0,"parent":21373,"menu_order":30,"comment_status":"closed","ping_status":"closed","template":"","meta":{"_genesis_hide_title":false,"_genesis_hide_breadcrumbs":false,"_genesis_hide_singular_image":false,"_genesis_hide_footer_widgets":false,"_genesis_custom_body_class":"","_genesis_custom_post_class":"","_genesis_layout":""},"_links":{"self":[{"href":"https:\/\/icac.cat\/es\/wp-json\/wp\/v2\/pages\/26318"}],"collection":[{"href":"https:\/\/icac.cat\/es\/wp-json\/wp\/v2\/pages"}],"about":[{"href":"https:\/\/icac.cat\/es\/wp-json\/wp\/v2\/types\/page"}],"author":[{"embeddable":true,"href":"https:\/\/icac.cat\/es\/wp-json\/wp\/v2\/users\/49"}],"replies":[{"embeddable":true,"href":"https:\/\/icac.cat\/es\/wp-json\/wp\/v2\/comments?post=26318"}],"version-history":[{"count":5,"href":"https:\/\/icac.cat\/es\/wp-json\/wp\/v2\/pages\/26318\/revisions"}],"predecessor-version":[{"id":106566,"href":"https:\/\/icac.cat\/es\/wp-json\/wp\/v2\/pages\/26318\/revisions\/106566"}],"up":[{"embeddable":true,"href":"https:\/\/icac.cat\/es\/wp-json\/wp\/v2\/pages\/21373"}],"wp:attachment":[{"href":"https:\/\/icac.cat\/es\/wp-json\/wp\/v2\/media?parent=26318"}],"curies":[{"name":"wp","href":"https:\/\/api.w.org\/{rel}","templated":true}]}}