{"id":29152,"date":"2017-10-27T09:51:37","date_gmt":"2017-10-27T07:51:37","guid":{"rendered":"http:\/\/www.icac.cat\/es\/?page_id=29152"},"modified":"2024-01-17T11:33:46","modified_gmt":"2024-01-17T10:33:46","slug":"compendio-de-herramientas","status":"publish","type":"page","link":"https:\/\/icac.cat\/es\/quienes-somos\/intranet\/compendio-de-herramientas\/","title":{"rendered":"Compendio de herramientas"},"content":{"rendered":"<p>Compendio de herramientas<\/p>\n<p><a href=\"https:\/\/icac.cat\/wp-content\/uploads\/2017\/04\/Dossier-de-Benvinguda_ICAC_v3.pdf\" target=\"_blank\" rel=\"noopener\">Dosier de bienvenida<\/a> (v.3 de febrero de 2021)<br \/>\nInvestigaci\u00f3n<br \/>\nFormaci\u00f3n<br \/>\n<a href=\"https:\/\/icac.cat\/es\/quienes-somos\/intranet\/compendio-de-herramientas\/comunicacion\/\">Comunicaci\u00f3n<\/a><br \/>\n<a href=\"https:\/\/icac.cat\/qui-som\/intranet\/compendi-deines\/difusio\/\">Difusi\u00f3n<\/a><br \/>\nCentro de Documentaci\u00f3n y Biblioteca<br \/>\n<a href=\"https:\/\/icac.cat\/es\/quienes-somos\/intranet\/compendio-de-herramientas\/personal\/\">Personal<\/a><br \/>\n<a href=\"https:\/\/icac.cat\/es\/quienes-somos\/intranet\/compendio-de-herramientas\/proteccion-de-datos-personales\/\">Protecci\u00f3n de datos personales<\/a><br \/>\n<a href=\"https:\/\/icac.cat\/qui-som\/intranet\/compendi-deines\/economia\/\">Econom\u00eda<\/a><br \/>\n<a href=\"https:\/\/icac.cat\/qui-som\/intranet\/compendi-deines\/beques-i-ajuts\/\">Becas y ayudas<\/a><br \/>\n<a href=\"https:\/\/icac.cat\/qui-som\/intranet\/compendi-deines\/gestio-juridicoadministrativa\/\">Gesti\u00f3n juridicoadministrativa<\/a><br \/>\nRegistro y env\u00edo de documentos<br \/>\n<a href=\"https:\/\/icac.cat\/qui-som\/intranet\/compendi-deines\/informatica\/\">Inform\u00e1tica<\/a><br \/>\n<a href=\"https:\/\/icac.cat\/qui-som\/intranet\/compendi-deines\/altres-eines\/\">Otras herramientas<\/a><\/p>\n","protected":false},"excerpt":{"rendered":"<p>Compendio de herramientas Dosier de bienvenida (v.3 de febrero de 2021) Investigaci\u00f3n Formaci\u00f3n Comunicaci\u00f3n Difusi\u00f3n Centro de Documentaci\u00f3n y Biblioteca Personal Protecci\u00f3n de datos personales Econom\u00eda Becas y ayudas Gesti\u00f3n juridicoadministrativa Registro y env\u00edo de documentos Inform\u00e1tica Otras herramientas<\/p>\n","protected":false},"author":49,"featured_media":0,"parent":28044,"menu_order":25,"comment_status":"closed","ping_status":"closed","template":"","meta":{"_genesis_hide_title":false,"_genesis_hide_breadcrumbs":false,"_genesis_hide_singular_image":false,"_genesis_hide_footer_widgets":false,"_genesis_custom_body_class":"","_genesis_custom_post_class":"","_genesis_layout":""},"_links":{"self":[{"href":"https:\/\/icac.cat\/es\/wp-json\/wp\/v2\/pages\/29152"}],"collection":[{"href":"https:\/\/icac.cat\/es\/wp-json\/wp\/v2\/pages"}],"about":[{"href":"https:\/\/icac.cat\/es\/wp-json\/wp\/v2\/types\/page"}],"author":[{"embeddable":true,"href":"https:\/\/icac.cat\/es\/wp-json\/wp\/v2\/users\/49"}],"replies":[{"embeddable":true,"href":"https:\/\/icac.cat\/es\/wp-json\/wp\/v2\/comments?post=29152"}],"version-history":[{"count":6,"href":"https:\/\/icac.cat\/es\/wp-json\/wp\/v2\/pages\/29152\/revisions"}],"predecessor-version":[{"id":90104,"href":"https:\/\/icac.cat\/es\/wp-json\/wp\/v2\/pages\/29152\/revisions\/90104"}],"up":[{"embeddable":true,"href":"https:\/\/icac.cat\/es\/wp-json\/wp\/v2\/pages\/28044"}],"wp:attachment":[{"href":"https:\/\/icac.cat\/es\/wp-json\/wp\/v2\/media?parent=29152"}],"curies":[{"name":"wp","href":"https:\/\/api.w.org\/{rel}","templated":true}]}}