{"id":29533,"date":"2017-12-02T21:23:47","date_gmt":"2017-12-02T20:23:47","guid":{"rendered":"http:\/\/www.icac.cat\/es\/?page_id=29533"},"modified":"2018-05-24T09:39:22","modified_gmt":"2018-05-24T07:39:22","slug":"boletin-archeonea","status":"publish","type":"page","link":"https:\/\/icac.cat\/es\/actualidad\/boletin-archeonea\/","title":{"rendered":"Bolet\u00edn Archeonea"},"content":{"rendered":"<div class=\"margin-padding-top\">\n<div class=\"one-half first\">\n<ul>\n<li><a class=\"mostrar\" href=\"https:\/\/icac.cat\/actualitat\/butlleti-archeonea\/\">Suscribirte<\/a><\/li>\n<li><a href=\"https:\/\/icac.cat\/actualitat\/butlleti-archeonea\/unsubscribe\/\">Darte de baja<\/a><\/li>\n<li>Actualizar tu perfil\n<div class=\"small-text small-line-height\">S\u00f3lo puedes acceder a trav\u00e9s del enlace \u00abactualizar mi perfil\u00bb de los correos electr\u00f3nicos que recibes como suscriptor.<\/div>\n<\/li>\n<\/ul>\n<\/div>\n<div class=\"one-half\">\n<div id=\"subscription-form\" style=\"background-color: #faece5; padding: 15px;\"><p>Env\u00edanos tu correo electr\u00f3nico para recibir el bolet\u00edn <em>Archeonea<\/em> y las comunicaciones del ICAC<style id='mailster-form-default' type='text\/css'>.mailster-embeded-form body{background:0;padding:0;margin:0}.mailster-embeded-form .mailster-form-body{padding:5px !important;margin:auto !important}.mailster-form-wrap{max-width:100%;max-height:95%;min-width:100px;-webkit-overflow-scrolling:touch}.mailster-form{margin-bottom:20px;position:relative}.mailster-form:before{content:'';position:absolute;display:block;height:100%;width:100%;z-index:1;background-repeat:no-repeat;background-position:center center;background-size:20px 20px;background-image:url('https:\/\/icac.cat\/wp-content\/plugins\/mailster\/assets\/css\/..\/img\/loading.gif');visibility:hidden;opacity:0;transition:opacity .15s ease-in-out}.mailster-form.loading:before{opacity:1;visibility:visible}@media only screen and (-webkit-min-device-pixel-ratio:2),only screen and (min-resolution:192dpi){.mailster-form:before{background-image:url('https:\/\/icac.cat\/wp-content\/plugins\/mailster\/assets\/css\/..\/img\/loading_2x.gif')}}.mailster-form:after,.mailster-form-fields:after{content:'.';visibility:hidden;display:block;height:0;clear:both}.mailster-form .mailster-form-fields{transition:all .15s ease-in-out}.mailster-form.completed .mailster-form-fields{height:0;min-height:0;opacity:0;overflow:hidden}.mailster-form,.mailster-form .input,.mailster-form .mailster-form-info{width:100%;box-sizing:border-box}.mailster-embeded-form .mailster-form{margin-bottom:3px}.mailster-form .mailster-wrapper{position:relative;margin-bottom:2px;transition:opacity .15s ease-in-out}.mailster-form.loading .mailster-wrapper{opacity:.2}.mailster-form textarea.input{resize:vertical;height:150px}.mailster-form li{list-style:none !important;margin-left:0;padding-left:0}span.mailster-required{font-size:120%;font-weight:700;color:#bf4d4d}.mailster-lists-wrapper ul{list-style:none;margin-left:0;padding-left:0}.mailster-lists-wrapper ul li{margin-left:0}.mailster-list-description{color:inherit;display:block;margin-left:25px;font-size:.8em}.mailster-form-info{height:0;border-radius:2px;padding:5px;margin-bottom:4px;color:#fff;padding:9px 16px;transition:all .2s;-webkit-transform:scale(0);-moz-transform:scale(0);-ms-transform:scale(0);transform:scale(0)}.mailster-form.loading .mailster-form-info{opacity:0}.mailster-form-info a{color:#fff}.mailster-form-info.success,.mailster-form-info.error{display:block;height:100%;-webkit-transform:scale(1);-moz-transform:scale(1);-ms-transform:scale(1);transform:scale(1)}.mailster-form .error input,.mailster-form .error select,.mailster-form .error textarea{outline:2px solid #bf4d4d;outline-offset:0}.mailster-form-info.error{background:#bf4d4d}.mailster-form-info.success{background-color:#6fbf4d;text-align:center}.mailster-form-info ul,.mailster-form .mailster-form-info p{margin:0;padding:0;max-width:initial}.mailster-form-info ul li{color:inherit;margin-left:0}.mailster-submit-wrapper{margin-top:6px}.mailster-form .submit-button{cursor:pointer}.mailster-form .submit-button:focus{outline:0}<\/style><style type=\"text\/css\" media=\"screen\" class=\"mailster-custom-form-css\">\n.mailster-form-2 .mailster-consentiment-rgpd-wrapper label{font-size: 14px;}\n<\/style>\n<form action=\"https:\/\/icac.cat\/es\/mailster\/subscribe\/\" method=\"post\" class=\"mailster-form mailster-form-submit mailster-ajax-form mailster-form-2\" novalidate><input name=\"_action\" type=\"hidden\" value=\"subscribe\">\n<input name=\"_timestamp\" type=\"hidden\" value=\"1775815719\">\n<input name=\"_referer\" type=\"hidden\" value=\"https:\/\/icac.cat\/es\/wp-json\/wp\/v2\/pages\/29533\">\n<input name=\"_nonce\" type=\"hidden\" value=\"ca5dd3c1e8\">\n<input name=\"formid\" type=\"hidden\" value=\"2\">\n<div class=\"mailster-form-fields\">\n<div class=\"mailster-wrapper mailster-email-wrapper\"><label for=\"mailster-email-2\">Correo electr\u00f3nico <span class=\"mailster-required\">*<\/span><\/label><input id=\"mailster-email-2\" name=\"email\" type=\"email\" value=\"\" class=\"input mailster-email mailster-required\" aria-required=\"true\" aria-label=\"Correo electr\u00f3nico\" spellcheck=\"false\"><\/div>\n<div class=\"mailster-wrapper mailster-consentiment-rgpd-wrapper\"><label for=\"mailster-consentiment-rgpd-2\"><input type=\"hidden\" name=\"consentiment-rgpd\" value=\"0\"><input id=\"mailster-consentiment-rgpd-2\" name=\"consentiment-rgpd\" type=\"checkbox\" value=\"1\"  class=\"mailster-consentiment-rgpd mailster-required\" aria-required=\"true\" aria-label=\"Acepto la pol\u00edtica de privacidad.\">  Acepto la <a href=\"https:\/\/icac.cat\/es\/proteccion-datos-suscriptores\">pol\u00edtica de privacidad.<\/a> <span class=\"mailster-required\">*<\/span><\/label><\/div>\n<div class=\"mailster-wrapper mailster-submit-wrapper form-submit\"><input name=\"submit\" type=\"submit\" value=\"Suscr\u00edbete\" class=\"submit-button button\" aria-label=\"Suscr\u00edbete\"><\/div>\n<\/div>\n<\/form>\n<\/p>\n<\/div>\n<\/div>\n<\/div>\n<p>&nbsp;<\/p>\n<p>&nbsp;<\/p>\n<p>&nbsp;<\/p>\n<p>El ICAC publica mensualmente <em>Archeonea<\/em>, un bolet\u00edn electr\u00f3nico de novedades.<\/p>\n<p class=\"archive-item llistat\"><img loading=\"lazy\" class=\" size-full wp-image-11169 alignnone\" src=\"https:\/\/icac.cat\/wp-content\/uploads\/2015\/06\/archeoenea.jpg\" alt=\"archeoenea\" width=\"394\" height=\"88\" \/><\/p>\n<div class=\"last_posts\"><div class=\"archive-item llistat\"><i class=\"fa fa-file-text fa-fw color-qui-som\" aria-hidden=\"true\"><\/i><strong> 2026 Abril<\/strong> | Archeonea <a title=\"Archeonea 150_CAS\" href=\"https:\/\/icac.cat\/es\/archeonea\/archeonea-150_cas\/\">N\u00fam.150<\/a><\/div><div class=\"archive-item llistat\"><i class=\"fa fa-file-text fa-fw color-qui-som\" aria-hidden=\"true\"><\/i><strong> 2026 Marzo<\/strong> | Archeonea <a title=\"Archeonea 149_CAS\" href=\"https:\/\/icac.cat\/es\/archeonea\/archeonea-149_cas\/\">N\u00fam.149<\/a><\/div><div class=\"archive-item llistat\"><i class=\"fa fa-file-text fa-fw color-qui-som\" aria-hidden=\"true\"><\/i><strong> 2026 Febrero<\/strong> | Archeonea <a title=\"Archeonea 148_CAS\" href=\"https:\/\/icac.cat\/es\/archeonea\/archeonea-148_cas\/\">N\u00fam.148<\/a><\/div><div class=\"archive-item llistat\"><i class=\"fa fa-file-text fa-fw color-qui-som\" aria-hidden=\"true\"><\/i><strong> 2025 Diciembre<\/strong> | Archeonea <a title=\"Archeonea 147_CAS\" href=\"https:\/\/icac.cat\/es\/archeonea\/archeonea-147_cas\/\">N\u00fam.147<\/a><\/div><div class=\"archive-item llistat\"><i class=\"fa fa-file-text fa-fw color-qui-som\" aria-hidden=\"true\"><\/i><strong> 2025 Noviembre<\/strong> | Archeonea <a title=\"Archeonea 146_CAS\" href=\"https:\/\/icac.cat\/es\/archeonea\/archeonea-146_cas\/\">N\u00fam.146<\/a><\/div><div class=\"archive-item llistat\"><i class=\"fa fa-file-text fa-fw color-qui-som\" aria-hidden=\"true\"><\/i><strong> 2025 Octubre<\/strong> | Archeonea <a title=\"Archeonea 145_CAS\" href=\"https:\/\/icac.cat\/es\/archeonea\/archeonea-145_cas\/\">N\u00fam.145<\/a><\/div><div class=\"archive-item llistat\"><i class=\"fa fa-file-text fa-fw color-qui-som\" aria-hidden=\"true\"><\/i><strong> 2025 Agosto<\/strong> | Archeonea <a title=\"Archeonea 144_CAS\" href=\"https:\/\/icac.cat\/es\/archeonea\/archeonea-144_cas\/\">N\u00fam.144<\/a><\/div><div class=\"archive-item llistat\"><i class=\"fa fa-file-text fa-fw color-qui-som\" aria-hidden=\"true\"><\/i><strong> 2025 Junio<\/strong> | Archeonea <a title=\"Archeonea 142_CAS\" href=\"https:\/\/icac.cat\/es\/archeonea\/archeonea-142_cas\/\">N\u00fam.142<\/a><\/div><div class=\"archive-item llistat\"><i class=\"fa fa-file-text fa-fw color-qui-som\" aria-hidden=\"true\"><\/i><strong> 2025 Mayo<\/strong> | Archeonea <a title=\"Archeonea 141_CAS\" href=\"https:\/\/icac.cat\/es\/archeonea\/archeonea-141_cas\/\">N\u00fam.141<\/a><\/div><div class=\"archive-item llistat\"><i class=\"fa fa-file-text fa-fw color-qui-som\" aria-hidden=\"true\"><\/i><strong> 2025 Abril<\/strong> | Archeonea <a title=\"Archeonea 140_CAS\" href=\"https:\/\/icac.cat\/es\/archeonea\/archeonea-140_cas\/\">N\u00fam.140<\/a><\/div><div class=\"archive-item llistat\"><i class=\"fa fa-file-text fa-fw color-qui-som\" aria-hidden=\"true\"><\/i><strong> 2024 Diciembre<\/strong> | Archeonea <a title=\"Archeonea 139_CAS\" href=\"https:\/\/icac.cat\/es\/archeonea\/archeonea-139_cas\/\">N\u00fam.139<\/a><\/div><div class=\"archive-item llistat\"><i class=\"fa fa-file-text fa-fw color-qui-som\" aria-hidden=\"true\"><\/i><strong> 2024 Octubre<\/strong> | Archeonea <a title=\"Archeonea 138_CAS\" href=\"https:\/\/icac.cat\/es\/archeonea\/archeonea-138_cas\/\">N\u00fam.138<\/a><\/div><div class=\"archive-item llistat\"><i class=\"fa fa-file-text fa-fw color-qui-som\" aria-hidden=\"true\"><\/i><strong> 2024 Julio<\/strong> | Archeonea <a title=\"Archeonea 137_CAS\" href=\"https:\/\/icac.cat\/es\/archeonea\/archeonea-137_cas\/\">N\u00fam.137<\/a><\/div><div class=\"archive-item llistat\"><i class=\"fa fa-file-text fa-fw color-qui-som\" aria-hidden=\"true\"><\/i><strong> 2024 Abril<\/strong> | Archeonea <a title=\"Archeonea 136_CAS\" href=\"https:\/\/icac.cat\/es\/archeonea\/archeonea-136_cas\/\">N\u00fam.136<\/a><\/div><div class=\"archive-item llistat\"><i class=\"fa fa-file-text fa-fw color-qui-som\" aria-hidden=\"true\"><\/i><strong> 2024 Febrero<\/strong> | Archeonea <a title=\"Archeonea 134_CAS\" href=\"https:\/\/icac.cat\/es\/archeonea\/archeonea-134_cas\/\">N\u00fam.134<\/a><\/div><div class=\"archive-item llistat\"><i class=\"fa fa-file-text fa-fw color-qui-som\" aria-hidden=\"true\"><\/i><strong> 2024 Enero<\/strong> | Archeonea <a title=\"Archeonea 133_CAS\" href=\"https:\/\/icac.cat\/es\/archeonea\/archeonea-133_cas\/\">N\u00fam.133<\/a><\/div><div class=\"archive-item llistat\"><i class=\"fa fa-file-text fa-fw color-qui-som\" aria-hidden=\"true\"><\/i><strong> 2023 Diciembre<\/strong> | Archeonea <a title=\"Archeonea 132_CAS\" href=\"https:\/\/icac.cat\/es\/archeonea\/archeonea-132_cas\/\">N\u00fam.132<\/a><\/div><div class=\"archive-item llistat\"><i class=\"fa fa-file-text fa-fw color-qui-som\" aria-hidden=\"true\"><\/i><strong> 2023 Octubre<\/strong> | Archeonea <a title=\"Archeonea 131_CAS\" href=\"https:\/\/icac.cat\/es\/archeonea\/archeonea-131_cas\/\">N\u00fam.131<\/a><\/div><div class=\"archive-item llistat\"><i class=\"fa fa-file-text fa-fw color-qui-som\" aria-hidden=\"true\"><\/i><strong> 2023 Septiembre<\/strong> | Archeonea <a title=\"Archeonea Archeonea 130_CAS\" href=\"https:\/\/icac.cat\/es\/archeonea\/archeonea-archeonea-130_cas\/\">N\u00fam.Arc<\/a><\/div><div class=\"archive-item llistat\"><i class=\"fa fa-file-text fa-fw color-qui-som\" aria-hidden=\"true\"><\/i><strong> 2023 Julio<\/strong> | Archeonea <a title=\"Archeonea 129_CAS\" href=\"https:\/\/icac.cat\/es\/archeonea\/archeonea-129_cas\/\">N\u00fam.129<\/a><\/div><div class=\"archive-item llistat\"><i class=\"fa fa-file-text fa-fw color-qui-som\" aria-hidden=\"true\"><\/i><strong> 2023 Junio<\/strong> | Archeonea <a title=\"Archeonea 128_CAS\" href=\"https:\/\/icac.cat\/es\/archeonea\/archeonea-128_cas\/\">N\u00fam.128<\/a><\/div><div class=\"archive-item llistat\"><i class=\"fa fa-file-text fa-fw color-qui-som\" aria-hidden=\"true\"><\/i><strong> 2023 Abril<\/strong> | Archeonea <a title=\"Archeonea 126_CAS\" href=\"https:\/\/icac.cat\/es\/archeonea\/archeonea-125_cas-2\/\">N\u00fam.126<\/a><\/div><div class=\"archive-item llistat\"><i class=\"fa fa-file-text fa-fw color-qui-som\" aria-hidden=\"true\"><\/i><strong> 2023 Marzo<\/strong> | Archeonea <a title=\"Archeonea 125_CAS\" href=\"https:\/\/icac.cat\/es\/archeonea\/archeonea-125_cas\/\">N\u00fam.125<\/a><\/div><div class=\"archive-item llistat\"><i class=\"fa fa-file-text fa-fw color-qui-som\" aria-hidden=\"true\"><\/i><strong> 2023 Febrero<\/strong> | Archeonea <a title=\"Archeonea 124_CAS\" href=\"https:\/\/icac.cat\/es\/archeonea\/archeonea-124_cas\/\">N\u00fam.124<\/a><\/div><div class=\"archive-item llistat\"><i class=\"fa fa-file-text fa-fw color-qui-som\" aria-hidden=\"true\"><\/i><strong> 2023 Enero<\/strong> | Archeonea <a title=\"Archeonea 123_CAS\" href=\"https:\/\/icac.cat\/es\/archeonea\/archeonea-123_cas\/\">N\u00fam.123<\/a><\/div><div class=\"archive-item llistat\"><i class=\"fa fa-file-text fa-fw color-qui-som\" aria-hidden=\"true\"><\/i><strong> 2022 Noviembre<\/strong> | Archeonea <a title=\"Archeonea 121_CAS\" href=\"https:\/\/icac.cat\/es\/archeonea\/archeonea-121_cas\/\">N\u00fam.121<\/a><\/div><div class=\"archive-item llistat\"><i class=\"fa fa-file-text fa-fw color-qui-som\" aria-hidden=\"true\"><\/i><strong> 2022 Octubre<\/strong> | Archeonea <a title=\"Archeonea 120_CAS\" href=\"https:\/\/icac.cat\/es\/archeonea\/archeonea-120_cas\/\">N\u00fam.120<\/a><\/div><div class=\"archive-item llistat\"><i class=\"fa fa-file-text fa-fw color-qui-som\" aria-hidden=\"true\"><\/i><strong> 2022 Septiembre<\/strong> | Archeonea <a title=\"Archeonea 119_CAS\" href=\"https:\/\/icac.cat\/es\/archeonea\/archeonea-119_cas\/\">N\u00fam.119<\/a><\/div><div class=\"archive-item llistat\"><i class=\"fa fa-file-text fa-fw color-qui-som\" aria-hidden=\"true\"><\/i><strong> 2022 Mayo<\/strong> | Archeonea <a title=\"Archeonea 116_CAS\" href=\"https:\/\/icac.cat\/es\/archeonea\/archeonea-116_cas\/\">N\u00fam.116<\/a><\/div><div class=\"archive-item llistat\"><i class=\"fa fa-file-text fa-fw color-qui-som\" aria-hidden=\"true\"><\/i><strong> 2022 Abril<\/strong> | Archeonea <a title=\"Archeonea 115_CAS\" href=\"https:\/\/icac.cat\/es\/archeonea\/archeonea-115_cas\/\">N\u00fam.115<\/a><\/div><div class=\"archive-item llistat\"><i class=\"fa fa-file-text fa-fw color-qui-som\" aria-hidden=\"true\"><\/i><strong> 2022 Marzo<\/strong> | Archeonea <a title=\"Archeonea 114_CAS\" href=\"https:\/\/icac.cat\/es\/archeonea\/archeonea-114_cas\/\">N\u00fam.114<\/a><\/div><div class=\"archive-item llistat\"><i class=\"fa fa-file-text fa-fw color-qui-som\" aria-hidden=\"true\"><\/i><strong> 2022 Febrero<\/strong> | Archeonea <a title=\"Archeonea 113_CAS\" href=\"https:\/\/icac.cat\/es\/archeonea\/archeonea-113_cas\/\">N\u00fam.113<\/a><\/div><div class=\"archive-item llistat\"><i class=\"fa fa-file-text fa-fw color-qui-som\" aria-hidden=\"true\"><\/i><strong> 2022 Enero<\/strong> | Archeonea <a title=\"Archeonea 112_CAS\" href=\"https:\/\/icac.cat\/es\/archeonea\/archeonea-112_cas\/\">N\u00fam.112<\/a><\/div><div class=\"archive-item llistat\"><i class=\"fa fa-file-text fa-fw color-qui-som\" aria-hidden=\"true\"><\/i><strong> 2021 Diciembre<\/strong> | Archeonea <a title=\"Archeonea 111_CAS\" href=\"https:\/\/icac.cat\/es\/archeonea\/archeonea-111_cas\/\">N\u00fam.111<\/a><\/div><div class=\"archive-item llistat\"><i class=\"fa fa-file-text fa-fw color-qui-som\" aria-hidden=\"true\"><\/i><strong> 2021 Noviembre<\/strong> | Archeonea <a title=\"Archeonea 110_CAS\" href=\"https:\/\/icac.cat\/es\/archeonea\/archeonea-110_cas\/\">N\u00fam.110<\/a><\/div><div class=\"archive-item llistat\"><i class=\"fa fa-file-text fa-fw color-qui-som\" aria-hidden=\"true\"><\/i><strong> 2021 Octubre<\/strong> | Archeonea <a title=\"Archeonea 109_CAS\" href=\"https:\/\/icac.cat\/es\/archeonea\/archeonea-109_cas\/\">N\u00fam.109<\/a><\/div><div class=\"archive-item llistat\"><i class=\"fa fa-file-text fa-fw color-qui-som\" aria-hidden=\"true\"><\/i><strong> 2021 Septiembre<\/strong> | Archeonea <a title=\"Archeonea 108_CAS\" href=\"https:\/\/icac.cat\/es\/archeonea\/archeonea-108_cas\/\">N\u00fam.108<\/a><\/div><div class=\"archive-item llistat\"><i class=\"fa fa-file-text fa-fw color-qui-som\" aria-hidden=\"true\"><\/i><strong> 2021 Julio<\/strong> | Archeonea <a title=\"Archeonea 107_CAS\" href=\"https:\/\/icac.cat\/es\/archeonea\/archeonea-107_cas\/\">N\u00fam.107<\/a><\/div><div class=\"archive-item llistat\"><i class=\"fa fa-file-text fa-fw color-qui-som\" aria-hidden=\"true\"><\/i><strong> 2021 Junio<\/strong> | Archeonea <a title=\"Archeonea 106_CAS\" href=\"https:\/\/icac.cat\/es\/archeonea\/archeonea-106_cas\/\">N\u00fam.106<\/a><\/div><div class=\"archive-item llistat\"><i class=\"fa fa-file-text fa-fw color-qui-som\" aria-hidden=\"true\"><\/i><strong> 2021 Mayo<\/strong> | Archeonea <a title=\"Archeonea 105_CAS\" href=\"https:\/\/icac.cat\/es\/archeonea\/archeonea-105_cas\/\">N\u00fam.105<\/a><\/div><div class=\"archive-item llistat\"><i class=\"fa fa-file-text fa-fw color-qui-som\" aria-hidden=\"true\"><\/i><strong> 2021 Abril<\/strong> | Archeonea <a title=\"Archeonea 104_CAS\" href=\"https:\/\/icac.cat\/es\/archeonea\/archeonea-104_cas\/\">N\u00fam.104<\/a><\/div><div class=\"archive-item llistat\"><i class=\"fa fa-file-text fa-fw color-qui-som\" aria-hidden=\"true\"><\/i><strong> 2021 Marzo<\/strong> | Archeonea <a title=\"Archeonea 103_CAS\" href=\"https:\/\/icac.cat\/es\/archeonea\/archeonea-103_cas\/\">N\u00fam.103<\/a><\/div><div class=\"archive-item llistat\"><i class=\"fa fa-file-text fa-fw color-qui-som\" aria-hidden=\"true\"><\/i><strong> 2021 Febrero<\/strong> | Archeonea <a title=\"Archeonea 102_CAS\" href=\"https:\/\/icac.cat\/es\/archeonea\/archeonea-102_cas\/\">N\u00fam.102<\/a><\/div><div class=\"archive-item llistat\"><i class=\"fa fa-file-text fa-fw color-qui-som\" aria-hidden=\"true\"><\/i><strong> 2021 Enero<\/strong> | Archeonea <a title=\"Archeonea 101 \u2013 CAS\" href=\"https:\/\/icac.cat\/es\/archeonea\/archeonea-101-cas\/\">N\u00fam.101<\/a><\/div><div class=\"archive-item llistat\"><i class=\"fa fa-file-text fa-fw color-qui-som\" aria-hidden=\"true\"><\/i><strong> 2020 Abril<\/strong> | Archeonea <a title=\"Archeonea 100 \u2013 CAS\" href=\"https:\/\/icac.cat\/es\/archeonea\/archeonea-100-cas\/\">N\u00fam.100<\/a><\/div><div class=\"archive-item llistat\"><i class=\"fa fa-file-text fa-fw color-qui-som\" aria-hidden=\"true\"><\/i><strong> 2020 Abril<\/strong> | Archeonea <a title=\"Archeonea 099 \u2013 CAS\" href=\"https:\/\/icac.cat\/es\/archeonea\/archeonea-099-cas\/\">N\u00fam.99<\/a><\/div><div class=\"archive-item llistat\"><i class=\"fa fa-file-text fa-fw color-qui-som\" aria-hidden=\"true\"><\/i><strong> 2020 Enero<\/strong> | Archeonea <a title=\"Archeonea 098 \u2013 CAS\" href=\"https:\/\/icac.cat\/es\/archeonea\/archeonea-098-cas\/\">N\u00fam.98<\/a><\/div><div class=\"archive-item llistat\"><i class=\"fa fa-file-text fa-fw color-qui-som\" aria-hidden=\"true\"><\/i><strong> 2019 Diciembre<\/strong> | Archeonea <a title=\"Archeonea 097 \u2013 CAS\" href=\"https:\/\/icac.cat\/es\/archeonea\/archeonea-097-cas\/\">N\u00fam.97<\/a><\/div><div class=\"archive-item llistat\"><i class=\"fa fa-file-text fa-fw color-qui-som\" aria-hidden=\"true\"><\/i><strong> 2019 Noviembre<\/strong> | Archeonea <a title=\"Archeonea 096 \u2013 CAS\" href=\"https:\/\/icac.cat\/es\/archeonea\/archeonea-096-cas\/\">N\u00fam.96<\/a><\/div><div class=\"archive-item llistat\"><i class=\"fa fa-file-text fa-fw color-qui-som\" aria-hidden=\"true\"><\/i><strong> 2019 Octubre<\/strong> | Archeonea <a title=\"Archeonea 095 \u2013 CAS\" href=\"https:\/\/icac.cat\/es\/archeonea\/archeonea-095-cas\/\">N\u00fam.95<\/a><\/div><div class=\"archive-item llistat\"><i class=\"fa fa-file-text fa-fw color-qui-som\" aria-hidden=\"true\"><\/i><strong> 2019 Septiembre<\/strong> | Archeonea <a title=\"Archeonea 094 \u2013 CAS\" href=\"https:\/\/icac.cat\/es\/archeonea\/archeonea-094-cas\/\">N\u00fam.94<\/a><\/div><div class=\"archive-item llistat\"><i class=\"fa fa-file-text fa-fw color-qui-som\" aria-hidden=\"true\"><\/i><strong> 2019 Junio<\/strong> | Archeonea <a title=\"Archeonea 092 \u2013 CAS\" href=\"https:\/\/icac.cat\/es\/archeonea\/archeonea-092-cas\/\">N\u00fam.92<\/a><\/div><div class=\"archive-item llistat\"><i class=\"fa fa-file-text fa-fw color-qui-som\" aria-hidden=\"true\"><\/i><strong> 2019 Mayo<\/strong> | Archeonea <a title=\"Archeonea 091 &#8211; CAS\" href=\"https:\/\/icac.cat\/es\/archeonea\/archeonea-091-cas\/\">N\u00fam.91<\/a><\/div><div class=\"archive-item llistat\"><i class=\"fa fa-file-text fa-fw color-qui-som\" aria-hidden=\"true\"><\/i><strong> 2019 Abril<\/strong> | Archeonea <a title=\"Archeonea 090 &#8211; CAS\" href=\"https:\/\/icac.cat\/es\/archeonea\/archeonea-090-cas\/\">N\u00fam.90<\/a><\/div><div class=\"archive-item llistat\"><i class=\"fa fa-file-text fa-fw color-qui-som\" aria-hidden=\"true\"><\/i><strong> 2019 Marzo<\/strong> | Archeonea <a title=\"Archeonea 089 \u2013 CAS\" href=\"https:\/\/icac.cat\/es\/archeonea\/archeonea-089-cas\/\">N\u00fam.89<\/a><\/div><div class=\"archive-item llistat\"><i class=\"fa fa-file-text fa-fw color-qui-som\" aria-hidden=\"true\"><\/i><strong> 2019 Febrero<\/strong> | Archeonea <a title=\"Archeonea 088 \u2013 CAS\" href=\"https:\/\/icac.cat\/es\/archeonea\/archeonea-088-cas\/\">N\u00fam.88<\/a><\/div><div class=\"archive-item llistat\"><i class=\"fa fa-file-text fa-fw color-qui-som\" aria-hidden=\"true\"><\/i><strong> 2019 Enero<\/strong> | Archeonea <a title=\"Archeonea 087 \u2013 CAS\" href=\"https:\/\/icac.cat\/es\/archeonea\/archeonea-087-cas\/\">N\u00fam.87<\/a><\/div><div class=\"archive-item llistat\"><i class=\"fa fa-file-text fa-fw color-qui-som\" aria-hidden=\"true\"><\/i><strong> 2018 Diciembre<\/strong> | Archeonea <a title=\"Archeonea 086 &#8211; CAS\" href=\"https:\/\/icac.cat\/es\/archeonea\/archeonea-086-cas\/\">N\u00fam.86<\/a><\/div><div class=\"archive-item llistat\"><i class=\"fa fa-file-text fa-fw color-qui-som\" aria-hidden=\"true\"><\/i><strong> 2018 Octubre<\/strong> | Archeonea <a title=\"Archeonea 085 &#8211; CAS\" href=\"https:\/\/icac.cat\/es\/archeonea\/archeonea-085-cas\/\">N\u00fam.85<\/a><\/div><div class=\"archive-item llistat\"><i class=\"fa fa-file-text fa-fw color-qui-som\" aria-hidden=\"true\"><\/i><strong> 2018 Julio<\/strong> | Archeonea <a title=\"Archeonea 084 &#8211; CAS\" href=\"https:\/\/icac.cat\/es\/archeonea\/archeonea-084-cas\/\">N\u00fam.84<\/a><\/div><div class=\"archive-item llistat\"><i class=\"fa fa-file-text fa-fw color-qui-som\" aria-hidden=\"true\"><\/i><strong> 2018 Julio<\/strong> | Archeonea <a title=\"Archeonea 083 &#8211; CAS\" href=\"https:\/\/icac.cat\/es\/archeonea\/archeonea-083-cas\/\">N\u00fam.83<\/a><\/div><div class=\"archive-item llistat\"><i class=\"fa fa-file-text fa-fw color-qui-som\" aria-hidden=\"true\"><\/i><strong> 2018 Junio<\/strong> | Archeonea <a title=\"Archeonea 082 &#8211; CAS\" href=\"https:\/\/icac.cat\/es\/archeonea\/archeonea-082-cas\/\">N\u00fam.82<\/a><\/div><div class=\"archive-item llistat\"><i class=\"fa fa-file-text fa-fw color-qui-som\" aria-hidden=\"true\"><\/i><strong> 2018 Abril<\/strong> | Archeonea <a title=\"Archeonea 081 &#8211; CAS\" href=\"https:\/\/icac.cat\/es\/archeonea\/archeonea-081-cas\/\">N\u00fam.81<\/a><\/div><div class=\"archive-item llistat\"><i class=\"fa fa-file-text fa-fw color-qui-som\" aria-hidden=\"true\"><\/i><strong> 2018 Abril<\/strong> | Archeonea <a title=\"Archeonea 080 \u2013 CAS\" href=\"https:\/\/icac.cat\/es\/archeonea\/archeonea-080-cas\/\">N\u00fam.80<\/a><\/div><div class=\"archive-item llistat\"><i class=\"fa fa-file-text fa-fw color-qui-som\" aria-hidden=\"true\"><\/i><strong> 2018 Marzo<\/strong> | Archeonea <a title=\"Archeonea 079 \u2013 CAS\" href=\"https:\/\/icac.cat\/es\/archeonea\/archeonea-079-cas\/\">N\u00fam.79<\/a><\/div><div class=\"archive-item llistat\"><i class=\"fa fa-file-text fa-fw color-qui-som\" aria-hidden=\"true\"><\/i><strong> 2018 Febrero<\/strong> | Archeonea <a title=\"Archeonea 078 \u2013 CAS\" href=\"https:\/\/icac.cat\/es\/archeonea\/archeonea-078-cas\/\">N\u00fam.78<\/a><\/div><div class=\"archive-item llistat\"><i class=\"fa fa-file-text fa-fw color-qui-som\" aria-hidden=\"true\"><\/i><strong> 2018 Enero<\/strong> | Archeonea <a title=\"Archeonea 077 \u2013 CAS\" href=\"https:\/\/icac.cat\/es\/archeonea\/archeonea-077-cas\/\">N\u00fam.77<\/a><\/div><div class=\"archive-item llistat\"><i class=\"fa fa-file-text fa-fw color-qui-som\" aria-hidden=\"true\"><\/i><strong> 2017 Diciembre<\/strong> | Archeonea <a title=\"Archeonea 076 &#8211; CAS\" href=\"https:\/\/icac.cat\/es\/archeonea\/archeonea-%c2%b7-diciembre-2017-%c2%b7-num-76\/\">N\u00fam.76<\/a><\/div><\/div>\n<div class=\"small-text\">Puedes leer todos los boletines publicados hasta noviembre de 2017 <a href=\"http:\/\/butlletins.icac.cat\/archeonea-castellano\">aqu\u00ed<\/a>.<\/div>\n<div class=\"small-text\"><\/div>\n<div class=\"margin-padding-top\"><\/div>\n","protected":false},"excerpt":{"rendered":"<p>Suscribirte Darte de baja Actualizar tu perfil S\u00f3lo puedes acceder a trav\u00e9s del enlace \u00abactualizar mi perfil\u00bb de los correos electr\u00f3nicos que recibes como suscriptor. &nbsp; &nbsp; &nbsp; El ICAC publica mensualmente Archeonea, un bolet\u00edn electr\u00f3nico de novedades. Puedes leer todos los boletines publicados hasta noviembre de 2017 aqu\u00ed.<\/p>\n","protected":false},"author":1,"featured_media":0,"parent":21353,"menu_order":651,"comment_status":"closed","ping_status":"closed","template":"","meta":{"_genesis_hide_title":false,"_genesis_hide_breadcrumbs":false,"_genesis_hide_singular_image":false,"_genesis_hide_footer_widgets":false,"_genesis_custom_body_class":"","_genesis_custom_post_class":"","_genesis_layout":""},"_links":{"self":[{"href":"https:\/\/icac.cat\/es\/wp-json\/wp\/v2\/pages\/29533"}],"collection":[{"href":"https:\/\/icac.cat\/es\/wp-json\/wp\/v2\/pages"}],"about":[{"href":"https:\/\/icac.cat\/es\/wp-json\/wp\/v2\/types\/page"}],"author":[{"embeddable":true,"href":"https:\/\/icac.cat\/es\/wp-json\/wp\/v2\/users\/1"}],"replies":[{"embeddable":true,"href":"https:\/\/icac.cat\/es\/wp-json\/wp\/v2\/comments?post=29533"}],"version-history":[{"count":6,"href":"https:\/\/icac.cat\/es\/wp-json\/wp\/v2\/pages\/29533\/revisions"}],"predecessor-version":[{"id":34549,"href":"https:\/\/icac.cat\/es\/wp-json\/wp\/v2\/pages\/29533\/revisions\/34549"}],"up":[{"embeddable":true,"href":"https:\/\/icac.cat\/es\/wp-json\/wp\/v2\/pages\/21353"}],"wp:attachment":[{"href":"https:\/\/icac.cat\/es\/wp-json\/wp\/v2\/media?parent=29533"}],"curies":[{"name":"wp","href":"https:\/\/api.w.org\/{rel}","templated":true}]}}