{"id":34519,"date":"2018-05-11T09:00:18","date_gmt":"2018-05-11T07:00:18","guid":{"rendered":"http:\/\/www.icac.cat\/es\/?page_id=34519"},"modified":"2018-05-28T12:27:58","modified_gmt":"2018-05-28T10:27:58","slug":"proteccion-de-datos","status":"publish","type":"page","link":"https:\/\/icac.cat\/es\/quienes-somos\/proteccion-de-datos\/","title":{"rendered":"Protecci\u00f3n de datos"},"content":{"rendered":"<p><strong>Responsable del tratamiento de datos<\/strong><br \/>\nInstituto Catal\u00e1n de Arqueolog\u00eda Cl\u00e1sica (ICAC)<br \/>\nCIF: S4300033J<br \/>\nCorreo electr\u00f3nico: <a href=\"mailto:info@icac.cat\">info@icac.cat<\/a><br \/>\nDirecci\u00f3n postal: Plaza d\u2019en Rovellat, s\/n, 43003 Tarragona<br \/>\nTel\u00e9fono: 977 24 91 33 (de lunes a viernes, de 9 a 14 horas)<\/p>\n<p><strong>Delegado de protecci\u00f3n de datos<\/strong><br \/>\nCorreo electr\u00f3nico: <a href=\"mailto:delegatpd@icac.cat\">delegatpd@icac.cat<\/a><br \/>\nDirecci\u00f3n postal: Plaza d\u2019en Rovellat, s\/n, 43003 Tarragona<br \/>\nTel\u00e9fono: 977 24 91 33 (de lunes a viernes, de 9 a 14 horas)<\/p>\n<p><strong>Derechos de las personas interesadas<\/strong><br \/>\nPara ejercer los derechos de acceso, rectificaci\u00f3n, supresi\u00f3n, oposici\u00f3n al tratamiento, portabilidad de los datos y solicitud de limitaci\u00f3n, y para cualquier cuesti\u00f3n relacionada con el tratamiento que el Instituto Catal\u00e1n de Arqueolog\u00eda Cl\u00e1sica hace de sus datos, puede ponerse en contacto con el responsable de tratamiento de datos mediante un escrito (plaza d\u2019en Rovellat s\/n, 43003 Tarragona) o un mensaje de correo electr\u00f3nico a la direcci\u00f3n <a href=\"mailto:info@icac.cat\">info@icac.cat<\/a>.<\/p>\n","protected":false},"excerpt":{"rendered":"<p>Responsable del tratamiento de datos Instituto Catal\u00e1n de Arqueolog\u00eda Cl\u00e1sica (ICAC) CIF: S4300033J Correo electr\u00f3nico: info@icac.cat Direcci\u00f3n postal: Plaza d\u2019en Rovellat, s\/n, 43003 Tarragona Tel\u00e9fono: 977 24 91 33 (de lunes a viernes, de 9 a 14 horas) Delegado de protecci\u00f3n de datos Correo electr\u00f3nico: delegatpd@icac.cat Direcci\u00f3n postal: Plaza d\u2019en Rovellat, s\/n, 43003 Tarragona Tel\u00e9fono: [&hellip;]<\/p>\n","protected":false},"author":49,"featured_media":0,"parent":21332,"menu_order":192,"comment_status":"closed","ping_status":"closed","template":"","meta":{"_genesis_hide_title":false,"_genesis_hide_breadcrumbs":false,"_genesis_hide_singular_image":false,"_genesis_hide_footer_widgets":false,"_genesis_custom_body_class":"","_genesis_custom_post_class":"","_genesis_layout":""},"_links":{"self":[{"href":"https:\/\/icac.cat\/es\/wp-json\/wp\/v2\/pages\/34519"}],"collection":[{"href":"https:\/\/icac.cat\/es\/wp-json\/wp\/v2\/pages"}],"about":[{"href":"https:\/\/icac.cat\/es\/wp-json\/wp\/v2\/types\/page"}],"author":[{"embeddable":true,"href":"https:\/\/icac.cat\/es\/wp-json\/wp\/v2\/users\/49"}],"replies":[{"embeddable":true,"href":"https:\/\/icac.cat\/es\/wp-json\/wp\/v2\/comments?post=34519"}],"version-history":[{"count":5,"href":"https:\/\/icac.cat\/es\/wp-json\/wp\/v2\/pages\/34519\/revisions"}],"predecessor-version":[{"id":34616,"href":"https:\/\/icac.cat\/es\/wp-json\/wp\/v2\/pages\/34519\/revisions\/34616"}],"up":[{"embeddable":true,"href":"https:\/\/icac.cat\/es\/wp-json\/wp\/v2\/pages\/21332"}],"wp:attachment":[{"href":"https:\/\/icac.cat\/es\/wp-json\/wp\/v2\/media?parent=34519"}],"curies":[{"name":"wp","href":"https:\/\/api.w.org\/{rel}","templated":true}]}}