{"id":34550,"date":"2018-05-24T09:36:00","date_gmt":"2018-05-24T07:36:00","guid":{"rendered":"http:\/\/www.icac.cat\/es\/?page_id=34550"},"modified":"2018-05-24T09:40:02","modified_gmt":"2018-05-24T07:40:02","slug":"suscripcion","status":"publish","type":"page","link":"https:\/\/icac.cat\/es\/actualidad\/suscripcion\/","title":{"rendered":"Suscripci\u00f3n"},"content":{"rendered":"<div class=\"margin-padding-top\">\n<div class=\"one-half first\">\n<ul>\n<li><a class=\"mostrar\" href=\"https:\/\/icac.cat\/actualitat\/butlleti-archeonea\/\">Suscribirte<\/a><\/li>\n<li><a href=\"https:\/\/icac.cat\/actualitat\/butlleti-archeonea\/unsubscribe\/\">Darte de baja<\/a><\/li>\n<li>Actualizar tu perfil\n<div class=\"small-text small-line-height\">S\u00f3lo puedes acceder a trav\u00e9s del enlace \u00abactualizar mi perfil\u00bb de los correos electr\u00f3nicos que recibes como suscriptor.<\/div>\n<\/li>\n<\/ul>\n<\/div>\n<div class=\"one-half\">\n<div id=\"subscription-form\" style=\"background-color: #faece5; padding: 15px;\"><p>Env\u00edanos tu correo electr\u00f3nico para recibir el bolet\u00edn <em>Archeonea<\/em> y las comunicaciones del ICAC<style id='mailster-form-default' type='text\/css'>.mailster-embeded-form body{background:0;padding:0;margin:0}.mailster-embeded-form .mailster-form-body{padding:5px !important;margin:auto !important}.mailster-form-wrap{max-width:100%;max-height:95%;min-width:100px;-webkit-overflow-scrolling:touch}.mailster-form{margin-bottom:20px;position:relative}.mailster-form:before{content:'';position:absolute;display:block;height:100%;width:100%;z-index:1;background-repeat:no-repeat;background-position:center center;background-size:20px 20px;background-image:url('https:\/\/icac.cat\/wp-content\/plugins\/mailster\/assets\/css\/..\/img\/loading.gif');visibility:hidden;opacity:0;transition:opacity .15s ease-in-out}.mailster-form.loading:before{opacity:1;visibility:visible}@media only screen and (-webkit-min-device-pixel-ratio:2),only screen and (min-resolution:192dpi){.mailster-form:before{background-image:url('https:\/\/icac.cat\/wp-content\/plugins\/mailster\/assets\/css\/..\/img\/loading_2x.gif')}}.mailster-form:after,.mailster-form-fields:after{content:'.';visibility:hidden;display:block;height:0;clear:both}.mailster-form .mailster-form-fields{transition:all .15s ease-in-out}.mailster-form.completed .mailster-form-fields{height:0;min-height:0;opacity:0;overflow:hidden}.mailster-form,.mailster-form .input,.mailster-form .mailster-form-info{width:100%;box-sizing:border-box}.mailster-embeded-form .mailster-form{margin-bottom:3px}.mailster-form .mailster-wrapper{position:relative;margin-bottom:2px;transition:opacity .15s ease-in-out}.mailster-form.loading .mailster-wrapper{opacity:.2}.mailster-form textarea.input{resize:vertical;height:150px}.mailster-form li{list-style:none !important;margin-left:0;padding-left:0}span.mailster-required{font-size:120%;font-weight:700;color:#bf4d4d}.mailster-lists-wrapper ul{list-style:none;margin-left:0;padding-left:0}.mailster-lists-wrapper ul li{margin-left:0}.mailster-list-description{color:inherit;display:block;margin-left:25px;font-size:.8em}.mailster-form-info{height:0;border-radius:2px;padding:5px;margin-bottom:4px;color:#fff;padding:9px 16px;transition:all .2s;-webkit-transform:scale(0);-moz-transform:scale(0);-ms-transform:scale(0);transform:scale(0)}.mailster-form.loading .mailster-form-info{opacity:0}.mailster-form-info a{color:#fff}.mailster-form-info.success,.mailster-form-info.error{display:block;height:100%;-webkit-transform:scale(1);-moz-transform:scale(1);-ms-transform:scale(1);transform:scale(1)}.mailster-form .error input,.mailster-form .error select,.mailster-form .error textarea{outline:2px solid #bf4d4d;outline-offset:0}.mailster-form-info.error{background:#bf4d4d}.mailster-form-info.success{background-color:#6fbf4d;text-align:center}.mailster-form-info ul,.mailster-form .mailster-form-info p{margin:0;padding:0;max-width:initial}.mailster-form-info ul li{color:inherit;margin-left:0}.mailster-submit-wrapper{margin-top:6px}.mailster-form .submit-button{cursor:pointer}.mailster-form .submit-button:focus{outline:0}<\/style><style type=\"text\/css\" media=\"screen\" class=\"mailster-custom-form-css\">\n.mailster-form-2 .mailster-consentiment-rgpd-wrapper label{font-size: 14px;}\n<\/style>\n<form action=\"https:\/\/icac.cat\/es\/mailster\/subscribe\/\" method=\"post\" class=\"mailster-form mailster-form-submit mailster-ajax-form mailster-form-2\" novalidate><input name=\"_action\" type=\"hidden\" value=\"subscribe\">\n<input name=\"_timestamp\" type=\"hidden\" value=\"1775505282\">\n<input name=\"_referer\" type=\"hidden\" value=\"https:\/\/icac.cat\/es\/wp-json\/wp\/v2\/pages\/34550\">\n<input name=\"_nonce\" type=\"hidden\" value=\"d4b8e4d814\">\n<input name=\"formid\" type=\"hidden\" value=\"2\">\n<div class=\"mailster-form-fields\">\n<div class=\"mailster-wrapper mailster-email-wrapper\"><label for=\"mailster-email-2\">Correo electr\u00f3nico <span class=\"mailster-required\">*<\/span><\/label><input id=\"mailster-email-2\" name=\"email\" type=\"email\" value=\"\" class=\"input mailster-email mailster-required\" aria-required=\"true\" aria-label=\"Correo electr\u00f3nico\" spellcheck=\"false\"><\/div>\n<div class=\"mailster-wrapper mailster-consentiment-rgpd-wrapper\"><label for=\"mailster-consentiment-rgpd-2\"><input type=\"hidden\" name=\"consentiment-rgpd\" value=\"0\"><input id=\"mailster-consentiment-rgpd-2\" name=\"consentiment-rgpd\" type=\"checkbox\" value=\"1\"  class=\"mailster-consentiment-rgpd mailster-required\" aria-required=\"true\" aria-label=\"Acepto la pol\u00edtica de privacidad.\">  Acepto la <a href=\"https:\/\/icac.cat\/es\/proteccion-datos-suscriptores\">pol\u00edtica de privacidad.<\/a> <span class=\"mailster-required\">*<\/span><\/label><\/div>\n<div class=\"mailster-wrapper mailster-submit-wrapper form-submit\"><input name=\"submit\" type=\"submit\" value=\"Suscr\u00edbete\" class=\"submit-button button\" aria-label=\"Suscr\u00edbete\"><\/div>\n<\/div>\n<\/form>\n<\/p>\n<\/div>\n<\/div>\n<\/div>\n<p>&nbsp;<\/p>\n","protected":false},"excerpt":{"rendered":"<p>Suscribirte Darte de baja Actualizar tu perfil S\u00f3lo puedes acceder a trav\u00e9s del enlace \u00abactualizar mi perfil\u00bb de los correos electr\u00f3nicos que recibes como suscriptor. &nbsp;<\/p>\n","protected":false},"author":49,"featured_media":0,"parent":21353,"menu_order":670,"comment_status":"closed","ping_status":"closed","template":"","meta":{"_genesis_hide_title":false,"_genesis_hide_breadcrumbs":false,"_genesis_hide_singular_image":false,"_genesis_hide_footer_widgets":false,"_genesis_custom_body_class":"","_genesis_custom_post_class":"","_genesis_layout":""},"_links":{"self":[{"href":"https:\/\/icac.cat\/es\/wp-json\/wp\/v2\/pages\/34550"}],"collection":[{"href":"https:\/\/icac.cat\/es\/wp-json\/wp\/v2\/pages"}],"about":[{"href":"https:\/\/icac.cat\/es\/wp-json\/wp\/v2\/types\/page"}],"author":[{"embeddable":true,"href":"https:\/\/icac.cat\/es\/wp-json\/wp\/v2\/users\/49"}],"replies":[{"embeddable":true,"href":"https:\/\/icac.cat\/es\/wp-json\/wp\/v2\/comments?post=34550"}],"version-history":[{"count":1,"href":"https:\/\/icac.cat\/es\/wp-json\/wp\/v2\/pages\/34550\/revisions"}],"predecessor-version":[{"id":34551,"href":"https:\/\/icac.cat\/es\/wp-json\/wp\/v2\/pages\/34550\/revisions\/34551"}],"up":[{"embeddable":true,"href":"https:\/\/icac.cat\/es\/wp-json\/wp\/v2\/pages\/21353"}],"wp:attachment":[{"href":"https:\/\/icac.cat\/es\/wp-json\/wp\/v2\/media?parent=34550"}],"curies":[{"name":"wp","href":"https:\/\/api.w.org\/{rel}","templated":true}]}}