{"id":38680,"date":"2019-02-08T11:48:39","date_gmt":"2019-02-08T10:48:39","guid":{"rendered":"http:\/\/www.icac.cat\/es\/?page_id=38680"},"modified":"2020-02-14T13:01:49","modified_gmt":"2020-02-14T12:01:49","slug":"programa-de-iniciacion-a-la-investigacion-pir-2018","status":"publish","type":"page","link":"https:\/\/icac.cat\/es\/programa-de-iniciacion-a-la-investigacion-pir-2018\/","title":{"rendered":"Programa de Iniciaci\u00f3n a la Investigaci\u00f3n (PIR) 2018"},"content":{"rendered":"<p>Aqu\u00ed pod\u00e9is consultar la informaci\u00f3n relativa a la <strong>convocatoria 2018<\/strong> del Programa de Iniciaci\u00f3n a la Investigaci\u00f3n (PIR), dirigido a estudiantes del M\u00e1ster en Arqueolog\u00eda Cl\u00e1sica (URV-UAB-ICAC).<\/p>\n<p><strong>Fin del plazo para presentar solicitudes:<\/strong> 21\/02\/2018<\/p>\n<p><strong>Documentaci\u00f3n<\/strong><br \/>\n<a class=\"icona-pdf\" href=\"https:\/\/icac.cat\/wp-content\/uploads\/2018\/02\/pir18_resolucio.pdf\" target=\"_blank\">Resoluci\u00f3 del director de l&#8217;ICAC<\/a><br \/>\n<a class=\"icona-pdf\" href=\"https:\/\/icac.cat\/wp-content\/uploads\/2018\/02\/pir18_bases.pdf\" target=\"_blank\">Bases de la convocat\u00f2ria<\/a><br \/>\n<a class=\"icona-word\" href=\"https:\/\/icac.cat\/wp-content\/uploads\/2018\/02\/pir18_annex2.docx\" target=\"_blank\">Annex 2<\/a><br \/>\n<a class=\"icona-word\" href=\"https:\/\/icac.cat\/wp-content\/uploads\/2018\/02\/pir18_annex3.docx\" target=\"_blank\">Annex 3<\/a><\/p>\n<p><strong>Resoluciones<\/strong><\/p>\n<p><a class=\"icona-pdf\" href=\"https:\/\/icac.cat\/wp-content\/uploads\/2018\/02\/pir18_reldef.pdf\" target=\"_blank\">Relaci\u00f3 definitiva d&#8217;admesos i exclosos<\/a>\u00a0(21\/2\/2018)<\/p>\n<p><a class=\"icona-pdf\" href=\"https:\/\/icac.cat\/wp-content\/uploads\/2018\/02\/pir18_propprov.pdf\" target=\"_blank\">Proposta provisional d&#8217;inscripci\u00f3 al programa<\/a>\u00a0(22\/2\/2018)<\/p>\n<p><a class=\"icona-pdf\" href=\"https:\/\/icac.cat\/wp-content\/uploads\/2018\/02\/pir18_resdir.pdf\" target=\"_blank\">Resoluci\u00f3 del director<\/a>\u00a0(28\/2\/2018)<\/p>\n","protected":false},"excerpt":{"rendered":"<p>Aqu\u00ed pod\u00e9is consultar la informaci\u00f3n relativa a la convocatoria 2018 del Programa de Iniciaci\u00f3n a la Investigaci\u00f3n (PIR), dirigido a estudiantes del M\u00e1ster en Arqueolog\u00eda Cl\u00e1sica (URV-UAB-ICAC). Fin del plazo para presentar solicitudes: 21\/02\/2018 Documentaci\u00f3n Resoluci\u00f3 del director de l&#8217;ICAC Bases de la convocat\u00f2ria Annex 2 Annex 3 Resoluciones Relaci\u00f3 definitiva d&#8217;admesos i exclosos\u00a0(21\/2\/2018) Proposta [&hellip;]<\/p>\n","protected":false},"author":160,"featured_media":0,"parent":0,"menu_order":0,"comment_status":"closed","ping_status":"closed","template":"","meta":{"_genesis_hide_title":false,"_genesis_hide_breadcrumbs":false,"_genesis_hide_singular_image":false,"_genesis_hide_footer_widgets":false,"_genesis_custom_body_class":"","_genesis_custom_post_class":"","_genesis_layout":""},"_links":{"self":[{"href":"https:\/\/icac.cat\/es\/wp-json\/wp\/v2\/pages\/38680"}],"collection":[{"href":"https:\/\/icac.cat\/es\/wp-json\/wp\/v2\/pages"}],"about":[{"href":"https:\/\/icac.cat\/es\/wp-json\/wp\/v2\/types\/page"}],"author":[{"embeddable":true,"href":"https:\/\/icac.cat\/es\/wp-json\/wp\/v2\/users\/160"}],"replies":[{"embeddable":true,"href":"https:\/\/icac.cat\/es\/wp-json\/wp\/v2\/comments?post=38680"}],"version-history":[{"count":4,"href":"https:\/\/icac.cat\/es\/wp-json\/wp\/v2\/pages\/38680\/revisions"}],"predecessor-version":[{"id":38741,"href":"https:\/\/icac.cat\/es\/wp-json\/wp\/v2\/pages\/38680\/revisions\/38741"}],"wp:attachment":[{"href":"https:\/\/icac.cat\/es\/wp-json\/wp\/v2\/media?parent=38680"}],"curies":[{"name":"wp","href":"https:\/\/api.w.org\/{rel}","templated":true}]}}