{"id":38686,"date":"2018-02-14T09:35:05","date_gmt":"2018-02-14T08:35:05","guid":{"rendered":"http:\/\/www.icac.cat\/es\/?page_id=38686"},"modified":"2026-03-24T14:20:40","modified_gmt":"2026-03-24T13:20:40","slug":"pir-2026","status":"publish","type":"page","link":"https:\/\/icac.cat\/es\/formacion\/master-arqueologia-clasica-aplicada\/pir-2026\/","title":{"rendered":"Programa de iniciaci\u00f3n a la investigaci\u00f3n (PIR) 2026"},"content":{"rendered":"<p>El ICAC ofrece un\u00a0<strong>Programa de iniciaci\u00f3n a la investigaci\u00f3n (PIR)<\/strong> dirigido a estudiantes del <a href=\"https:\/\/icac.cat\/es\/formacion\/master-arqueologia-clasica-aplicada\/\">M\u00e1ster interuniversitario en Arqueolog\u00eda Cl\u00e1sica Aplicada. Investigaci\u00f3n y Transferencia &#8211; MACA (URV-ICAC-UAB)<\/a>.<\/p>\n<p>El PIR consta de dos etapas:<\/p>\n<ol>\n<li>En la primera, el\/la estudiante colabora con un equipo de investigaci\u00f3n del ICAC.<\/li>\n<li>En la segunda, elabora el trabajo de fin de m\u00e1ster (TFM), relacionado con el equipo de investigaci\u00f3n con el que colabora.<\/li>\n<\/ol>\n<div class=\"highlight-block\">\n<p style=\"text-align: left;\"><strong>Convocatoria PIR26 (en curso): <\/strong>El plazo para presentar solicitudes finaliza el 20 de febrero de 2026.<\/p>\n<\/div>\n<p>&nbsp;<\/p>\n<p><strong>Documentaci\u00f3n relacionada (en catal\u00e1n):<\/strong><\/p>\n<p><a class=\"icona-pdf\" href=\"https:\/\/icac.cat\/wp-content\/uploads\/2026\/02\/03.-G014.4.8-Bases-PIR26.pdf\" target=\"_blank\" rel=\"noopener\">Bases de la convocatoria PIR 2026<\/a> (firma digital 05\/02\/2026)<\/p>\n<p><a class=\"icona-word\" href=\"https:\/\/icac.cat\/wp-content\/uploads\/2026\/02\/PIR-ANNEX-1.docx\" target=\"_blank\" rel=\"noopener\">Anexo 1<\/a> (solicitud)<\/p>\n<p><a class=\"icona-word\" href=\"https:\/\/icac.cat\/wp-content\/uploads\/2026\/02\/PIR-ANNEX-2.docx\" target=\"_blank\" rel=\"noopener\">Anexo 2<\/a> (aceptaci\u00f3n de la inscripci\u00f3n al programa)<\/p>\n<p>&nbsp;<\/p>\n<p><strong>Resoluciones (en catal\u00e1n):<\/strong><\/p>\n<p><a class=\"icona-pdf\" href=\"https:\/\/icac.cat\/wp-content\/uploads\/2026\/03\/010.-Res.-Adj.-def.-PIR26.pdf\" target=\"_blank\" rel=\"noopener\">Resoluci\u00f3n definitiva al programa de iniciaci\u00f3n a la investigaci\u00f3n PIR2026<\/a> (firma digital 23\/03\/2026)<\/p>\n<p><a class=\"icona-pdf\" href=\"https:\/\/icac.cat\/wp-content\/uploads\/2026\/03\/09.-Res.-Adj.-Prov.-PIR26.pdf\" target=\"_blank\" rel=\"noopener\">Propuesta de adjudicaci\u00f3n provisional al programa de iniciaci\u00f3n a la investigaci\u00f3n (PIR)<\/a> (firma digital 11\/03\/2026)<\/p>\n<p><a class=\"icona-pdf\" href=\"https:\/\/icac.cat\/wp-content\/uploads\/2026\/03\/07.-Relacio_def-PIR26-.pdf\" target=\"_blank\" rel=\"noopener\">Relaci\u00f3n definitiva de personas admitidas y excluidas PIR2026<\/a> (firma digital 9\/03\/2026)<\/p>\n<p><a class=\"icona-pdf\" href=\"https:\/\/icac.cat\/wp-content\/uploads\/2026\/02\/05.-Relacio_prov-PIR26.pdf\" target=\"_blank\" rel=\"noopener\">Relaci\u00f3n provisional de personas admitidas y excluidas PIR2026<\/a> (firma digital 25\/02\/2026)<\/p>\n<p><a class=\"icona-pdf\" href=\"https:\/\/icac.cat\/wp-content\/uploads\/2026\/02\/02.-G014.4.8-Res.-PIR26.pdf\" target=\"_blank\" rel=\"noopener\">Resoluci\u00f3n del director del Instituto Catal\u00e1n de Arqueolog\u00eda Cl\u00e1sica (ICAC-CERCA) por la cual se aprueban las bases del Programa de iniciaci\u00f3n a la investigaci\u00f3n en el campo de la arqueolog\u00eda cl\u00e1sica del ICAC-CERCA para el 2026 (PIR26) (c\u00f3digo 014.4.8)<\/a> (firma digital 05\/02\/2026)<\/p>\n<p>&nbsp;<\/p>\n<hr \/>\n<p style=\"text-align: center;\"><strong>Ediciones anteriores (en catal\u00e1n)<\/strong><\/p>\n<p><a href=\"https:\/\/icac.cat\/es\/pir-2025\/\" target=\"_blank\" rel=\"noopener\">Informaci\u00f3 sobre la convocat\u00f2ria 2025 del PIR<\/a><\/p>\n<p><a href=\"https:\/\/icac.cat\/pir-2024\/\" target=\"_blank\" rel=\"noopener\">Informaci\u00f3 sobre la convocat\u00f2ria 2024 del PIR<\/a><\/p>\n<p><a href=\"https:\/\/icac.cat\/pir-2023\/\" target=\"_blank\" rel=\"noopener\">Informaci\u00f3 sobre la convocatoria 2023 del PIR<\/a><\/p>\n<p><a href=\"https:\/\/icac.cat\/es\/pir-2020\/\" target=\"_blank\" rel=\"noopener\">Informaci\u00f3n sobre la convocatoria 2020 del PIR<\/a><\/p>\n<p><span style=\"color: #993300;\"><a href=\"https:\/\/icac.cat\/es\/pir-2019\/\" target=\"_blank\" rel=\"noopener\">Informaci\u00f3n sobre la convocatoria 2019 del PIR<\/a><\/span><\/p>\n<p><span style=\"color: #993300;\">I<a href=\"https:\/\/icac.cat\/es\/programa-de-iniciacion-a-la-investigacion-pir-2018\/\" target=\"_blank\" rel=\"noopener\">nformaci\u00f3n sobre la convocatoria 2018 del PIR<\/a><\/span><\/p>\n","protected":false},"excerpt":{"rendered":"<p>El ICAC ofrece un\u00a0Programa de iniciaci\u00f3n a la investigaci\u00f3n (PIR) dirigido a estudiantes del M\u00e1ster interuniversitario en Arqueolog\u00eda Cl\u00e1sica Aplicada. Investigaci\u00f3n y Transferencia &#8211; MACA (URV-ICAC-UAB). El PIR consta de dos etapas: En la primera, el\/la estudiante colabora con un equipo de investigaci\u00f3n del ICAC. En la segunda, elabora el trabajo de fin de m\u00e1ster [&hellip;]<\/p>\n","protected":false},"author":160,"featured_media":0,"parent":21632,"menu_order":1,"comment_status":"closed","ping_status":"closed","template":"","meta":{"_genesis_hide_title":false,"_genesis_hide_breadcrumbs":false,"_genesis_hide_singular_image":false,"_genesis_hide_footer_widgets":false,"_genesis_custom_body_class":"","_genesis_custom_post_class":"","_genesis_layout":""},"_links":{"self":[{"href":"https:\/\/icac.cat\/es\/wp-json\/wp\/v2\/pages\/38686"}],"collection":[{"href":"https:\/\/icac.cat\/es\/wp-json\/wp\/v2\/pages"}],"about":[{"href":"https:\/\/icac.cat\/es\/wp-json\/wp\/v2\/types\/page"}],"author":[{"embeddable":true,"href":"https:\/\/icac.cat\/es\/wp-json\/wp\/v2\/users\/160"}],"replies":[{"embeddable":true,"href":"https:\/\/icac.cat\/es\/wp-json\/wp\/v2\/comments?post=38686"}],"version-history":[{"count":7,"href":"https:\/\/icac.cat\/es\/wp-json\/wp\/v2\/pages\/38686\/revisions"}],"predecessor-version":[{"id":106492,"href":"https:\/\/icac.cat\/es\/wp-json\/wp\/v2\/pages\/38686\/revisions\/106492"}],"up":[{"embeddable":true,"href":"https:\/\/icac.cat\/es\/wp-json\/wp\/v2\/pages\/21632"}],"wp:attachment":[{"href":"https:\/\/icac.cat\/es\/wp-json\/wp\/v2\/media?parent=38686"}],"curies":[{"name":"wp","href":"https:\/\/api.w.org\/{rel}","templated":true}]}}