{"id":45773,"date":"2020-02-14T12:49:35","date_gmt":"2020-02-14T11:49:35","guid":{"rendered":"http:\/\/www.icac.cat\/es\/?page_id=45773"},"modified":"2023-02-22T14:57:49","modified_gmt":"2023-02-22T13:57:49","slug":"pir-2019","status":"publish","type":"page","link":"https:\/\/icac.cat\/es\/pir-2019\/","title":{"rendered":"Programa de iniciaci\u00f3n a la investigaci\u00f3n (PIR) 2019"},"content":{"rendered":"<p>Aqu\u00ed pod\u00e9is consultar la informaci\u00f3n relativa a la\u00a0<strong>convocatoria 2019<\/strong>\u00a0del Programa de Iniciaci\u00f3n a la Investigaci\u00f3n (PIR), dirigido a estudiantes del M\u00e1ster en Arqueolog\u00eda Cl\u00e1sica (URV-UAB-ICAC).<\/p>\n<p>&nbsp;<\/p>\n<p><strong>Fin del plazo para presentar solicitudes:<\/strong>\u00a022\/02\/2019<\/p>\n<p><strong>Documentos (en catal\u00e1n):<\/strong><br \/>\n<a class=\"icona-pdf\" href=\"https:\/\/icac.cat\/wp-content\/uploads\/2018\/02\/PIR-2019_ICAC_resolucio-director.pdf\" target=\"_blank\" rel=\"noopener\">Resoluci\u00f3n del director del ICAC<\/a>\u00a0(r\u00fabrica manual 07\/02\/2019)<\/p>\n<p><a class=\"icona-pdf\" href=\"https:\/\/icac.cat\/wp-content\/uploads\/2018\/02\/PIR-2019_ICAC_resolucio-esmenada.pdf\" target=\"_blank\" rel=\"noopener\">Resoluci\u00f3n del director por la cual se da publicidad de la errata material en las bases de la convocatoria<\/a>\u00a0(r\u00fabrica manual 11\/02\/2019)<\/p>\n<p><a class=\"icona-pdf\" href=\"https:\/\/icac.cat\/wp-content\/uploads\/2018\/02\/PIR-2019_ICAC_bases.pdf\" target=\"_blank\" rel=\"noopener\">Bases de la convocatoria<\/a>\u00a0(r\u00fabrica manual 07\/02\/2019)<\/p>\n<p><a class=\"icona-pdf\" href=\"https:\/\/icac.cat\/wp-content\/uploads\/2018\/02\/PIR-2019_ICAC_bases-rectificades.pdf\" target=\"_blank\" rel=\"noopener\">Bases de la convocatoria rectificadas<\/a>\u00a0(r\u00fabrica manual 11\/02\/2019)<\/p>\n<p><a class=\"icona-word\" href=\"https:\/\/icac.cat\/wp-content\/uploads\/2018\/02\/PIR-2019_ICAC_Annex-2.docx\" target=\"_blank\" rel=\"noopener\">Anexo 2<\/a>\u00a0(solicitud, en catal\u00e1n)<\/p>\n<p><a class=\"icona-word\" href=\"https:\/\/icac.cat\/wp-content\/uploads\/2018\/02\/PIR-2019_ICAC_Annex-3_acceptacio-inscripcio.docx\" target=\"_blank\" rel=\"noopener\">Anexo 3<\/a>\u00a0(aceptaci\u00f3n de la inscripci\u00f3n, en catal\u00e1n)<\/p>\n<p><strong>Resoluciones (en catal\u00e1n):<\/strong><\/p>\n<p><a class=\"icona-pdf\" href=\"https:\/\/icac.cat\/wp-content\/uploads\/2018\/02\/PIR-2019_Rel-Admesos-Exclosos.pdf\" target=\"_blank\" rel=\"noopener\">Relaci\u00f3n definitiva de admitidos y excluidos<\/a>\u00a0(r\u00fabrica manual\u00a027\/02\/2019)<\/p>\n<p><a class=\"icona-pdf\" href=\"https:\/\/icac.cat\/wp-content\/uploads\/2018\/02\/PIR-2019_Resol-Director-ef.pdf\" target=\"_blank\" rel=\"noopener\">Resoluci\u00f3n del director e. f.<\/a>\u00a0(r\u00fabrica manual 27\/02\/2019)<\/p>\n","protected":false},"excerpt":{"rendered":"<p>Aqu\u00ed pod\u00e9is consultar la informaci\u00f3n relativa a la\u00a0convocatoria 2019\u00a0del Programa de Iniciaci\u00f3n a la Investigaci\u00f3n (PIR), dirigido a estudiantes del M\u00e1ster en Arqueolog\u00eda Cl\u00e1sica (URV-UAB-ICAC). &nbsp; Fin del plazo para presentar solicitudes:\u00a022\/02\/2019 Documentos (en catal\u00e1n): Resoluci\u00f3n del director del ICAC\u00a0(r\u00fabrica manual 07\/02\/2019) Resoluci\u00f3n del director por la cual se da publicidad de la errata material [&hellip;]<\/p>\n","protected":false},"author":160,"featured_media":0,"parent":0,"menu_order":0,"comment_status":"closed","ping_status":"closed","template":"","meta":{"_genesis_hide_title":false,"_genesis_hide_breadcrumbs":false,"_genesis_hide_singular_image":false,"_genesis_hide_footer_widgets":false,"_genesis_custom_body_class":"","_genesis_custom_post_class":"","_genesis_layout":""},"_links":{"self":[{"href":"https:\/\/icac.cat\/es\/wp-json\/wp\/v2\/pages\/45773"}],"collection":[{"href":"https:\/\/icac.cat\/es\/wp-json\/wp\/v2\/pages"}],"about":[{"href":"https:\/\/icac.cat\/es\/wp-json\/wp\/v2\/types\/page"}],"author":[{"embeddable":true,"href":"https:\/\/icac.cat\/es\/wp-json\/wp\/v2\/users\/160"}],"replies":[{"embeddable":true,"href":"https:\/\/icac.cat\/es\/wp-json\/wp\/v2\/comments?post=45773"}],"version-history":[{"count":3,"href":"https:\/\/icac.cat\/es\/wp-json\/wp\/v2\/pages\/45773\/revisions"}],"predecessor-version":[{"id":82832,"href":"https:\/\/icac.cat\/es\/wp-json\/wp\/v2\/pages\/45773\/revisions\/82832"}],"wp:attachment":[{"href":"https:\/\/icac.cat\/es\/wp-json\/wp\/v2\/media?parent=45773"}],"curies":[{"name":"wp","href":"https:\/\/api.w.org\/{rel}","templated":true}]}}