{"id":47801,"date":"2020-06-15T16:59:04","date_gmt":"2020-06-15T14:59:04","guid":{"rendered":"http:\/\/www.icac.cat\/es\/?page_id=47801"},"modified":"2023-04-13T22:07:22","modified_gmt":"2023-04-13T20:07:22","slug":"acciones-msc","status":"publish","type":"page","link":"https:\/\/icac.cat\/es\/investigacion\/acciones-msc\/","title":{"rendered":"Acciones MSC"},"content":{"rendered":"<h6 class=\"elementor-heading-title elementor-size-default\" style=\"text-align: left;\"><strong>\u00a1Conoce nuestra comunidad internacional de investigadores e investigadoras postdoctorales!<\/strong><\/h6>\n<div class=\"highlight-block\">\n<p>El ICAC es <strong>un centro de investigaci\u00f3n excelente<\/strong> para desarrollar proyectos MSCA, con equipos de \u00faltima generaci\u00f3n, laboratorios, biblioteca y espacios de docencia y reuni\u00f3n. El Instituto ofrece a los beneficiarios de una MSCA la oportunidad de solicitar financiaci\u00f3n adicional para completar su investigaci\u00f3n. Tambi\u00e9n, hay la posibilidad de disponer de tareas docentes y de supervisi\u00f3n opcionales que pueden ayudar a avanzar en el desarrollo de carrera investigadora.<\/p>\n<\/div>\n<p>Actualmente, el ICAC cuenta con cinco proyectos MSCA-IF y un proyecto Beatriu de Pin\u00f3s en curso. Conoce sus proyectos:<\/p>\n","protected":false},"excerpt":{"rendered":"<p>\u00a1Conoce nuestra comunidad internacional de investigadores e investigadoras postdoctorales! El ICAC es un centro de investigaci\u00f3n excelente para desarrollar proyectos MSCA, con equipos de \u00faltima generaci\u00f3n, laboratorios, biblioteca y espacios de docencia y reuni\u00f3n. El Instituto ofrece a los beneficiarios de una MSCA la oportunidad de solicitar financiaci\u00f3n adicional para completar su investigaci\u00f3n. Tambi\u00e9n, hay [&hellip;]<\/p>\n","protected":false},"author":160,"featured_media":0,"parent":21335,"menu_order":270,"comment_status":"closed","ping_status":"closed","template":"template-llistat-links.php","meta":{"_genesis_hide_title":false,"_genesis_hide_breadcrumbs":false,"_genesis_hide_singular_image":false,"_genesis_hide_footer_widgets":false,"_genesis_custom_body_class":"","_genesis_custom_post_class":"","_genesis_layout":""},"_links":{"self":[{"href":"https:\/\/icac.cat\/es\/wp-json\/wp\/v2\/pages\/47801"}],"collection":[{"href":"https:\/\/icac.cat\/es\/wp-json\/wp\/v2\/pages"}],"about":[{"href":"https:\/\/icac.cat\/es\/wp-json\/wp\/v2\/types\/page"}],"author":[{"embeddable":true,"href":"https:\/\/icac.cat\/es\/wp-json\/wp\/v2\/users\/160"}],"replies":[{"embeddable":true,"href":"https:\/\/icac.cat\/es\/wp-json\/wp\/v2\/comments?post=47801"}],"version-history":[{"count":5,"href":"https:\/\/icac.cat\/es\/wp-json\/wp\/v2\/pages\/47801\/revisions"}],"predecessor-version":[{"id":84847,"href":"https:\/\/icac.cat\/es\/wp-json\/wp\/v2\/pages\/47801\/revisions\/84847"}],"up":[{"embeddable":true,"href":"https:\/\/icac.cat\/es\/wp-json\/wp\/v2\/pages\/21335"}],"wp:attachment":[{"href":"https:\/\/icac.cat\/es\/wp-json\/wp\/v2\/media?parent=47801"}],"curies":[{"name":"wp","href":"https:\/\/api.w.org\/{rel}","templated":true}]}}