{"id":53002,"date":"2017-04-10T18:03:18","date_gmt":"2017-04-10T16:03:18","guid":{"rendered":"http:\/\/www.icac.cat\/es\/?page_id=53002"},"modified":"2026-04-02T18:58:55","modified_gmt":"2026-04-02T16:58:55","slug":"codigo-etico-2","status":"publish","type":"page","link":"https:\/\/icac.cat\/es\/quienes-somos\/excelencia-en-rh\/codigo-etico-2\/","title":{"rendered":"C\u00f3digo \u00e9tico"},"content":{"rendered":"<p>El Instituto Catal\u00e1n de Arqueolog\u00eda Cl\u00e1sica, con el prop\u00f3sito de mejorar el cumplimiento de sus objetivos, decide asumir un conjunto de valores, principios y normas que han de inspirar la conducta de los miembros de la instituci\u00f3n.<\/p>\n<p>El <a href=\"http:\/\/hdl.handle.net\/2072\/537897\" target=\"_blank\" rel=\"noopener\"><strong>C\u00f3digo \u00e9tico<\/strong><\/a> es un referente para toda la comunidad y su obligatoriedad se establece sobre la base de las razones morales que lo justifican. Su fuerza recae exclusivamente en el compromiso adquirido por todas las personas integrantes de la comunidad de respetar un conjunto de valores y principios comunes, como la responsabilidad, la cooperaci\u00f3n, la diversidad, la integridad en la investigaci\u00f3n y el respeto mutuo.\u201d<\/p>\n<p>En este sentido, el <a href=\"http:\/\/hdl.handle.net\/2072\/537897\" target=\"_blank\" rel=\"noopener\">C\u00f3digo \u00e9tico<\/a>\u00a0no es una norma jur\u00eddica, sino una serie de normas de comportamiento de las personas dentro de la instituci\u00f3n de investigaci\u00f3n y de todos los \u00e1mbitos implicados, que adquieren el compromiso de hacerlo conocer y aplicar.<\/p>\n<div class=\"highlight-block\">\n<p><a class=\"icona-pdf\" href=\"http:\/\/hdl.handle.net\/2072\/537897\" target=\"_blank\" rel=\"noopener\">C\u00f3digo \u00e9tico<\/a> del ICAC (19 de junio de 2024)<\/p>\n<\/div>\n<p>Con el objetivo de hacer el seguimiento y evaluaci\u00f3n del C\u00f3digo \u00e9tico del ICAC, en 2017 se constituy\u00f3 el <strong>Comit\u00e9 de \u00c9tica del ICAC<\/strong>. Est\u00e1 formado por tres miembros del Instituto, escogidos a partir de una propuesta consensuada entre la direcci\u00f3n del centro y los representantes de los trabajadores y que han de ser\u00a0representativos del conjunto de \u00e1reas en las que se organiza el Instituto (investigaci\u00f3n, servicios cientificot\u00e9cnicos y gesti\u00f3n y apoyo a la investigaci\u00f3n).<\/p>\n<hr \/>\n<p><strong>El Comit\u00e9 de \u00c9tica del ICAC est\u00e1 compuesto por:<\/strong><\/p>\n<ul>\n<li><span class=\"TextRun SCXW188515584 BCX0\" lang=\"CA-ES\" xml:lang=\"CA-ES\" data-contrast=\"auto\"><span class=\"NormalTextRun SCXW188515584 BCX0\"><a href=\"https:\/\/icac.cat\/es\/quienes-somos\/personal\/gfrigola\/\" target=\"_blank\" rel=\"noopener\">Gilbert Frigola Olives<\/a> (representante del \u00e1rea de gesti\u00f3n y apoyo a la investigaci\u00f3n)<\/span><\/span><\/li>\n<li><span class=\"TextRun SCXW188515584 BCX0\" lang=\"CA-ES\" xml:lang=\"CA-ES\" data-contrast=\"auto\"><span class=\"NormalTextRun SCXW188515584 BCX0\"><a href=\"https:\/\/icac.cat\/es\/quienes-somos\/personal\/agutierrez\/\" target=\"_blank\" rel=\"noopener\">Anna Guti\u00e9rrez Garcia-Moreno<\/a> (representante de los servicios cientifico-t\u00e9cnicos)<\/span><\/span><\/li>\n<li><span class=\"TextRun SCXW188515584 BCX0\" lang=\"CA-ES\" xml:lang=\"CA-ES\" data-contrast=\"auto\"><a href=\"https:\/\/icac.cat\/qui-som\/personal\/alivarda\/\" target=\"_blank\" rel=\"noopener\"><span class=\"NormalTextRun SCXW188515584 BCX0\">Alexandra\u00a0<\/span><\/a><span class=\"SpellingError SCXW188515584 BCX0\"><a href=\"https:\/\/icac.cat\/es\/quienes-somos\/personal\/alivarda\/\" target=\"_blank\" rel=\"noopener\">Livarda<\/a> (representantes del personal investigador)<\/span><\/span><span class=\"TextRun SCXW188515584 BCX0\" lang=\"CA-ES\" xml:lang=\"CA-ES\" data-contrast=\"auto\"><span class=\"NormalTextRun SCXW188515584 BCX0\">.<\/span><\/span><\/li>\n<\/ul>\n<p><span data-olk-copy-source=\"MessageBody\">El comit\u00e9 ha habilitado la direcci\u00f3 de contacto <\/span><a id=\"OWA60d8b513-6f62-5d9c-ca60-b8ecb47aae70\" title=\"mailto:comite.etica@icac.cat\" href=\"mailto:comite.etica@icac.cat\" data-linkindex=\"1\"><u>comite.etica@icac.cat<\/u><\/a>.<\/p>\n<p>Por otro lado, el Instituto tambi\u00e9n dispone de un <a href=\"https:\/\/icac.cat\/qui-som\/portal-de-la-transparencia\/sistema-alertes-intern\/\">sistema interno de alertas<\/a>, gestionado por este Comit\u00e9, que permite a cualquier persona informar o denunciar infracciones normativas, vulneraciones del c\u00f3digo de conducta, conflictos de integridad en la investigaci\u00f3n, abusos o irregularidades dentro del ICAC-CERCA, garantizando el anonimato de quien realiza la denuncia.<\/p>\n<h5><\/h5>\n<hr \/>\n<h5>C\u00f3digos \u00e9ticos a los que se adhiere el ICAC<\/h5>\n<p><a class=\"icona-pdf\" href=\"https:\/\/hdl.handle.net\/2072\/489384\" target=\"_blank\" rel=\"noopener\">C\u00f3digo de conducta de la Instituci\u00f3n CERCA <\/a>(19 de mayo de 2025)<\/p>\n<p><em>Anexos en el C\u00f3digo \u00e9tico del ICAC<\/em><\/p>\n<p>Anexo 1: <a href=\"https:\/\/icac.cat\/wp-content\/uploads\/2017\/04\/codi_adac.pdf\" target=\"_blank\" rel=\"noopener\">C\u00f3digo deontol\u00f3gico del profesional de la arqueolog\u00eda (Ad&#8217;AC)<\/a> (2011)<\/p>\n<p>Anexo 2: <a href=\"https:\/\/icac.cat\/wp-content\/uploads\/2017\/04\/codi_icom_cat.pdf\" target=\"_blank\" rel=\"noopener\">C\u00f3digo de \u00e9tica profesional del ICOM<\/a><\/p>\n<p>Anexo 3: <a href=\"https:\/\/icac.cat\/wp-content\/uploads\/2017\/04\/codi_allea_11.pdf\" target=\"_blank\" rel=\"noopener\">The European Code of Conduct for Research Integrity<\/a> (2011)<\/p>\n<p>Anexo 4: <a href=\"https:\/\/icac.cat\/wp-content\/uploads\/2017\/04\/codi_allea_17.pdf\" target=\"_blank\" rel=\"noopener\">The European Code of Conduct for Research Integrity<\/a> (Revised edition, 2017)<\/p>\n<p>&nbsp;<\/p>\n","protected":false},"excerpt":{"rendered":"<p>El Instituto Catal\u00e1n de Arqueolog\u00eda Cl\u00e1sica, con el prop\u00f3sito de mejorar el cumplimiento de sus objetivos, decide asumir un conjunto de valores, principios y normas que han de inspirar la conducta de los miembros de la instituci\u00f3n. El C\u00f3digo \u00e9tico es un referente para toda la comunidad y su obligatoriedad se establece sobre la base [&hellip;]<\/p>\n","protected":false},"author":160,"featured_media":0,"parent":21373,"menu_order":10,"comment_status":"closed","ping_status":"closed","template":"","meta":{"_genesis_hide_title":false,"_genesis_hide_breadcrumbs":false,"_genesis_hide_singular_image":false,"_genesis_hide_footer_widgets":false,"_genesis_custom_body_class":"","_genesis_custom_post_class":"","_genesis_layout":""},"_links":{"self":[{"href":"https:\/\/icac.cat\/es\/wp-json\/wp\/v2\/pages\/53002"}],"collection":[{"href":"https:\/\/icac.cat\/es\/wp-json\/wp\/v2\/pages"}],"about":[{"href":"https:\/\/icac.cat\/es\/wp-json\/wp\/v2\/types\/page"}],"author":[{"embeddable":true,"href":"https:\/\/icac.cat\/es\/wp-json\/wp\/v2\/users\/160"}],"replies":[{"embeddable":true,"href":"https:\/\/icac.cat\/es\/wp-json\/wp\/v2\/comments?post=53002"}],"version-history":[{"count":6,"href":"https:\/\/icac.cat\/es\/wp-json\/wp\/v2\/pages\/53002\/revisions"}],"predecessor-version":[{"id":106615,"href":"https:\/\/icac.cat\/es\/wp-json\/wp\/v2\/pages\/53002\/revisions\/106615"}],"up":[{"embeddable":true,"href":"https:\/\/icac.cat\/es\/wp-json\/wp\/v2\/pages\/21373"}],"wp:attachment":[{"href":"https:\/\/icac.cat\/es\/wp-json\/wp\/v2\/media?parent=53002"}],"curies":[{"name":"wp","href":"https:\/\/api.w.org\/{rel}","templated":true}]}}