{"id":56278,"date":"2021-10-20T10:08:22","date_gmt":"2021-10-20T08:08:22","guid":{"rendered":"https:\/\/icac.cat\/es\/?page_id=56278"},"modified":"2026-03-16T15:19:17","modified_gmt":"2026-03-16T14:19:17","slug":"tablon-de-anuncios","status":"publish","type":"page","link":"https:\/\/icac.cat\/es\/quienes-somos\/trabajar-en-el-icac\/tablon-de-anuncios\/","title":{"rendered":"Tabl\u00f3n de anuncios"},"content":{"rendered":"<ul>\n<li>\n<div class=\"highlight-block\">[16 de marzo, 2026] Se ha publicado en la p\u00e1gina web del ICAC-CERCA la resoluci\u00f3n del director del ICAC la aprobaci\u00f3n de la oferta de un puesto de trabajo de una persona investigadora predoctoral en formaci\u00f3n en el \u00e1mbito del paleomabiente, en el marco de las actividades vinculadas al Grupo de Investigaci\u00f3n en Arqueolog\u00eda del Paisaje (c\u00f3digo G017.192)<\/div>\n<\/li>\n<\/ul>\n<p style=\"padding-left: 40px;\">Puede consultar la informaci\u00f3n relacionada en la p\u00e1gina <a href=\"https:\/\/icac.cat\/es\/quienes-somos\/trabajar-en-el-icac\/convocatorias-abiertas\/\"><strong>Trabajar en el ICAC\/Convocatorias abiertas<\/strong><\/a><\/p>\n<p>&nbsp;<\/p>\n<hr \/>\n<p>&nbsp;<\/p>\n<ul>\n<li>\n<div class=\"highlight-block\">[12 de marzo, 2026] Se ha publicado en la p\u00e1gina web del ICAC-CERCA la resoluci\u00f3n del director del ICAC la aprobaci\u00f3n de la oferta de un puesto de trabajo de una persona investigadora predoctoral en formaci\u00f3n en el \u00e1mbito de los an\u00e1lisis de residuos org\u00e1nicos, en el marco de las actividades vinculadas al Grupo de Investigaci\u00f3n en Arqueolog\u00eda del Paisaje (c\u00f3digo G017.190)<\/div>\n<\/li>\n<\/ul>\n<p style=\"padding-left: 40px;\">Puede consultar la informaci\u00f3n relacionada en la p\u00e1gina <a href=\"https:\/\/icac.cat\/es\/quienes-somos\/trabajar-en-el-icac\/convocatorias-abiertas\/\"><strong>Trabajar en el ICAC\/Convocatorias abiertas<\/strong><\/a><\/p>\n<p>&nbsp;<\/p>\n<hr \/>\n<p>&nbsp;<\/p>\n<ul>\n<li>\n<div class=\"highlight-block\">[19 de febrero, 2026] Se ha publicado en la p\u00e1gina web del ICAC-CERCA la resoluci\u00f3n del director del ICAC sobre <span data-contrast=\"none\">la aprobaci\u00f3n de las bases de la convocatoria para la provisi\u00f3n de un puesto de trabajo fijo de t\u00e9cnico\/a de comunicaci\u00f3n y publicaciones (c\u00f3digo G017.191)\u00a0<\/span><\/div>\n<\/li>\n<\/ul>\n<p style=\"padding-left: 40px;\">Puede consultar la informaci\u00f3n relacionada en la p\u00e1gina\u00a0 <a href=\"https:\/\/icac.cat\/es\/quienes-somos\/trabajar-en-el-icac\/convocatorias-abiertas\/\"><strong>Trabajar en el ICAC\/Convocatorias abiertas<\/strong><\/a><\/p>\n<p>&nbsp;<\/p>\n<hr \/>\n<p>&nbsp;<\/p>\n<ul>\n<li>\n<div class=\"highlight-block\">[12 de enero, 2026] Se ha publicado en la p\u00e1gina web del ICAC-CERCA la resoluci\u00f3n del director del ICAC sobre <span data-contrast=\"none\">la aprobaci\u00f3n de la oferta de un puesto de trabajo de una persona investigadora postdoctoral junior, en el marco del Grupo de Investigaci\u00f3n de Arqueologia del Paisaje (c\u00f3digo G017.188)<\/span><\/div>\n<\/li>\n<\/ul>\n<p style=\"padding-left: 40px;\">Puede consultar la informaci\u00f3n relacionada en la p\u00e1gina <a href=\"https:\/\/icac.cat\/es\/quienes-somos\/trabajar-en-el-icac\/convocatorias-cerradas\/\"><strong>Trabajar en el ICAC\/Convocatorias cerradas<\/strong><\/a><\/p>\n<p>&nbsp;<\/p>\n<hr \/>\n<p>&nbsp;<\/p>\n<ul>\n<li>\n<div class=\"highlight-block\">[15 de diciembre, 2025] Se ha publicado en la p\u00e1gina web del ICAC-CERCA la resoluci\u00f3n del director del ICAC por la cual se aprueban las bases de la convocatoria CIN25 para la contrataci\u00f3n de personal investigador predoctoral de 2025 (c\u00f3digo G017.183)<\/div>\n<\/li>\n<\/ul>\n<p style=\"padding-left: 40px;\">Puede consultar la informaci\u00f3n relacionada en la p\u00e1gina <a href=\"https:\/\/icac.cat\/es\/quienes-somos\/trabajar-en-el-icac\/convocatorias-cerradas\/\"><strong>Trabajar en el ICAC\/Convocatorias cerradas<\/strong><\/a><\/p>\n<p>&nbsp;<\/p>\n<hr \/>\n<p>&nbsp;<\/p>\n<ul>\n<li>\n<div class=\"highlight-block\">[7 de octubre, 2025] Se ha publicado en la p\u00e1gina web del ICAC-CERCA la resoluci\u00f3n del director del ICAC sobre la provisi\u00f3n de un puesto de investigador\/a s\u00e9nior especializado\/a en arqueometria (c\u00f3digo G017.136)<\/div>\n<\/li>\n<\/ul>\n<p style=\"padding-left: 40px;\">Puede consultar la informaci\u00f3n relacionada en la p\u00e1gina <a href=\"https:\/\/icac.cat\/es\/quienes-somos\/trabajar-en-el-icac\/convocatorias-cerradas\/\"><strong>Trabajar en el ICAC\/Convocatorias cerradas<\/strong><\/a><\/p>\n<p>&nbsp;<\/p>\n<hr \/>\n<p>&nbsp;<\/p>\n<ul>\n<li>\n<div class=\"highlight-block\">[16 de septiembre, 2025] Se ha publicado en la p\u00e1gina web del ICAC-CERCA la resoluci\u00f3n del director del ICAC sobre la provisi\u00f3n de un puesto de investigador\/a s\u00e9nior especializado\/a en arqueozoologia (c\u00f3digo G017.137)<\/div>\n<\/li>\n<\/ul>\n<p style=\"padding-left: 40px;\">Puede consultar la informaci\u00f3n relacionada en la p\u00e1gina <a href=\"https:\/\/icac.cat\/es\/quienes-somos\/trabajar-en-el-icac\/convocatorias-cerradas\/\"><strong>Trabajar en el ICAC\/Convocatorias cerradas<\/strong><\/a><\/p>\n<p>&nbsp;<\/p>\n<hr \/>\n<p>&nbsp;<\/p>\n<ul>\n<li>\n<div class=\"highlight-block\">[26 de mayo, 2025] Se ha publicado en la p\u00e1gina web del ICAC-CERCA la resoluci\u00f3n del director del ICAC sobre la oferta de un puesto de trabajo de una persona auxiliar administrativa del \u00e1rea de gesti\u00f3n econ\u00f3mica para realizar tareas de soporte al personal investigador durante la etapa de desarrollo e implantaci\u00f3n de la herramienta de gesti\u00f3n ERP (c\u00f3digo G017.180)<\/div>\n<\/li>\n<\/ul>\n<p style=\"padding-left: 40px;\">Puede consultar la informaci\u00f3n relacionada en la p\u00e1gina <a href=\"https:\/\/icac.cat\/es\/quienes-somos\/trabajar-en-el-icac\/convocatorias-cerradas\/\"><strong>Trabajar en el ICAC\/Convocatorias cerradas<\/strong><\/a><\/p>\n<p>&nbsp;<\/p>\n<hr \/>\n<p>&nbsp;<\/p>\n<ul>\n<li>\n<div class=\"highlight-block\">[21 de enero, 2025] Se ha publicado en la p\u00e1gina web del ICAC-CERCA la resoluci\u00f3n del director del ICAC sobre la oferta de trabajo para cubrir un puesto de trabajo de apoyo t\u00e9cnico polivalente en las \u00e1reas de gerencia y direcci\u00f3n, para las actividades vinculadas al apoyo de la gesti\u00f3n de investigaci\u00f3n del ICAC (c\u00f3digo G017.176)<\/div>\n<\/li>\n<\/ul>\n<p style=\"padding-left: 40px;\">Puede consultar la informaci\u00f3n relacionada en la p\u00e1gina <a href=\"https:\/\/icac.cat\/es\/quienes-somos\/trabajar-en-el-icac\/convocatorias-cerradas\/\"><strong>Trabajar en el ICAC\/Convocatorias cerradas<\/strong><\/a><\/p>\n<p>&nbsp;<\/p>\n<hr \/>\n<p>&nbsp;<\/p>\n<ul>\n<li>\n<div class=\"highlight-block\">[10 de enero, 2025] Se ha publicado en la p\u00e1gina web del ICAC-CERCA la resoluci\u00f3n del director del ICAC sobre la contrataci\u00f3n de un\/a investigador\/a postdoctoral en el marco del proyecto de investigaci\u00f3n \u201cAmphorae ex Hispania 3 (AExH3): el comercio de \u00e1nforas hispanas en \u00e9poca romana en el Mediterr\u00e1neo. Crono-tipolog\u00eda anf\u00f3rica, y relaci\u00f3n entre producci\u00f3n y difusi\u00f3n (PID2022-138200NB-I00)\u201d (c\u00f3digo G017.174)<\/div>\n<\/li>\n<\/ul>\n<p>https<\/p>\n<p style=\"padding-left: 40px;\">Puede consultar la informaci\u00f3n relacionada en la p\u00e1gina <a href=\"https:\/\/icac.cat\/es\/quienes-somos\/trabajar-en-el-icac\/convocatorias-cerradas\/\"><strong>Trabajar en el ICAC\/Convocatorias cerradas<\/strong><\/a><\/p>\n<p>&nbsp;<\/p>\n<hr \/>\n<p>&nbsp;<\/p>\n<ul>\n<li>Consulta aqu\u00ed el <a href=\"https:\/\/icac.cat\/wp-content\/uploads\/2024\/10\/Prioritzacio-FI-2025_ICAC.pdf\" target=\"_blank\" rel=\"noopener\">Sistema y criterios de priorizaci\u00f3n de las solicitudes de las ayudas Joan Or\u00f3 para la contrataci\u00f3n de personal investigador predoctoral en formaci\u00f3n (FI) para el a\u00f1o 2025<\/a>\u00a0del ICAC (en catal\u00e1n).<\/li>\n<\/ul>\n<p>&nbsp;<\/p>\n<hr \/>\n<p>&nbsp;<\/p>\n","protected":false},"excerpt":{"rendered":"<p>[16 de marzo, 2026] Se ha publicado en la p\u00e1gina web del ICAC-CERCA la resoluci\u00f3n del director del ICAC la aprobaci\u00f3n de la oferta de un puesto de trabajo de una persona investigadora predoctoral en formaci\u00f3n en el \u00e1mbito del paleomabiente, en el marco de las actividades vinculadas al Grupo de Investigaci\u00f3n en Arqueolog\u00eda del [&hellip;]<\/p>\n","protected":false},"author":160,"featured_media":0,"parent":21370,"menu_order":0,"comment_status":"closed","ping_status":"closed","template":"","meta":{"_genesis_hide_title":false,"_genesis_hide_breadcrumbs":false,"_genesis_hide_singular_image":false,"_genesis_hide_footer_widgets":false,"_genesis_custom_body_class":"","_genesis_custom_post_class":"","_genesis_layout":""},"_links":{"self":[{"href":"https:\/\/icac.cat\/es\/wp-json\/wp\/v2\/pages\/56278"}],"collection":[{"href":"https:\/\/icac.cat\/es\/wp-json\/wp\/v2\/pages"}],"about":[{"href":"https:\/\/icac.cat\/es\/wp-json\/wp\/v2\/types\/page"}],"author":[{"embeddable":true,"href":"https:\/\/icac.cat\/es\/wp-json\/wp\/v2\/users\/160"}],"replies":[{"embeddable":true,"href":"https:\/\/icac.cat\/es\/wp-json\/wp\/v2\/comments?post=56278"}],"version-history":[{"count":6,"href":"https:\/\/icac.cat\/es\/wp-json\/wp\/v2\/pages\/56278\/revisions"}],"predecessor-version":[{"id":106350,"href":"https:\/\/icac.cat\/es\/wp-json\/wp\/v2\/pages\/56278\/revisions\/106350"}],"up":[{"embeddable":true,"href":"https:\/\/icac.cat\/es\/wp-json\/wp\/v2\/pages\/21370"}],"wp:attachment":[{"href":"https:\/\/icac.cat\/es\/wp-json\/wp\/v2\/media?parent=56278"}],"curies":[{"name":"wp","href":"https:\/\/api.w.org\/{rel}","templated":true}]}}