{"id":74647,"date":"2022-01-27T15:23:42","date_gmt":"2022-01-27T14:23:42","guid":{"rendered":"https:\/\/icac.cat\/?page_id=74647"},"modified":"2026-03-27T10:33:57","modified_gmt":"2026-03-27T09:33:57","slug":"convocatorias-abiertas","status":"publish","type":"page","link":"https:\/\/icac.cat\/es\/quienes-somos\/trabajar-en-el-icac\/convocatorias-abiertas\/","title":{"rendered":"Convocatorias abiertas"},"content":{"rendered":"<div class=\"highlight-block\"><b><span data-contrast=\"auto\">Convocatoria para la provisi\u00f3n de un puesto de trabajo de un\/a persona investigador\/a predoctoral en formaci\u00f3n en el \u00e1mbito del paleoambiente, en el marc del Grupo de Investigaci\u00f3n en Arqueolog\u00eda del Paisaje (codi G017.192)<\/span><\/b><\/div>\n<p>\u21d2 El plazo de presentaci\u00f3n de solicitudes finaliza el 15 de abril de 2026 a las 23.59 h h.<\/p>\n<p><strong>Documentaci\u00f3 relacionada:<\/strong><\/p>\n<ul>\n<li><a href=\"https:\/\/icac.cat\/wp-content\/uploads\/2026\/03\/03.-G017.192.-Res.dir_.PID24-paleoamb.pdf\">Resoluci\u00f3n del director del Institut Catal\u00e0 d\u2019Arqueologia Cl\u00e0ssica (ICAC) sobre la aprobaci\u00f3n de la oferta de un puesto de trabajo de una persona investigadora predoctoral en formaci\u00f3n en el \u00e1mbito del paleoambiente, en el marco del Grupo de Investigaci\u00f3n en Arqueolog\u00eda del Paisaje (codi G017.192)<\/a> (Documento firmado electr\u00f3nicamente el 16 de marzo de 2026)<\/li>\n<\/ul>\n<ul type=\"disc\">\n<li data-olk-copy-source=\"MessageBody\"><a href=\"https:\/\/icac.cat\/wp-content\/uploads\/2026\/03\/04.-G017.192-OTT-PID24-paleoamb_def.pdf\">Bases de la convocatoria (codi 017.192)<\/a> (Documento firmado electr\u00f3nicamente el 16 de marzo de 2026)<\/li>\n<li><a href=\"https:\/\/icac.cat\/wp-content\/uploads\/2026\/03\/04.-DECLARACION-RESPONSABLE-DE-CONTRATOS-PREDOCTORALES-1.docx\"><span data-olk-copy-source=\"MessageBody\">Declaraci\u00f3n responsable<\/span><\/a><\/li>\n<li><a href=\"https:\/\/icac.cat\/wp-content\/uploads\/2026\/03\/04.-CVA_English_predoc.docx\">Plantilla CVA<\/a><\/li>\n<\/ul>\n<p>&nbsp;<\/p>\n<hr \/>\n<div class=\"highlight-block\"><b><span data-contrast=\"auto\">Convocatoria para la provisi\u00f3n de un puesto de trabajo de un\/a persona investigador\/a predoctoral en formaci\u00f3n en el \u00e1mbito de los an\u00e1lisis de residuos org\u00e1nicos, en el marco de las actividades vinculadas al Grupo de Investigaci\u00f3n en Arqueolog\u00eda del Paisaje (c\u00f3digo G017.190)<\/span><\/b><\/div>\n<p>\u21d2 El plazo de presentaci\u00f3n de solicitudes finaliza el 1 de abril de 2026 a las 23.59 h.<\/p>\n<p><strong>Documentaci\u00f3n relacionada:<\/strong><\/p>\n<ul>\n<li><a href=\"https:\/\/icac.cat\/wp-content\/uploads\/2026\/03\/05.-Res.-dir.-ampl_PID24.pdf\">Resoluci\u00f3n del director del ICAC sobre la ampliaci\u00f3n del plazo para presentar solicitudes a la oferta de trabajo para cubrir un puesto de investigador\/a predoctoral en formaci\u00f3n<\/a> (Documento firmado electr\u00f3nicamente el 23 de marzo de 2026)<\/li>\n<\/ul>\n<ul>\n<li><a href=\"https:\/\/icac.cat\/wp-content\/uploads\/2026\/03\/03.-G017.190.-Res.dir_.PID24-arqzoo.pdf\">Resoluci\u00f3n del director del Institut Catal\u00e0 d\u2019Arqueologia Cl\u00e0ssica (ICAC) sobre la aprobaci\u00f3n de la oferta de un puesto de trabajo de una persona investigadora predoctoral en formaci\u00f3n en el \u00e1mbito de los an\u00e1lisis de residuos org\u00e1nicos, en el marco de las actividades vinculadas al Grupo de Investigaci\u00f3n en Arqueolog\u00eda del Paisaje (c\u00f3digo G017.190)<\/a> (Documento firmado electr\u00f3nicamente el 11 de marzo de 2026)<\/li>\n<\/ul>\n<ul type=\"disc\">\n<li data-olk-copy-source=\"MessageBody\"><a href=\"https:\/\/icac.cat\/wp-content\/uploads\/2026\/03\/G017.190-OTT-PID24-arqzoo.pdf\">Bases de la convocatoria (c\u00f3digo 017.190)<\/a> (Documento firmado electr\u00f3nicamente el 11 de marzo de 2026)<\/li>\n<li><a href=\"https:\/\/icac.cat\/wp-content\/uploads\/2026\/03\/04.-DECLARACION-RESPONSABLE-DE-CONTRATOS-PREDOCTORALES.docx\"><span data-olk-copy-source=\"MessageBody\">Declaraci\u00f3n responsable<\/span><\/a><\/li>\n<li><a href=\"https:\/\/icac.cat\/wp-content\/uploads\/2026\/02\/04.-Annex-1.-Impres-de-sollicitud.pdf\">Plantilla CVA<\/a><\/li>\n<\/ul>\n<p>&nbsp;<\/p>\n<hr \/>\n<div class=\"highlight-block\">\n<p><b><span data-contrast=\"auto\">Convocatoria para la provisi\u00f3n de un puesto de trabajo fijo de t\u00e9cnico\/a de comunicaci\u00f3n y publicaciones (c\u00f3digo 017.191)<\/span><\/b><\/p>\n<\/div>\n<p>\u21d2 El plazo de presentaci\u00f3n de solicitudes finaliza el 11 de marzo de 2026 a las 23.59 h.<\/p>\n<p><strong>Documentaci\u00f3n relacionada:<\/strong><\/p>\n<p>&nbsp;<\/p>\n<ul>\n<li><a class=\"icona-pdf\" href=\"https:\/\/icac.cat\/wp-content\/uploads\/2026\/03\/05.-G017.191.-Rel.-Prov.-adm-i-excl.pdf\">Relaci\u00f3n provisional de solicitudes admitidas y exclu\u00eddas (codi 017.191)<\/a> (Documento firmado electr\u00f3nicamente a 26 de marzo de 2026)<\/li>\n<li><a class=\"icona-pdf\" href=\"https:\/\/icac.cat\/wp-content\/uploads\/2026\/02\/01.-Anunci_DOGC.pdf\" target=\"_blank\" rel=\"noopener\">Anuncio de la convocatoria (DOGC)<\/a><\/li>\n<li><a class=\"icona-pdf\" href=\"https:\/\/icac.cat\/wp-content\/uploads\/2026\/02\/04.-G017.191.-BasesTCIP.pdf\">Bases de la convocatoria (c\u00f3digo G017.191)<\/a> (Documento firmado manualmente el 13 de febrero de 2026)<\/li>\n<li><a class=\"icona-pdf\" href=\"https:\/\/icac.cat\/wp-content\/uploads\/2026\/02\/03.-017.191-Res.-convocatoria-T-com.pdf\">Resoluci\u00f3n del director del Institut Catal\u00e0 d\u2019Arqueologia Cl\u00e0ssica (ICAC) por la cual se aprueban las bases de la convocatoria para la provisi\u00f3n de un puesto de trabajo fijo de t\u00e9cnico\/a de comunicaci\u00f3n y publicaciones (c\u00f3digo G017.191)<\/a>\u00a0<em>(Documento firmado manualmente el 13 de febrero de 2026)<\/em><\/li>\n<li><a class=\"icona-pdf\" href=\"https:\/\/icac.cat\/wp-content\/uploads\/2026\/02\/04.-Annex-1.-Impres-de-sollicitud.pdf\">Anexo I.\u00a0<\/a><\/li>\n<\/ul>\n<p>&nbsp;<\/p>\n","protected":false},"excerpt":{"rendered":"<p>Convocatoria para la provisi\u00f3n de un puesto de trabajo de un\/a persona investigador\/a predoctoral en formaci\u00f3n en el \u00e1mbito del paleoambiente, en el marc del Grupo de Investigaci\u00f3n en Arqueolog\u00eda del Paisaje (codi G017.192) \u21d2 El plazo de presentaci\u00f3n de solicitudes finaliza el 15 de abril de 2026 a las 23.59 h h. Documentaci\u00f3 relacionada: [&hellip;]<\/p>\n","protected":false},"author":160,"featured_media":0,"parent":21370,"menu_order":2,"comment_status":"closed","ping_status":"closed","template":"","meta":{"_genesis_hide_title":false,"_genesis_hide_breadcrumbs":false,"_genesis_hide_singular_image":false,"_genesis_hide_footer_widgets":false,"_genesis_custom_body_class":"","_genesis_custom_post_class":"","_genesis_layout":""},"_links":{"self":[{"href":"https:\/\/icac.cat\/es\/wp-json\/wp\/v2\/pages\/74647"}],"collection":[{"href":"https:\/\/icac.cat\/es\/wp-json\/wp\/v2\/pages"}],"about":[{"href":"https:\/\/icac.cat\/es\/wp-json\/wp\/v2\/types\/page"}],"author":[{"embeddable":true,"href":"https:\/\/icac.cat\/es\/wp-json\/wp\/v2\/users\/160"}],"replies":[{"embeddable":true,"href":"https:\/\/icac.cat\/es\/wp-json\/wp\/v2\/comments?post=74647"}],"version-history":[{"count":6,"href":"https:\/\/icac.cat\/es\/wp-json\/wp\/v2\/pages\/74647\/revisions"}],"predecessor-version":[{"id":106512,"href":"https:\/\/icac.cat\/es\/wp-json\/wp\/v2\/pages\/74647\/revisions\/106512"}],"up":[{"embeddable":true,"href":"https:\/\/icac.cat\/es\/wp-json\/wp\/v2\/pages\/21370"}],"wp:attachment":[{"href":"https:\/\/icac.cat\/es\/wp-json\/wp\/v2\/media?parent=74647"}],"curies":[{"name":"wp","href":"https:\/\/api.w.org\/{rel}","templated":true}]}}